{"id":2835,"date":"2025-09-12T07:45:24","date_gmt":"2025-09-12T07:45:24","guid":{"rendered":"https:\/\/am-printing.com\/?post_type=product&#038;p=2835"},"modified":"2025-09-12T07:45:25","modified_gmt":"2025-09-12T07:45:25","slug":"pure-copper-powder","status":"publish","type":"product","link":"https:\/\/am-printing.com\/de\/pure-copper-powder\/","title":{"rendered":"Reines Kupferpulver"},"content":{"rendered":"<h1>Reines Kupferpulver<\/h1>\n<p>Reines Kupferpulver ist ein feines, typischerweise r\u00f6tlich-braunes Metallpulver, das aufgrund seiner ausgezeichneten elektrischen und thermischen Leitf\u00e4higkeit, hohen Duktilit\u00e4t und Korrosionsbest\u00e4ndigkeit in der Elektronik, im W\u00e4rmemanagement und in verschiedenen industriellen Anwendungen eingesetzt wird. Es wird durch Verfahren wie Gaszerst\u00e4ubung, Wasserzerst\u00e4ubung, PREP-Methode und auch elektrolytische Verfahren hergestellt.<\/p>\n<p>Reines Kupferpulver besteht in erster Linie aus Kupfer (Kupfergehalt mindestens 99,3%) und enth\u00e4lt keine nennenswerten Mengen an anderen Elementen wie Blei, Arsen oder Wismut.<\/p>\n<p>In der additiven Fertigung ist reines Kupfer oder Metallpulver auf Kupferbasis wie CuSn10 f\u00fcr die additive Fertigung mit Laser-\/Elektronenstrahl (SLM\/EBM) unverzichtbar. Dieses Verfahren erm\u00f6glicht die komplizierte Konstruktion und Herstellung von Bauteilen f\u00fcr die Luft- und Raumfahrt.<\/p>\n<h3>Reines Kupferpulver-<span style=\"color: #800000;\"><strong>Chemische Zusammensetzung (wt%):<\/strong><\/span><\/h3>\n<p>(<strong>\u00a0Gaszerst\u00e4ubungsverfahren:<\/strong>)<\/p>\n<p><img fetchpriority=\"high\" decoding=\"async\" class=\"alignnone size-full wp-image-2836\" src=\"https:\/\/am-printing.com\/wp-content\/uploads\/2025\/09\/Pure-Cu-powder-chins-supplier.png\" alt=\"Reines Cu-Pulver Kinn Lieferant\" width=\"863\" height=\"356\" srcset=\"https:\/\/am-printing.com\/wp-content\/uploads\/2025\/09\/Pure-Cu-powder-chins-supplier.png 863w, https:\/\/am-printing.com\/wp-content\/uploads\/2025\/09\/Pure-Cu-powder-chins-supplier-300x124.png 300w, https:\/\/am-printing.com\/wp-content\/uploads\/2025\/09\/Pure-Cu-powder-chins-supplier-768x317.png 768w, https:\/\/am-printing.com\/wp-content\/uploads\/2025\/09\/Pure-Cu-powder-chins-supplier-18x7.png 18w, https:\/\/am-printing.com\/wp-content\/uploads\/2025\/09\/Pure-Cu-powder-chins-supplier-600x248.png 600w\" sizes=\"(max-width: 863px) 100vw, 863px\" \/><\/p>\n<p><strong>( Elektrolytisches Verfahren:)<\/strong><\/p>\n<p><img decoding=\"async\" class=\"alignnone size-full wp-image-2837\" src=\"https:\/\/am-printing.com\/wp-content\/uploads\/2025\/09\/Pure-Cu-powder-chemical-composition.png\" alt=\"Chemische Zusammensetzung von reinem Cu-Pulver\" width=\"863\" height=\"303\" srcset=\"https:\/\/am-printing.com\/wp-content\/uploads\/2025\/09\/Pure-Cu-powder-chemical-composition.png 863w, https:\/\/am-printing.com\/wp-content\/uploads\/2025\/09\/Pure-Cu-powder-chemical-composition-300x105.png 300w, https:\/\/am-printing.com\/wp-content\/uploads\/2025\/09\/Pure-Cu-powder-chemical-composition-768x270.png 768w, https:\/\/am-printing.com\/wp-content\/uploads\/2025\/09\/Pure-Cu-powder-chemical-composition-18x6.png 18w, https:\/\/am-printing.com\/wp-content\/uploads\/2025\/09\/Pure-Cu-powder-chemical-composition-600x211.png 600w\" sizes=\"(max-width: 863px) 100vw, 863px\" \/><\/p>\n<h3>Reines Kupferpulver-<span style=\"color: #800000;\"><strong>Morphologie:<\/strong><\/span><\/h3>\n<p>(<strong>\u00a0Gaszerst\u00e4ubungsverfahren:<\/strong>)<\/p>\n<p><img decoding=\"async\" class=\"alignnone size-full wp-image-2839\" src=\"https:\/\/am-printing.com\/wp-content\/uploads\/2025\/09\/Pure-Cu-powder.png\" alt=\"Reines Cu-Pulver\" width=\"630\" height=\"472\" srcset=\"https:\/\/am-printing.com\/wp-content\/uploads\/2025\/09\/Pure-Cu-powder.png 630w, https:\/\/am-printing.com\/wp-content\/uploads\/2025\/09\/Pure-Cu-powder-300x225.png 300w, https:\/\/am-printing.com\/wp-content\/uploads\/2025\/09\/Pure-Cu-powder-16x12.png 16w, https:\/\/am-printing.com\/wp-content\/uploads\/2025\/09\/Pure-Cu-powder-600x450.png 600w\" sizes=\"(max-width: 630px) 100vw, 630px\" \/><\/p>\n<p><strong>( Elektrolytisches Verfahren:)<\/strong><\/p>\n<p><img loading=\"lazy\" decoding=\"async\" class=\"alignnone size-full wp-image-2838\" src=\"https:\/\/am-printing.com\/wp-content\/uploads\/2025\/09\/Pure-Cu-powder-china-supplier-factory-.png\" alt=\"Reines Cu-Pulver china Lieferant Fabrik\" width=\"630\" height=\"416\" srcset=\"https:\/\/am-printing.com\/wp-content\/uploads\/2025\/09\/Pure-Cu-powder-china-supplier-factory-.png 630w, https:\/\/am-printing.com\/wp-content\/uploads\/2025\/09\/Pure-Cu-powder-china-supplier-factory--300x198.png 300w, https:\/\/am-printing.com\/wp-content\/uploads\/2025\/09\/Pure-Cu-powder-china-supplier-factory--18x12.png 18w, https:\/\/am-printing.com\/wp-content\/uploads\/2025\/09\/Pure-Cu-powder-china-supplier-factory--600x396.png 600w\" sizes=\"(max-width: 630px) 100vw, 630px\" \/><\/p>\n<h3>Reines Kupferpulver-<span style=\"color: #800000;\"><strong>Verpacken:<\/strong><\/span><\/h3>\n<p>5kg, 10kg, 25kg oder nach Bedarf; Plastikflasche\/Dose.<\/p>\n<p><img loading=\"lazy\" decoding=\"async\" class=\"alignnone  wp-image-2818\" src=\"https:\/\/am-printing.com\/wp-content\/uploads\/2025\/09\/\u5305\u88c5\u74f6.png\" alt=\"CuAl10-Pulververpackung\" width=\"313\" height=\"415\" srcset=\"https:\/\/am-printing.com\/wp-content\/uploads\/2025\/09\/\u5305\u88c5\u74f6.png 434w, https:\/\/am-printing.com\/wp-content\/uploads\/2025\/09\/\u5305\u88c5\u74f6-226x300.png 226w, https:\/\/am-printing.com\/wp-content\/uploads\/2025\/09\/\u5305\u88c5\u74f6-9x12.png 9w\" sizes=\"(max-width: 313px) 100vw, 313px\" \/> <img loading=\"lazy\" decoding=\"async\" class=\"alignnone size-full wp-image-2834\" src=\"https:\/\/am-printing.com\/wp-content\/uploads\/2025\/09\/CuSn10-powder-china-manufacturer-packing.png\" alt=\"CuSn10 Pulver China Hersteller Verpackung\" width=\"310\" height=\"413\" srcset=\"https:\/\/am-printing.com\/wp-content\/uploads\/2025\/09\/CuSn10-powder-china-manufacturer-packing.png 310w, https:\/\/am-printing.com\/wp-content\/uploads\/2025\/09\/CuSn10-powder-china-manufacturer-packing-225x300.png 225w, https:\/\/am-printing.com\/wp-content\/uploads\/2025\/09\/CuSn10-powder-china-manufacturer-packing-9x12.png 9w\" sizes=\"(max-width: 310px) 100vw, 310px\" \/><\/p>\n<p>&nbsp;<\/p>\n<p>&nbsp;<\/p>\n<p>&nbsp;<\/p>\n<p>&nbsp;<\/p>\n<p>&nbsp;<\/p>","protected":false},"excerpt":{"rendered":"<p>Reines Kupferpulver ist ein feines, typischerweise r\u00f6tlich-braunes Metallpulver, das aufgrund seiner ausgezeichneten elektrischen und thermischen Leitf\u00e4higkeit, hohen Duktilit\u00e4t und Korrosionsbest\u00e4ndigkeit in der Elektronik, im W\u00e4rmemanagement und in verschiedenen industriellen Anwendungen eingesetzt wird. Es wird durch Verfahren wie Gaszerst\u00e4ubung, Wasserzerst\u00e4ubung, PREP-Methode und auch elektrolytische Verfahren hergestellt.<\/p>","protected":false},"featured_media":2839,"comment_status":"closed","ping_status":"closed","template":"","meta":[],"product_brand":[],"product_cat":[98],"product_tag":[],"class_list":{"0":"post-2835","1":"product","2":"type-product","3":"status-publish","4":"has-post-thumbnail","6":"product_cat-copper-based-alloy-powder-2","8":"first","9":"instock","10":"shipping-taxable","11":"product-type-simple"},"_links":{"self":[{"href":"https:\/\/am-printing.com\/de\/wp-json\/wp\/v2\/product\/2835","targetHints":{"allow":["GET"]}}],"collection":[{"href":"https:\/\/am-printing.com\/de\/wp-json\/wp\/v2\/product"}],"about":[{"href":"https:\/\/am-printing.com\/de\/wp-json\/wp\/v2\/types\/product"}],"replies":[{"embeddable":true,"href":"https:\/\/am-printing.com\/de\/wp-json\/wp\/v2\/comments?post=2835"}],"wp:featuredmedia":[{"embeddable":true,"href":"https:\/\/am-printing.com\/de\/wp-json\/wp\/v2\/media\/2839"}],"wp:attachment":[{"href":"https:\/\/am-printing.com\/de\/wp-json\/wp\/v2\/media?parent=2835"}],"wp:term":[{"taxonomy":"product_brand","embeddable":true,"href":"https:\/\/am-printing.com\/de\/wp-json\/wp\/v2\/product_brand?post=2835"},{"taxonomy":"product_cat","embeddable":true,"href":"https:\/\/am-printing.com\/de\/wp-json\/wp\/v2\/product_cat?post=2835"},{"taxonomy":"product_tag","embeddable":true,"href":"https:\/\/am-printing.com\/de\/wp-json\/wp\/v2\/product_tag?post=2835"}],"curies":[{"name":"wp","href":"https:\/\/api.w.org\/{rel}","templated":true}]}}