{"id":2844,"date":"2025-09-12T08:32:52","date_gmt":"2025-09-12T08:32:52","guid":{"rendered":"https:\/\/am-printing.com\/?post_type=product&#038;p=2844"},"modified":"2025-09-12T08:32:52","modified_gmt":"2025-09-12T08:32:52","slug":"cusn12ni2-powder-copper-based-metal-powder","status":"publish","type":"product","link":"https:\/\/am-printing.com\/de\/cusn12ni2-powder-copper-based-metal-powder\/","title":{"rendered":"CuSn12Ni2-Pulver Metallpulver auf Kupferbasis"},"content":{"rendered":"<h1>CuSn12Ni2-Pulver Metallpulver auf Kupferbasis<\/h1>\n<p>CuSn12Ni2 powder is a\u00a0copper-tin-nickel alloy powder, known for its high hardness, excellent ductility, wear resistance, and ability to withstand high loads and impacts.\u00a0This spherical powder is used in additive manufacturing and other applications like laser cladding to create durable, high-performance materials with good mechanical properties, corrosion resistance, and thermal conductivity for components in marine pumps, valves, bearings, and other heavy-duty parts.<\/p>\n<h3><strong>CuSn12Ni2 powder &#8211; <span style=\"color: #800000;\">Chemische Zusammensetzung (wt%):<\/span><\/strong><\/h3>\n<p><img fetchpriority=\"high\" decoding=\"async\" class=\"alignnone size-full wp-image-2845\" src=\"https:\/\/am-printing.com\/wp-content\/uploads\/2025\/09\/CuSn12Ni2-powder-China-supplier-.png\" alt=\"CuSn12Ni2 powder China supplier\" width=\"864\" height=\"267\" srcset=\"https:\/\/am-printing.com\/wp-content\/uploads\/2025\/09\/CuSn12Ni2-powder-China-supplier-.png 864w, https:\/\/am-printing.com\/wp-content\/uploads\/2025\/09\/CuSn12Ni2-powder-China-supplier--300x93.png 300w, https:\/\/am-printing.com\/wp-content\/uploads\/2025\/09\/CuSn12Ni2-powder-China-supplier--768x237.png 768w, https:\/\/am-printing.com\/wp-content\/uploads\/2025\/09\/CuSn12Ni2-powder-China-supplier--18x6.png 18w, https:\/\/am-printing.com\/wp-content\/uploads\/2025\/09\/CuSn12Ni2-powder-China-supplier--600x185.png 600w\" sizes=\"(max-width: 864px) 100vw, 864px\" \/><\/p>\n<p>&nbsp;<\/p>\n<h3><strong>CuSn12Ni2 powder &#8211;\u00a0<\/strong><span style=\"color: #800000;\"><strong>Morphologie:<\/strong><\/span><\/h3>\n<p><img decoding=\"async\" class=\"alignnone size-full wp-image-2847\" src=\"https:\/\/am-printing.com\/wp-content\/uploads\/2025\/09\/CuSn12Ni2-powder.png\" alt=\"CuSn12Ni2-Pulver\" width=\"401\" height=\"301\" srcset=\"https:\/\/am-printing.com\/wp-content\/uploads\/2025\/09\/CuSn12Ni2-powder.png 401w, https:\/\/am-printing.com\/wp-content\/uploads\/2025\/09\/CuSn12Ni2-powder-300x225.png 300w, https:\/\/am-printing.com\/wp-content\/uploads\/2025\/09\/CuSn12Ni2-powder-16x12.png 16w\" sizes=\"(max-width: 401px) 100vw, 401px\" \/><\/p>\n<p>&nbsp;<\/p>\n<h3><strong>CuSn12Ni2 powder &#8211; <\/strong><span style=\"color: #800000;\"><strong>Partikelgr\u00f6\u00dfe:<\/strong><\/span><\/h3>\n<p>\u00dcbliche Partikelgr\u00f6\u00dfen sind: 0-25um, 15-53um, 45-105um, 53-150um.<\/p>\n<p>&nbsp;<\/p>\n<h3><strong>CuSn12Ni2 powder &#8211; <\/strong><span style=\"color: #800000;\"><strong>Eigenschaften:<\/strong><\/span><\/h3>\n<p><img decoding=\"async\" class=\"alignnone size-full wp-image-2846\" src=\"https:\/\/am-printing.com\/wp-content\/uploads\/2025\/09\/CuSn12Ni2-powder-copper-alloy-powder-China-supplier-.png\" alt=\"CuSn12Ni2 powder copper alloy powder China supplier\" width=\"748\" height=\"209\" srcset=\"https:\/\/am-printing.com\/wp-content\/uploads\/2025\/09\/CuSn12Ni2-powder-copper-alloy-powder-China-supplier-.png 748w, https:\/\/am-printing.com\/wp-content\/uploads\/2025\/09\/CuSn12Ni2-powder-copper-alloy-powder-China-supplier--300x84.png 300w, https:\/\/am-printing.com\/wp-content\/uploads\/2025\/09\/CuSn12Ni2-powder-copper-alloy-powder-China-supplier--18x5.png 18w, https:\/\/am-printing.com\/wp-content\/uploads\/2025\/09\/CuSn12Ni2-powder-copper-alloy-powder-China-supplier--600x168.png 600w\" sizes=\"(max-width: 748px) 100vw, 748px\" \/><\/p>\n<p>&nbsp;<\/p>\n<h3><strong>CuSn12Ni2 powder &#8211; <\/strong><span style=\"color: #800000;\"><strong>Verpacken:<\/strong><\/span><\/h3>\n<p>5kg, 10kg, 25kg oder nach Bedarf; Plastikflasche\/Dose.<\/p>\n<p><img loading=\"lazy\" decoding=\"async\" class=\"alignnone  wp-image-2818\" src=\"https:\/\/am-printing.com\/wp-content\/uploads\/2025\/09\/\u5305\u88c5\u74f6.png\" alt=\"Kupferlegierungspulver-Packung\" width=\"359\" height=\"476\" srcset=\"https:\/\/am-printing.com\/wp-content\/uploads\/2025\/09\/\u5305\u88c5\u74f6.png 434w, https:\/\/am-printing.com\/wp-content\/uploads\/2025\/09\/\u5305\u88c5\u74f6-226x300.png 226w, https:\/\/am-printing.com\/wp-content\/uploads\/2025\/09\/\u5305\u88c5\u74f6-9x12.png 9w\" sizes=\"(max-width: 359px) 100vw, 359px\" \/><\/p>\n<p>&nbsp;<\/p>","protected":false},"excerpt":{"rendered":"<p>CuSn12Ni2 powder Copper Based Metal Powder,CuSn12Ni2 powder is a\u00a0copper-tin-nickel alloy powder, known for its high hardness, excellent ductility, wear resistance, and ability to withstand high loads and impacts.\u00a0This spherical powder is used in additive manufacturing and other applications like laser cladding to create durable, high-performance materials with good mechanical properties, corrosion resistance, and thermal conductivity for components in marine pumps, valves, bearings, and other heavy-duty parts.<\/p>","protected":false},"featured_media":2847,"comment_status":"closed","ping_status":"closed","template":"","meta":[],"product_brand":[],"product_cat":[98],"product_tag":[],"class_list":{"0":"post-2844","1":"product","2":"type-product","3":"status-publish","4":"has-post-thumbnail","6":"product_cat-copper-based-alloy-powder-2","8":"first","9":"instock","10":"shipping-taxable","11":"product-type-simple"},"_links":{"self":[{"href":"https:\/\/am-printing.com\/de\/wp-json\/wp\/v2\/product\/2844","targetHints":{"allow":["GET"]}}],"collection":[{"href":"https:\/\/am-printing.com\/de\/wp-json\/wp\/v2\/product"}],"about":[{"href":"https:\/\/am-printing.com\/de\/wp-json\/wp\/v2\/types\/product"}],"replies":[{"embeddable":true,"href":"https:\/\/am-printing.com\/de\/wp-json\/wp\/v2\/comments?post=2844"}],"wp:featuredmedia":[{"embeddable":true,"href":"https:\/\/am-printing.com\/de\/wp-json\/wp\/v2\/media\/2847"}],"wp:attachment":[{"href":"https:\/\/am-printing.com\/de\/wp-json\/wp\/v2\/media?parent=2844"}],"wp:term":[{"taxonomy":"product_brand","embeddable":true,"href":"https:\/\/am-printing.com\/de\/wp-json\/wp\/v2\/product_brand?post=2844"},{"taxonomy":"product_cat","embeddable":true,"href":"https:\/\/am-printing.com\/de\/wp-json\/wp\/v2\/product_cat?post=2844"},{"taxonomy":"product_tag","embeddable":true,"href":"https:\/\/am-printing.com\/de\/wp-json\/wp\/v2\/product_tag?post=2844"}],"curies":[{"name":"wp","href":"https:\/\/api.w.org\/{rel}","templated":true}]}}