{"id":2851,"date":"2025-09-26T05:28:21","date_gmt":"2025-09-26T05:28:21","guid":{"rendered":"https:\/\/am-printing.com\/?post_type=product&#038;p=2851"},"modified":"2025-09-26T05:29:07","modified_gmt":"2025-09-26T05:29:07","slug":"haynes-25-l605-powder","status":"publish","type":"product","link":"https:\/\/am-printing.com\/de\/haynes-25-l605-powder\/","title":{"rendered":"Haynes 25 (L605) Pulver"},"content":{"rendered":"<h1>Haynes 25 (L605) Pulver<\/h1>\n<p><strong>Haynes 25 Legierung, <\/strong>auch bekannt als Udimet Alloy L605, deutscher Werkstoff W.Nr. 2.4964, UNS R30605, ist ein <strong>Kobalt-Nickel-Chrom-Wolfram<\/strong> Legierung mit hervorragender Hochtemperaturfestigkeit und guter Best\u00e4ndigkeit gegen oxidierende Umgebungen bis zu 980\u00b0C (1800\u00b0F) sowie ausgezeichneter Best\u00e4ndigkeit gegen Sulfidierung.<\/p>\n<p><strong>Haynes 25 Legierung<\/strong> eignet sich f\u00fcr Anwendungen in der Luft- und Raumfahrtindustrie und f\u00fcr kommerzielle Gasturbinenmotoren. In modernen Triebwerken wurde es jedoch weitgehend durch neuere Werkstoffe ersetzt, wie z. B. <strong>Haynes 188<\/strong> Legierung und, in j\u00fcngster Zeit, durch <strong>Haynes 230<\/strong>\u00a0Legierung, die verbesserte Eigenschaften aufweist.<\/p>\n<p><strong>Truer Haynes 25 Legierung<\/strong><strong> p<\/strong><strong>owder<\/strong> wurde durch unser Gaszerst\u00e4ubungsverfahren und PREP-Verfahren mit ausgezeichneter Sph\u00e4rizit\u00e4t und weniger Satelliten- und Hohlpulvern hergestellt.<\/p>\n<p>&nbsp;<\/p>\n<h3>Haynes 25 (L605) Puder-<strong>Chemische Zusammensetzung:<\/strong><\/h3>\n<p><img fetchpriority=\"high\" decoding=\"async\" class=\"alignnone size-full wp-image-2852\" src=\"https:\/\/am-printing.com\/wp-content\/uploads\/2025\/09\/Haynes-25-alloy-powder.png\" alt=\"Haynes 25 Legierungspulver\" width=\"864\" height=\"482\" srcset=\"https:\/\/am-printing.com\/wp-content\/uploads\/2025\/09\/Haynes-25-alloy-powder.png 864w, https:\/\/am-printing.com\/wp-content\/uploads\/2025\/09\/Haynes-25-alloy-powder-300x167.png 300w, https:\/\/am-printing.com\/wp-content\/uploads\/2025\/09\/Haynes-25-alloy-powder-768x428.png 768w, https:\/\/am-printing.com\/wp-content\/uploads\/2025\/09\/Haynes-25-alloy-powder-18x10.png 18w, https:\/\/am-printing.com\/wp-content\/uploads\/2025\/09\/Haynes-25-alloy-powder-600x335.png 600w\" sizes=\"(max-width: 864px) 100vw, 864px\" \/><\/p>\n<h3><\/h3>\n<h3>Haynes 25 (L605) Puder-<strong>Morphologie des Pulvers:<\/strong><\/h3>\n<p><img decoding=\"async\" class=\"alignnone size-full wp-image-2853\" src=\"https:\/\/am-printing.com\/wp-content\/uploads\/2025\/09\/Haynes-25-alloy.png\" alt=\"Haynes 25 Legierung\" width=\"369\" height=\"295\" srcset=\"https:\/\/am-printing.com\/wp-content\/uploads\/2025\/09\/Haynes-25-alloy.png 369w, https:\/\/am-printing.com\/wp-content\/uploads\/2025\/09\/Haynes-25-alloy-300x240.png 300w, https:\/\/am-printing.com\/wp-content\/uploads\/2025\/09\/Haynes-25-alloy-15x12.png 15w\" sizes=\"(max-width: 369px) 100vw, 369px\" \/><\/p>\n<h3>Haynes 25 (L605) Puder-<strong>Kontrollbereich der Partikelgr\u00f6\u00dfe:<\/strong><\/h3>\n<table>\n<tbody>\n<tr>\n<td width=\"93\">PSD<\/td>\n<td width=\"93\">-25um<\/td>\n<td width=\"93\">15-45um<\/td>\n<td width=\"93\">15-53um<\/td>\n<td width=\"93\">45-105um<\/td>\n<td width=\"93\">53-150um<\/td>\n<\/tr>\n<tr>\n<td width=\"93\">D10 (um)<\/td>\n<td width=\"93\">5-12<\/td>\n<td width=\"93\">12-20<\/td>\n<td width=\"93\">15-25<\/td>\n<td width=\"93\">45-55<\/td>\n<td width=\"93\">50-60<\/td>\n<\/tr>\n<tr>\n<td width=\"93\">D50 (um)<\/td>\n<td width=\"93\">12-20<\/td>\n<td width=\"93\">15-35<\/td>\n<td width=\"93\">28-37<\/td>\n<td width=\"93\">65-80<\/td>\n<td width=\"93\">70-95<\/td>\n<\/tr>\n<tr>\n<td width=\"93\">D90 (um)<\/td>\n<td width=\"93\">22-28<\/td>\n<td width=\"93\">40-48<\/td>\n<td width=\"93\">50-57<\/td>\n<td width=\"93\">100-110<\/td>\n<td width=\"93\">130-150<\/td>\n<\/tr>\n<\/tbody>\n<\/table>\n<p><strong>Kundenspezifische Partikelgr\u00f6\u00dfenverteilung auf Anfrage erh\u00e4ltlich.<\/strong><\/p>\n<p><strong>\u00a0<\/strong><\/p>\n<p><strong>Verpackung:<\/strong><\/p>\n<p>TRUER-Pulver sind in 1, 2, 5, 10 und 20 kg verpackt in Kunststoffflaschen erh\u00e4ltlich, die mit Inertgas oder Vakuum gef\u00fcllt sind.<\/p>\n<p>&nbsp;<\/p>\n<p><strong>Dokument:<\/strong><\/p>\n<p>Wir liefern COA (Analysezertifikat, Pr\u00fcfbericht) und MSDS f\u00fcr jede Bestellung.<\/p>\n<p>&nbsp;<\/p>","protected":false},"excerpt":{"rendered":"<p><strong>Haynes 25 Legierung, <\/strong>auch bekannt als Udimet Alloy L605, deutscher Werkstoff W.Nr. 2.4964, UNS R30605, ist ein <strong>Kobalt-Nickel-Chrom-Wolfram<\/strong> Legierung mit hervorragender Hochtemperaturfestigkeit und guter Best\u00e4ndigkeit gegen oxidierende Umgebungen bis zu 980\u00b0C (1800\u00b0F) sowie ausgezeichneter Best\u00e4ndigkeit gegen Sulfidierung.<\/p>","protected":false},"featured_media":2853,"comment_status":"closed","ping_status":"closed","template":"","meta":[],"product_brand":[],"product_cat":[96],"product_tag":[],"class_list":{"0":"post-2851","1":"product","2":"type-product","3":"status-publish","4":"has-post-thumbnail","6":"product_cat-cobalt-based-alloy-powder","8":"first","9":"instock","10":"shipping-taxable","11":"product-type-simple"},"_links":{"self":[{"href":"https:\/\/am-printing.com\/de\/wp-json\/wp\/v2\/product\/2851","targetHints":{"allow":["GET"]}}],"collection":[{"href":"https:\/\/am-printing.com\/de\/wp-json\/wp\/v2\/product"}],"about":[{"href":"https:\/\/am-printing.com\/de\/wp-json\/wp\/v2\/types\/product"}],"replies":[{"embeddable":true,"href":"https:\/\/am-printing.com\/de\/wp-json\/wp\/v2\/comments?post=2851"}],"wp:featuredmedia":[{"embeddable":true,"href":"https:\/\/am-printing.com\/de\/wp-json\/wp\/v2\/media\/2853"}],"wp:attachment":[{"href":"https:\/\/am-printing.com\/de\/wp-json\/wp\/v2\/media?parent=2851"}],"wp:term":[{"taxonomy":"product_brand","embeddable":true,"href":"https:\/\/am-printing.com\/de\/wp-json\/wp\/v2\/product_brand?post=2851"},{"taxonomy":"product_cat","embeddable":true,"href":"https:\/\/am-printing.com\/de\/wp-json\/wp\/v2\/product_cat?post=2851"},{"taxonomy":"product_tag","embeddable":true,"href":"https:\/\/am-printing.com\/de\/wp-json\/wp\/v2\/product_tag?post=2851"}],"curies":[{"name":"wp","href":"https:\/\/api.w.org\/{rel}","templated":true}]}}