{"id":2854,"date":"2025-09-26T05:45:35","date_gmt":"2025-09-26T05:45:35","guid":{"rendered":"https:\/\/am-printing.com\/?post_type=product&#038;p=2854"},"modified":"2025-09-26T05:45:35","modified_gmt":"2025-09-26T05:45:35","slug":"haynes-188-powder","status":"publish","type":"product","link":"https:\/\/am-printing.com\/de\/haynes-188-powder\/","title":{"rendered":"Haynes 188 Pulver"},"content":{"rendered":"<h1><strong>Haynes 188 Pulver<\/strong><\/h1>\n<p><strong>Haynes 188<\/strong>\u00a0 Pulver (Alloy 188)(UNS R30188)(GH5188)(W.Nr 2.4683) ist eine Superlegierung aus Kobalt-Nickel-Chrom-Wolfram mit ausgezeichneter Hochtemperaturfestigkeit und sehr guter Best\u00e4ndigkeit gegen oxidierende Umgebungen bis zu 1095\u00b0C (2100\u00b0F).<\/p>\n<p><strong>Haynes 188 Legierung<\/strong> Pulver eignet sich sehr gut f\u00fcr die additive Fertigung, thermische Spritzschichten zur Herstellung komplexer Hochleistungskomponenten f\u00fcr die Luft- und Raumfahrt, Gasturbinen und die Verarbeitung von geschmolzenem Metall.<\/p>\n<p><strong>Truer Haynes 188 Legierung<\/strong><strong> p<\/strong><strong>owder<\/strong> wurde durch unser Gaszerst\u00e4ubungsverfahren und PREP-Verfahren mit ausgezeichneter Sph\u00e4rizit\u00e4t und weniger Satelliten- und Hohlpulvern hergestellt.<\/p>\n<h3><\/h3>\n<h3><strong>Haynes 188 Powder - Chemische Zusammensetzung:<\/strong><\/h3>\n<p><img fetchpriority=\"high\" decoding=\"async\" class=\"alignnone size-full wp-image-2856\" src=\"https:\/\/am-printing.com\/wp-content\/uploads\/2025\/09\/Haynes-188-Powder-china-supplier-1.png\" alt=\"Haynes 188 Pulver Porzellanlieferant\" width=\"864\" height=\"538\" srcset=\"https:\/\/am-printing.com\/wp-content\/uploads\/2025\/09\/Haynes-188-Powder-china-supplier-1.png 864w, https:\/\/am-printing.com\/wp-content\/uploads\/2025\/09\/Haynes-188-Powder-china-supplier-1-300x187.png 300w, https:\/\/am-printing.com\/wp-content\/uploads\/2025\/09\/Haynes-188-Powder-china-supplier-1-768x478.png 768w, https:\/\/am-printing.com\/wp-content\/uploads\/2025\/09\/Haynes-188-Powder-china-supplier-1-18x12.png 18w, https:\/\/am-printing.com\/wp-content\/uploads\/2025\/09\/Haynes-188-Powder-china-supplier-1-600x374.png 600w\" sizes=\"(max-width: 864px) 100vw, 864px\" \/><\/p>\n<h3><strong>Haynes 188 Pulver-<\/strong><strong>Morphologie des Pulvers:<\/strong><\/h3>\n<p><img decoding=\"async\" class=\"alignnone size-full wp-image-2855\" src=\"https:\/\/am-printing.com\/wp-content\/uploads\/2025\/09\/Haynes-188-Powder.png\" alt=\"Haynes 188 Pulver\" width=\"392\" height=\"295\" srcset=\"https:\/\/am-printing.com\/wp-content\/uploads\/2025\/09\/Haynes-188-Powder.png 392w, https:\/\/am-printing.com\/wp-content\/uploads\/2025\/09\/Haynes-188-Powder-300x226.png 300w, https:\/\/am-printing.com\/wp-content\/uploads\/2025\/09\/Haynes-188-Powder-16x12.png 16w\" sizes=\"(max-width: 392px) 100vw, 392px\" \/><\/p>\n<h3><\/h3>\n<h3><strong>Haynes 188 Pulver-Partikelgr\u00f6\u00dfen-Kontrollbereich:<\/strong><\/h3>\n<table>\n<tbody>\n<tr>\n<td width=\"93\">PSD<\/td>\n<td width=\"93\">-25um<\/td>\n<td width=\"93\">15-45um<\/td>\n<td width=\"93\">15-53um<\/td>\n<td width=\"93\">45-105um<\/td>\n<td width=\"93\">53-150um<\/td>\n<\/tr>\n<tr>\n<td width=\"93\">D10 (um)<\/td>\n<td width=\"93\">5-12<\/td>\n<td width=\"93\">12-20<\/td>\n<td width=\"93\">15-25<\/td>\n<td width=\"93\">45-55<\/td>\n<td width=\"93\">50-60<\/td>\n<\/tr>\n<tr>\n<td width=\"93\">D50 (um)<\/td>\n<td width=\"93\">12-20<\/td>\n<td width=\"93\">15-35<\/td>\n<td width=\"93\">28-37<\/td>\n<td width=\"93\">65-80<\/td>\n<td width=\"93\">70-95<\/td>\n<\/tr>\n<tr>\n<td width=\"93\">D90 (um)<\/td>\n<td width=\"93\">22-28<\/td>\n<td width=\"93\">40-48<\/td>\n<td width=\"93\">50-57<\/td>\n<td width=\"93\">100-110<\/td>\n<td width=\"93\">130-150<\/td>\n<\/tr>\n<\/tbody>\n<\/table>\n<p><strong>Kundenspezifische Partikelgr\u00f6\u00dfenverteilung auf Anfrage erh\u00e4ltlich.<\/strong><\/p>\n<p><strong>\u00a0<\/strong><\/p>\n<p><strong>Verpackung:<\/strong><\/p>\n<p>TRUER-Pulver sind in 1, 2, 5, 10 und 20 kg verpackt in Kunststoffflaschen erh\u00e4ltlich, die mit Inertgas oder Vakuum gef\u00fcllt sind.<\/p>\n<p>&nbsp;<\/p>\n<p><strong>Dokument:<\/strong><\/p>\n<p>Wir liefern COA (Analysezertifikat, Pr\u00fcfbericht) und MSDS f\u00fcr jede Bestellung.<\/p>","protected":false},"excerpt":{"rendered":"<p><strong>Haynes 188<\/strong>\u00a0 Pulver (Alloy 188)(UNS R30188)(GH5188)(W.Nr 2.4683) ist eine Superlegierung aus Kobalt-Nickel-Chrom-Wolfram mit ausgezeichneter Hochtemperaturfestigkeit und sehr guter Best\u00e4ndigkeit gegen oxidierende Umgebungen bis zu 1095\u00b0C (2100\u00b0F).<\/p>","protected":false},"featured_media":2855,"comment_status":"closed","ping_status":"closed","template":"","meta":[],"product_brand":[],"product_cat":[96],"product_tag":[],"class_list":{"0":"post-2854","1":"product","2":"type-product","3":"status-publish","4":"has-post-thumbnail","6":"product_cat-cobalt-based-alloy-powder","8":"first","9":"instock","10":"shipping-taxable","11":"product-type-simple"},"_links":{"self":[{"href":"https:\/\/am-printing.com\/de\/wp-json\/wp\/v2\/product\/2854","targetHints":{"allow":["GET"]}}],"collection":[{"href":"https:\/\/am-printing.com\/de\/wp-json\/wp\/v2\/product"}],"about":[{"href":"https:\/\/am-printing.com\/de\/wp-json\/wp\/v2\/types\/product"}],"replies":[{"embeddable":true,"href":"https:\/\/am-printing.com\/de\/wp-json\/wp\/v2\/comments?post=2854"}],"wp:featuredmedia":[{"embeddable":true,"href":"https:\/\/am-printing.com\/de\/wp-json\/wp\/v2\/media\/2855"}],"wp:attachment":[{"href":"https:\/\/am-printing.com\/de\/wp-json\/wp\/v2\/media?parent=2854"}],"wp:term":[{"taxonomy":"product_brand","embeddable":true,"href":"https:\/\/am-printing.com\/de\/wp-json\/wp\/v2\/product_brand?post=2854"},{"taxonomy":"product_cat","embeddable":true,"href":"https:\/\/am-printing.com\/de\/wp-json\/wp\/v2\/product_cat?post=2854"},{"taxonomy":"product_tag","embeddable":true,"href":"https:\/\/am-printing.com\/de\/wp-json\/wp\/v2\/product_tag?post=2854"}],"curies":[{"name":"wp","href":"https:\/\/api.w.org\/{rel}","templated":true}]}}