{"id":2912,"date":"2025-10-13T07:52:15","date_gmt":"2025-10-13T07:52:15","guid":{"rendered":"https:\/\/am-printing.com\/?post_type=product&#038;p=2912"},"modified":"2025-10-13T07:52:15","modified_gmt":"2025-10-13T07:52:15","slug":"f55-alloy-100-super-duplex-stainless-steel-powder","status":"publish","type":"product","link":"https:\/\/am-printing.com\/de\/f55-alloy-100-super-duplex-stainless-steel-powder\/","title":{"rendered":"F55 (Alloy 100) Superduplex-Edelstahlpulver"},"content":{"rendered":"<h1>F55 (Alloy 100) Superduplex-Edelstahlpulver<\/h1>\n<p>Das Duplex-Edelstahlpulver F55 (Alloy 100) ist ein rostfreier Super-Duplex-Stahl (UNS S32760). Es wird auch als Werkstoff Nummer 1.4501 oder Zeron 100\uff0cformuliert f\u00fcr additive Fertigung, insbesondere f\u00fcr Laser Powder Bed Fusion (LPBF).<\/p>\n<p>Seine Zusammensetzung enth\u00e4lt einen hohen Anteil an Chrom, Nickel, Molybd\u00e4n, Kupfer, Stickstoff und Wolfram, die f\u00fcr au\u00dfergew\u00f6hnliche Festigkeit und hervorragende Best\u00e4ndigkeit gegen Lochfra\u00df, Spaltkorrosion und Spannungsrisskorrosion in aggressiven, chloridreichen Umgebungen wie Meerwasser sorgen. Dieses Pulver ist gaszerst\u00e4ubt, um eine kugelf\u00f6rmige Form mit guten Flie\u00dfeigenschaften f\u00fcr den 3D-Druck zu erhalten.<\/p>\n<p>Sein Mikrogef\u00fcge weist ein ausgewogenes austenitisch-ferritisches Gef\u00fcge auf.<\/p>\n<p>Unser Herstellungsverfahren erfolgt in der Regel durch Gasverd\u00fcsung mit Stickstoff, um eine kugelf\u00f6rmige Pulvermorphologie zu erreichen.<\/p>\n<p>&nbsp;<\/p>\n<h3><strong>F55-Pulver - Chemische Zusammensetzung (wt%):<\/strong><\/h3>\n<p><img fetchpriority=\"high\" decoding=\"async\" class=\"alignnone size-full wp-image-2913\" src=\"https:\/\/am-printing.com\/wp-content\/uploads\/2025\/10\/F55-powder.png\" alt=\"F55 Pulver\" width=\"864\" height=\"519\" srcset=\"https:\/\/am-printing.com\/wp-content\/uploads\/2025\/10\/F55-powder.png 864w, https:\/\/am-printing.com\/wp-content\/uploads\/2025\/10\/F55-powder-300x180.png 300w, https:\/\/am-printing.com\/wp-content\/uploads\/2025\/10\/F55-powder-768x461.png 768w, https:\/\/am-printing.com\/wp-content\/uploads\/2025\/10\/F55-powder-18x12.png 18w, https:\/\/am-printing.com\/wp-content\/uploads\/2025\/10\/F55-powder-600x360.png 600w\" sizes=\"(max-width: 864px) 100vw, 864px\" \/><\/p>\n<p>&nbsp;<\/p>\n<h3><strong>F55 Pulver - Morphologie:<\/strong><\/h3>\n<p><img decoding=\"async\" class=\"alignnone size-full wp-image-2915\" src=\"https:\/\/am-printing.com\/wp-content\/uploads\/2025\/10\/F55-powder-china-supplier.png\" alt=\"F55 pulver china lieferant\" width=\"756\" height=\"605\" srcset=\"https:\/\/am-printing.com\/wp-content\/uploads\/2025\/10\/F55-powder-china-supplier.png 756w, https:\/\/am-printing.com\/wp-content\/uploads\/2025\/10\/F55-powder-china-supplier-300x240.png 300w, https:\/\/am-printing.com\/wp-content\/uploads\/2025\/10\/F55-powder-china-supplier-15x12.png 15w, https:\/\/am-printing.com\/wp-content\/uploads\/2025\/10\/F55-powder-china-supplier-600x480.png 600w\" sizes=\"(max-width: 756px) 100vw, 756px\" \/><\/p>\n<p>&nbsp;<\/p>\n<h3><strong>F55 Pulvereigenschaft von PSD 15-53um:<\/strong><\/h3>\n<p><img decoding=\"async\" class=\"alignnone size-full wp-image-2914\" src=\"https:\/\/am-printing.com\/wp-content\/uploads\/2025\/10\/F55-powder-china-supplier-factory.png\" alt=\"F55 pulver china lieferant fabrik\" width=\"865\" height=\"240\" srcset=\"https:\/\/am-printing.com\/wp-content\/uploads\/2025\/10\/F55-powder-china-supplier-factory.png 865w, https:\/\/am-printing.com\/wp-content\/uploads\/2025\/10\/F55-powder-china-supplier-factory-300x83.png 300w, https:\/\/am-printing.com\/wp-content\/uploads\/2025\/10\/F55-powder-china-supplier-factory-768x213.png 768w, https:\/\/am-printing.com\/wp-content\/uploads\/2025\/10\/F55-powder-china-supplier-factory-18x5.png 18w, https:\/\/am-printing.com\/wp-content\/uploads\/2025\/10\/F55-powder-china-supplier-factory-600x166.png 600w\" sizes=\"(max-width: 865px) 100vw, 865px\" \/><\/p>\n<h3><strong>Verpacken: <\/strong><\/h3>\n<p>5kg, 10kg, 25kg oder nach Bedarf; Plastikflasche\/Dose.<\/p>\n<p><img loading=\"lazy\" decoding=\"async\" class=\"alignnone size-full wp-image-2910\" src=\"https:\/\/am-printing.com\/wp-content\/uploads\/2025\/10\/metal-powder-packing-bottle-1.png\" alt=\"Metallpulver-Verpackungsflasche\" width=\"366\" height=\"394\" srcset=\"https:\/\/am-printing.com\/wp-content\/uploads\/2025\/10\/metal-powder-packing-bottle-1.png 366w, https:\/\/am-printing.com\/wp-content\/uploads\/2025\/10\/metal-powder-packing-bottle-1-279x300.png 279w, https:\/\/am-printing.com\/wp-content\/uploads\/2025\/10\/metal-powder-packing-bottle-1-11x12.png 11w\" sizes=\"(max-width: 366px) 100vw, 366px\" \/><\/p>","protected":false},"excerpt":{"rendered":"<p>Das Duplex-Edelstahlpulver F55 (Alloy 100) ist ein rostfreier Super-Duplex-Stahl (UNS S32760). Es wird auch als Werkstoff Nummer 1.4501 oder Zeron 100\uff0cformuliert f\u00fcr additive Fertigung, insbesondere f\u00fcr Laser Powder Bed Fusion (LPBF).<\/p>","protected":false},"featured_media":2915,"comment_status":"closed","ping_status":"closed","template":"","meta":[],"product_brand":[],"product_cat":[43],"product_tag":[],"class_list":{"0":"post-2912","1":"product","2":"type-product","3":"status-publish","4":"has-post-thumbnail","6":"product_cat-iron-based-alloy-powder","8":"first","9":"instock","10":"shipping-taxable","11":"product-type-simple"},"_links":{"self":[{"href":"https:\/\/am-printing.com\/de\/wp-json\/wp\/v2\/product\/2912","targetHints":{"allow":["GET"]}}],"collection":[{"href":"https:\/\/am-printing.com\/de\/wp-json\/wp\/v2\/product"}],"about":[{"href":"https:\/\/am-printing.com\/de\/wp-json\/wp\/v2\/types\/product"}],"replies":[{"embeddable":true,"href":"https:\/\/am-printing.com\/de\/wp-json\/wp\/v2\/comments?post=2912"}],"wp:featuredmedia":[{"embeddable":true,"href":"https:\/\/am-printing.com\/de\/wp-json\/wp\/v2\/media\/2915"}],"wp:attachment":[{"href":"https:\/\/am-printing.com\/de\/wp-json\/wp\/v2\/media?parent=2912"}],"wp:term":[{"taxonomy":"product_brand","embeddable":true,"href":"https:\/\/am-printing.com\/de\/wp-json\/wp\/v2\/product_brand?post=2912"},{"taxonomy":"product_cat","embeddable":true,"href":"https:\/\/am-printing.com\/de\/wp-json\/wp\/v2\/product_cat?post=2912"},{"taxonomy":"product_tag","embeddable":true,"href":"https:\/\/am-printing.com\/de\/wp-json\/wp\/v2\/product_tag?post=2912"}],"curies":[{"name":"wp","href":"https:\/\/api.w.org\/{rel}","templated":true}]}}