{"id":2916,"date":"2025-10-13T08:08:37","date_gmt":"2025-10-13T08:08:37","guid":{"rendered":"https:\/\/am-printing.com\/?post_type=product&#038;p=2916"},"modified":"2025-10-13T08:08:37","modified_gmt":"2025-10-13T08:08:37","slug":"feconicrmo-and-feconicrmo0-5-high-entropy-alloy-powder","status":"publish","type":"product","link":"https:\/\/am-printing.com\/de\/feconicrmo-and-feconicrmo0-5-high-entropy-alloy-powder\/","title":{"rendered":"FeCoNiCrMo und FeCoNiCrMo0.5 Pulver aus hochentropischer Legierung"},"content":{"rendered":"<h1><strong>FeCoNiCrMo und FeCoNiCrMo0.5 Pulver aus hochentropischer Legierung<\/strong><\/h1>\n<p><strong>FeCoNiCrMo und FeCoNiCrMo0.5 Hochentrope Legierung (HEA) Kugelf\u00f6rmiges Pulver<\/strong>\u00a0ist eine neue Art von Legierung, die in ihrer Leistung einzigartig ist. Die unterschiedlichen Gr\u00f6\u00dfen und Bindungskr\u00e4fte zwischen den Elementen f\u00fchren dazu, dass die Legierung Gitterverzerrungen und langsame Diffusionseffekte aufweist. Die aktuelle Forschung zeigt, dass\u00a0<strong>FeCoNiCrMo<\/strong> <strong>und FeCoNiCrMo0,5 <\/strong>High-Entropy Alloy (HEA) Spherical Powder zeichnet sich durch hervorragende mechanische Eigenschaften, Korrosionsbest\u00e4ndigkeit, Abriebfestigkeit, magnetische Eigenschaften, Strahlungsbest\u00e4ndigkeit und Tieftemperatureigenschaften aus.<\/p>\n<h3><\/h3>\n<h3><strong>Chemische Zusammensetzung:<\/strong><\/h3>\n<p><strong>FeCoNiCrMo<\/strong><strong>\uff1a<\/strong><\/p>\n<p><img fetchpriority=\"high\" decoding=\"async\" class=\"alignnone size-full wp-image-2917\" src=\"https:\/\/am-printing.com\/wp-content\/uploads\/2025\/10\/FeCoNiCrMo-china-supplier.jpg\" alt=\"FeCoNiCrMo china lieferant\" width=\"1277\" height=\"595\" srcset=\"https:\/\/am-printing.com\/wp-content\/uploads\/2025\/10\/FeCoNiCrMo-china-supplier.jpg 1277w, https:\/\/am-printing.com\/wp-content\/uploads\/2025\/10\/FeCoNiCrMo-china-supplier-300x140.jpg 300w, https:\/\/am-printing.com\/wp-content\/uploads\/2025\/10\/FeCoNiCrMo-china-supplier-1024x477.jpg 1024w, https:\/\/am-printing.com\/wp-content\/uploads\/2025\/10\/FeCoNiCrMo-china-supplier-768x358.jpg 768w, https:\/\/am-printing.com\/wp-content\/uploads\/2025\/10\/FeCoNiCrMo-china-supplier-18x8.jpg 18w, https:\/\/am-printing.com\/wp-content\/uploads\/2025\/10\/FeCoNiCrMo-china-supplier-600x280.jpg 600w\" sizes=\"(max-width: 1277px) 100vw, 1277px\" \/><\/p>\n<p><strong>FeCoNiCrMo0,5<\/strong><strong>\uff1a<\/strong><\/p>\n<p><img decoding=\"async\" class=\"alignnone size-full wp-image-2918\" src=\"https:\/\/am-printing.com\/wp-content\/uploads\/2025\/10\/FeCoNiCrMo0.5-alloy-powder.jpg\" alt=\"FeCoNiCrMo0,5-Legierungspulver\" width=\"1277\" height=\"611\" srcset=\"https:\/\/am-printing.com\/wp-content\/uploads\/2025\/10\/FeCoNiCrMo0.5-alloy-powder.jpg 1277w, https:\/\/am-printing.com\/wp-content\/uploads\/2025\/10\/FeCoNiCrMo0.5-alloy-powder-300x144.jpg 300w, https:\/\/am-printing.com\/wp-content\/uploads\/2025\/10\/FeCoNiCrMo0.5-alloy-powder-1024x490.jpg 1024w, https:\/\/am-printing.com\/wp-content\/uploads\/2025\/10\/FeCoNiCrMo0.5-alloy-powder-768x367.jpg 768w, https:\/\/am-printing.com\/wp-content\/uploads\/2025\/10\/FeCoNiCrMo0.5-alloy-powder-18x9.jpg 18w, https:\/\/am-printing.com\/wp-content\/uploads\/2025\/10\/FeCoNiCrMo0.5-alloy-powder-600x287.jpg 600w\" sizes=\"(max-width: 1277px) 100vw, 1277px\" \/><\/p>\n<p>&nbsp;<\/p>\n<p><strong>Morphologie von HEA-Pulver:<\/strong><\/p>\n<p><img decoding=\"async\" class=\"alignnone size-full wp-image-2919\" src=\"https:\/\/am-printing.com\/wp-content\/uploads\/2025\/10\/Morphology-of-HEA-Powder-china-provider.png\" alt=\"Morphologie von HEA-Pulver - Anbieter aus China\" width=\"764\" height=\"595\" srcset=\"https:\/\/am-printing.com\/wp-content\/uploads\/2025\/10\/Morphology-of-HEA-Powder-china-provider.png 764w, https:\/\/am-printing.com\/wp-content\/uploads\/2025\/10\/Morphology-of-HEA-Powder-china-provider-300x234.png 300w, https:\/\/am-printing.com\/wp-content\/uploads\/2025\/10\/Morphology-of-HEA-Powder-china-provider-15x12.png 15w, https:\/\/am-printing.com\/wp-content\/uploads\/2025\/10\/Morphology-of-HEA-Powder-china-provider-600x467.png 600w\" sizes=\"(max-width: 764px) 100vw, 764px\" \/><\/p>\n<p>&nbsp;<\/p>\n<p><strong>Pulvereigenschaft (PSD 15-53um):<\/strong><\/p>\n<p><img loading=\"lazy\" decoding=\"async\" class=\"alignnone size-full wp-image-2920\" src=\"https:\/\/am-printing.com\/wp-content\/uploads\/2025\/10\/HEA-powder-china-supplier.png\" alt=\"HEA-Pulver Porzellanlieferant\" width=\"1269\" height=\"351\" srcset=\"https:\/\/am-printing.com\/wp-content\/uploads\/2025\/10\/HEA-powder-china-supplier.png 1269w, https:\/\/am-printing.com\/wp-content\/uploads\/2025\/10\/HEA-powder-china-supplier-300x83.png 300w, https:\/\/am-printing.com\/wp-content\/uploads\/2025\/10\/HEA-powder-china-supplier-1024x283.png 1024w, https:\/\/am-printing.com\/wp-content\/uploads\/2025\/10\/HEA-powder-china-supplier-768x212.png 768w, https:\/\/am-printing.com\/wp-content\/uploads\/2025\/10\/HEA-powder-china-supplier-18x5.png 18w, https:\/\/am-printing.com\/wp-content\/uploads\/2025\/10\/HEA-powder-china-supplier-600x166.png 600w\" sizes=\"(max-width: 1269px) 100vw, 1269px\" \/><\/p>\n<p>&nbsp;<\/p>\n<p><strong>Wir k\u00f6nnen auch kundenspezifische HEA-Pulver mit verschiedenen Komponenten und unterschiedlicher Partikelgr\u00f6\u00dfenverteilung anbieten. Bitte\u00a0<a href=\"https:\/\/www.msesupplies.com\/pages\/contact-us\" target=\"_blank\" rel=\"noopener\">Kontaktieren Sie uns<\/a>.<\/strong><\/p>\n<p>&nbsp;<\/p>\n<p><strong>Verpacken: <\/strong><\/p>\n<p>5kg, 10kg, 25kg oder nach Bedarf; Plastikflasche\/Dose.<\/p>\n<p><img loading=\"lazy\" decoding=\"async\" class=\"alignnone size-full wp-image-2910\" src=\"https:\/\/am-printing.com\/wp-content\/uploads\/2025\/10\/metal-powder-packing-bottle-1.png\" alt=\"Metallpulver-Verpackungsflasche\" width=\"366\" height=\"394\" srcset=\"https:\/\/am-printing.com\/wp-content\/uploads\/2025\/10\/metal-powder-packing-bottle-1.png 366w, https:\/\/am-printing.com\/wp-content\/uploads\/2025\/10\/metal-powder-packing-bottle-1-279x300.png 279w, https:\/\/am-printing.com\/wp-content\/uploads\/2025\/10\/metal-powder-packing-bottle-1-11x12.png 11w\" sizes=\"(max-width: 366px) 100vw, 366px\" \/><\/p>","protected":false},"excerpt":{"rendered":"<p><strong>FeCoNiCrMo und FeCoNiCrMo0.5 Hochentrope Legierung (HEA) Kugelf\u00f6rmiges Pulver<\/strong>\u00a0ist eine neue Art von Legierung, die in ihrer Leistung einzigartig ist. Die unterschiedlichen Gr\u00f6\u00dfen und Bindungskr\u00e4fte zwischen den Elementen f\u00fchren dazu, dass die Legierung Gitterverzerrungen und langsame Diffusionseffekte aufweist. Die aktuelle Forschung zeigt, dass\u00a0<strong>FeCoNiCrMo<\/strong> <strong>und FeCoNiCrMo0,5 <\/strong>High-Entropy Alloy (HEA) Spherical Powder zeichnet sich durch hervorragende mechanische Eigenschaften, Korrosionsbest\u00e4ndigkeit, Abriebfestigkeit, magnetische Eigenschaften, Strahlungsbest\u00e4ndigkeit und Tieftemperatureigenschaften aus.<\/p>","protected":false},"featured_media":2919,"comment_status":"closed","ping_status":"closed","template":"","meta":[],"product_brand":[],"product_cat":[51],"product_tag":[],"class_list":{"0":"post-2916","1":"product","2":"type-product","3":"status-publish","4":"has-post-thumbnail","6":"product_cat-high-entropy-alloy-powder","8":"first","9":"instock","10":"shipping-taxable","11":"product-type-simple"},"_links":{"self":[{"href":"https:\/\/am-printing.com\/de\/wp-json\/wp\/v2\/product\/2916","targetHints":{"allow":["GET"]}}],"collection":[{"href":"https:\/\/am-printing.com\/de\/wp-json\/wp\/v2\/product"}],"about":[{"href":"https:\/\/am-printing.com\/de\/wp-json\/wp\/v2\/types\/product"}],"replies":[{"embeddable":true,"href":"https:\/\/am-printing.com\/de\/wp-json\/wp\/v2\/comments?post=2916"}],"wp:featuredmedia":[{"embeddable":true,"href":"https:\/\/am-printing.com\/de\/wp-json\/wp\/v2\/media\/2919"}],"wp:attachment":[{"href":"https:\/\/am-printing.com\/de\/wp-json\/wp\/v2\/media?parent=2916"}],"wp:term":[{"taxonomy":"product_brand","embeddable":true,"href":"https:\/\/am-printing.com\/de\/wp-json\/wp\/v2\/product_brand?post=2916"},{"taxonomy":"product_cat","embeddable":true,"href":"https:\/\/am-printing.com\/de\/wp-json\/wp\/v2\/product_cat?post=2916"},{"taxonomy":"product_tag","embeddable":true,"href":"https:\/\/am-printing.com\/de\/wp-json\/wp\/v2\/product_tag?post=2916"}],"curies":[{"name":"wp","href":"https:\/\/api.w.org\/{rel}","templated":true}]}}