{"id":2925,"date":"2025-10-13T08:53:42","date_gmt":"2025-10-13T08:53:42","guid":{"rendered":"https:\/\/am-printing.com\/?post_type=product&#038;p=2925"},"modified":"2025-10-13T08:53:42","modified_gmt":"2025-10-13T08:53:42","slug":"inconel-713lc-nickel-alloy-powder","status":"publish","type":"product","link":"https:\/\/am-printing.com\/de\/inconel-713lc-nickel-alloy-powder\/","title":{"rendered":"Pulver aus Nickellegierung Inconel 713LC"},"content":{"rendered":"<h1>Pulver aus Nickellegierung Inconel 713LC<\/h1>\n<p>TRUER <strong>713LC-Pulver<\/strong>, Die Partikelgr\u00f6\u00dfe kann nach den Spezifikationen der Kunden angepasst werden. Unsere gemeinsame Partikelgr\u00f6\u00dfenverteilung umfasst 0-25um, 15-53um, 45-105um und 53-150um.<\/p>\n<p>TRUER kann auch Inconel anbieten <strong>Stangen und Platten aus der Legierung 713LC<\/strong>. Auf Wunsch k\u00f6nnen wir Stangen und Platten nach Kundenzeichnung liefern.<\/p>\n<p>&nbsp;<\/p>\n<h3><strong>Chemische Zusammensetzung (wt%) von Inconel 713LC-Stangen:<\/strong><\/h3>\n<p><img fetchpriority=\"high\" decoding=\"async\" class=\"alignnone size-full wp-image-2923\" src=\"https:\/\/am-printing.com\/wp-content\/uploads\/2025\/10\/713LC-Bars.jpg\" alt=\"713LC St\u00e4be\" width=\"876\" height=\"690\" srcset=\"https:\/\/am-printing.com\/wp-content\/uploads\/2025\/10\/713LC-Bars.jpg 876w, https:\/\/am-printing.com\/wp-content\/uploads\/2025\/10\/713LC-Bars-300x236.jpg 300w, https:\/\/am-printing.com\/wp-content\/uploads\/2025\/10\/713LC-Bars-768x605.jpg 768w, https:\/\/am-printing.com\/wp-content\/uploads\/2025\/10\/713LC-Bars-15x12.jpg 15w, https:\/\/am-printing.com\/wp-content\/uploads\/2025\/10\/713LC-Bars-600x473.jpg 600w\" sizes=\"(max-width: 876px) 100vw, 876px\" \/><\/p>\n<p><strong>Formulare:<\/strong><\/p>\n<p><img decoding=\"async\" class=\"alignnone size-full wp-image-2924\" src=\"https:\/\/am-printing.com\/wp-content\/uploads\/2025\/10\/IN713-powders.png\" alt=\"IN713-Pulver\" width=\"830\" height=\"281\" srcset=\"https:\/\/am-printing.com\/wp-content\/uploads\/2025\/10\/IN713-powders.png 830w, https:\/\/am-printing.com\/wp-content\/uploads\/2025\/10\/IN713-powders-300x102.png 300w, https:\/\/am-printing.com\/wp-content\/uploads\/2025\/10\/IN713-powders-768x260.png 768w, https:\/\/am-printing.com\/wp-content\/uploads\/2025\/10\/IN713-powders-18x6.png 18w, https:\/\/am-printing.com\/wp-content\/uploads\/2025\/10\/IN713-powders-600x203.png 600w\" sizes=\"(max-width: 830px) 100vw, 830px\" \/><\/p>\n<p>&nbsp;<\/p>\n<p><strong>Morphologie von Pulvern:<\/strong><\/p>\n<p><img decoding=\"async\" class=\"alignnone size-full wp-image-2926\" src=\"https:\/\/am-printing.com\/wp-content\/uploads\/2025\/10\/IN713-POWDER-CHINA-SUPPLIER.png\" alt=\"IN713 PULVER CHINA LIEFERANT\" width=\"474\" height=\"354\" srcset=\"https:\/\/am-printing.com\/wp-content\/uploads\/2025\/10\/IN713-POWDER-CHINA-SUPPLIER.png 474w, https:\/\/am-printing.com\/wp-content\/uploads\/2025\/10\/IN713-POWDER-CHINA-SUPPLIER-300x224.png 300w, https:\/\/am-printing.com\/wp-content\/uploads\/2025\/10\/IN713-POWDER-CHINA-SUPPLIER-16x12.png 16w\" sizes=\"(max-width: 474px) 100vw, 474px\" \/><\/p>","protected":false},"excerpt":{"rendered":"<p>Die Legierung Inconel 713LC ist best\u00e4ndig gegen Oxidation und thermische Erm\u00fcdung und weist eine hervorragende strukturelle Stabilit\u00e4t auf.<\/p>\n<p>Zu den kommerziellen Anwendungen der Legierung Inconel 713LC geh\u00f6ren Leitschaufeln und Schaufeln f\u00fcr die erste Stufe von D\u00fcsenflugzeugen, Leitschaufeln f\u00fcr Industrieturbinen und Diesel-Turboladerr\u00e4der. Die Legierung ist in vielen experimentellen D\u00fcsentriebwerken und kleinen Hilfsgasturbinen enthalten und wird derzeit f\u00fcr Anwendungen im Press-, Strangpress- und Druckgusswerkzeug gepr\u00fcft.<\/p>","protected":false},"featured_media":2926,"comment_status":"closed","ping_status":"closed","template":"","meta":[],"product_brand":[],"product_cat":[50],"product_tag":[],"class_list":{"0":"post-2925","1":"product","2":"type-product","3":"status-publish","4":"has-post-thumbnail","6":"product_cat-nickel-alloy-powders","8":"first","9":"instock","10":"shipping-taxable","11":"product-type-simple"},"_links":{"self":[{"href":"https:\/\/am-printing.com\/de\/wp-json\/wp\/v2\/product\/2925","targetHints":{"allow":["GET"]}}],"collection":[{"href":"https:\/\/am-printing.com\/de\/wp-json\/wp\/v2\/product"}],"about":[{"href":"https:\/\/am-printing.com\/de\/wp-json\/wp\/v2\/types\/product"}],"replies":[{"embeddable":true,"href":"https:\/\/am-printing.com\/de\/wp-json\/wp\/v2\/comments?post=2925"}],"wp:featuredmedia":[{"embeddable":true,"href":"https:\/\/am-printing.com\/de\/wp-json\/wp\/v2\/media\/2926"}],"wp:attachment":[{"href":"https:\/\/am-printing.com\/de\/wp-json\/wp\/v2\/media?parent=2925"}],"wp:term":[{"taxonomy":"product_brand","embeddable":true,"href":"https:\/\/am-printing.com\/de\/wp-json\/wp\/v2\/product_brand?post=2925"},{"taxonomy":"product_cat","embeddable":true,"href":"https:\/\/am-printing.com\/de\/wp-json\/wp\/v2\/product_cat?post=2925"},{"taxonomy":"product_tag","embeddable":true,"href":"https:\/\/am-printing.com\/de\/wp-json\/wp\/v2\/product_tag?post=2925"}],"curies":[{"name":"wp","href":"https:\/\/api.w.org\/{rel}","templated":true}]}}