{"id":2937,"date":"2025-10-15T09:01:08","date_gmt":"2025-10-15T09:01:08","guid":{"rendered":"https:\/\/am-printing.com\/?post_type=product&#038;p=2937"},"modified":"2025-10-15T09:01:08","modified_gmt":"2025-10-15T09:01:08","slug":"kovar-fe-ni-co-spherical-powder","status":"publish","type":"product","link":"https:\/\/am-printing.com\/de\/kovar-fe-ni-co-spherical-powder\/","title":{"rendered":"Kovar Fe-Ni-Co kugelf\u00f6rmiges Pulver"},"content":{"rendered":"<h1>Kovar Fe-Ni-Co kugelf\u00f6rmiges Pulver<\/h1>\n<p><strong>Kovar<\/strong> Legierung ist ein spezielles Funktionsmaterial und kein Allzweckmaterial, da es einzigartige W\u00e4rmeausdehnungseigenschaften und einen niedrigen Ausdehnungskoeffizienten hat, der dem von Borsilikatglas und Aluminiumoxid (Keramik) \u00fcber einen weiten Temperaturbereich von Raumtemperatur bis 500 \u00b0C entspricht. Es ist also \u00fcberall dort zu finden, wo eine zuverl\u00e4ssige Metall-Glas- oder Metall-Keramik-Dichtung im Bereich der Elektronik und der Halbleiter ben\u00f6tigt wird.<\/p>\n<p><strong>Kovar-Pulver<\/strong> kann durch Gaszerst\u00e4ubung hergestellt werden, um ein feines und kugelf\u00f6rmiges Pulver zu erhalten. Unsere \u00fcbliche Partikelgr\u00f6\u00dfe 15-45um, 15-53um und 20-63um ist f\u00fcr das Laser-Pulverbettschmelzen geeignet. Seine chemische Zusammensetzung enth\u00e4lt haupts\u00e4chlich Eisen, Nickel und Kobalt. Das spezifische Verh\u00e4ltnis von Ni und Co verleiht Kovar sein angepasstes Expansionsverhalten.<\/p>\n<p><strong>Chemische Zusammensetzung (wt%):<\/strong><\/p>\n<p><img fetchpriority=\"high\" decoding=\"async\" class=\"alignnone size-full wp-image-2938\" src=\"https:\/\/am-printing.com\/wp-content\/uploads\/2025\/10\/Kovar-Fe-Ni-Co-Spherical-Powder-china-supplier.jpg\" alt=\"Kovar Fe-Ni-Co Sph\u00e4risches Pulver china lieferant\" width=\"1271\" height=\"600\" srcset=\"https:\/\/am-printing.com\/wp-content\/uploads\/2025\/10\/Kovar-Fe-Ni-Co-Spherical-Powder-china-supplier.jpg 1271w, https:\/\/am-printing.com\/wp-content\/uploads\/2025\/10\/Kovar-Fe-Ni-Co-Spherical-Powder-china-supplier-300x142.jpg 300w, https:\/\/am-printing.com\/wp-content\/uploads\/2025\/10\/Kovar-Fe-Ni-Co-Spherical-Powder-china-supplier-1024x483.jpg 1024w, https:\/\/am-printing.com\/wp-content\/uploads\/2025\/10\/Kovar-Fe-Ni-Co-Spherical-Powder-china-supplier-768x363.jpg 768w, https:\/\/am-printing.com\/wp-content\/uploads\/2025\/10\/Kovar-Fe-Ni-Co-Spherical-Powder-china-supplier-18x8.jpg 18w, https:\/\/am-printing.com\/wp-content\/uploads\/2025\/10\/Kovar-Fe-Ni-Co-Spherical-Powder-china-supplier-600x283.jpg 600w\" sizes=\"(max-width: 1271px) 100vw, 1271px\" \/><\/p>\n<p>&nbsp;<\/p>\n<p><strong>Morphologie: <\/strong><\/p>\n<p><img decoding=\"async\" class=\"alignnone size-full wp-image-2939\" src=\"https:\/\/am-printing.com\/wp-content\/uploads\/2025\/10\/Kovar-Fe-Ni-Co-Spherical-Powder.jpg\" alt=\"Kovar Fe-Ni-Co kugelf\u00f6rmiges Pulver\" width=\"768\" height=\"858\" srcset=\"https:\/\/am-printing.com\/wp-content\/uploads\/2025\/10\/Kovar-Fe-Ni-Co-Spherical-Powder.jpg 768w, https:\/\/am-printing.com\/wp-content\/uploads\/2025\/10\/Kovar-Fe-Ni-Co-Spherical-Powder-269x300.jpg 269w, https:\/\/am-printing.com\/wp-content\/uploads\/2025\/10\/Kovar-Fe-Ni-Co-Spherical-Powder-11x12.jpg 11w, https:\/\/am-printing.com\/wp-content\/uploads\/2025\/10\/Kovar-Fe-Ni-Co-Spherical-Powder-600x670.jpg 600w\" sizes=\"(max-width: 768px) 100vw, 768px\" \/><\/p>\n<p>&nbsp;<\/p>\n<p><strong>Pulvereigenschaften von 0-25um:<\/strong><\/p>\n<p><img decoding=\"async\" class=\"alignnone size-full wp-image-2940\" src=\"https:\/\/am-printing.com\/wp-content\/uploads\/2025\/10\/Kovar-Fe-Ni-Co-Spherical-Powder-china-manufacturer.jpg\" alt=\"Kovar Fe-Ni-Co Sph\u00e4risches Pulver Porzellanhersteller\" width=\"1272\" height=\"296\" srcset=\"https:\/\/am-printing.com\/wp-content\/uploads\/2025\/10\/Kovar-Fe-Ni-Co-Spherical-Powder-china-manufacturer.jpg 1272w, https:\/\/am-printing.com\/wp-content\/uploads\/2025\/10\/Kovar-Fe-Ni-Co-Spherical-Powder-china-manufacturer-300x70.jpg 300w, https:\/\/am-printing.com\/wp-content\/uploads\/2025\/10\/Kovar-Fe-Ni-Co-Spherical-Powder-china-manufacturer-1024x238.jpg 1024w, https:\/\/am-printing.com\/wp-content\/uploads\/2025\/10\/Kovar-Fe-Ni-Co-Spherical-Powder-china-manufacturer-768x179.jpg 768w, https:\/\/am-printing.com\/wp-content\/uploads\/2025\/10\/Kovar-Fe-Ni-Co-Spherical-Powder-china-manufacturer-18x4.jpg 18w, https:\/\/am-printing.com\/wp-content\/uploads\/2025\/10\/Kovar-Fe-Ni-Co-Spherical-Powder-china-manufacturer-600x140.jpg 600w\" sizes=\"(max-width: 1272px) 100vw, 1272px\" \/><\/p>\n<p>&nbsp;<\/p>\n<p><strong>Verpacken: <\/strong><\/p>\n<p>5kg, 10kg, 25kg oder nach Bedarf; Plastikflasche\/Dose.<\/p>\n<p><img loading=\"lazy\" decoding=\"async\" class=\"alignnone size-full wp-image-2818\" src=\"https:\/\/am-printing.com\/wp-content\/uploads\/2025\/09\/\u5305\u88c5\u74f6.png\" alt=\"Kupferlegierungspulver-Packung\" width=\"434\" height=\"575\" srcset=\"https:\/\/am-printing.com\/wp-content\/uploads\/2025\/09\/\u5305\u88c5\u74f6.png 434w, https:\/\/am-printing.com\/wp-content\/uploads\/2025\/09\/\u5305\u88c5\u74f6-226x300.png 226w, https:\/\/am-printing.com\/wp-content\/uploads\/2025\/09\/\u5305\u88c5\u74f6-9x12.png 9w\" sizes=\"(max-width: 434px) 100vw, 434px\" \/><\/p>","protected":false},"excerpt":{"rendered":"<p><strong>Kovar<\/strong> Legierung ist ein spezielles Funktionsmaterial und kein Allzweckmaterial, da es einzigartige W\u00e4rmeausdehnungseigenschaften und einen niedrigen Ausdehnungskoeffizienten hat, der dem von Borsilikatglas und Aluminiumoxid (Keramik) \u00fcber einen weiten Temperaturbereich von Raumtemperatur bis 500 \u00b0C entspricht. Es ist also \u00fcberall dort zu finden, wo eine zuverl\u00e4ssige Metall-Glas- oder Metall-Keramik-Dichtung im Bereich der Elektronik und der Halbleiter ben\u00f6tigt wird.<\/p>","protected":false},"featured_media":2939,"comment_status":"closed","ping_status":"closed","template":"","meta":[],"product_brand":[],"product_cat":[43],"product_tag":[],"class_list":{"0":"post-2937","1":"product","2":"type-product","3":"status-publish","4":"has-post-thumbnail","6":"product_cat-iron-based-alloy-powder","8":"first","9":"instock","10":"shipping-taxable","11":"product-type-simple"},"_links":{"self":[{"href":"https:\/\/am-printing.com\/de\/wp-json\/wp\/v2\/product\/2937","targetHints":{"allow":["GET"]}}],"collection":[{"href":"https:\/\/am-printing.com\/de\/wp-json\/wp\/v2\/product"}],"about":[{"href":"https:\/\/am-printing.com\/de\/wp-json\/wp\/v2\/types\/product"}],"replies":[{"embeddable":true,"href":"https:\/\/am-printing.com\/de\/wp-json\/wp\/v2\/comments?post=2937"}],"wp:featuredmedia":[{"embeddable":true,"href":"https:\/\/am-printing.com\/de\/wp-json\/wp\/v2\/media\/2939"}],"wp:attachment":[{"href":"https:\/\/am-printing.com\/de\/wp-json\/wp\/v2\/media?parent=2937"}],"wp:term":[{"taxonomy":"product_brand","embeddable":true,"href":"https:\/\/am-printing.com\/de\/wp-json\/wp\/v2\/product_brand?post=2937"},{"taxonomy":"product_cat","embeddable":true,"href":"https:\/\/am-printing.com\/de\/wp-json\/wp\/v2\/product_cat?post=2937"},{"taxonomy":"product_tag","embeddable":true,"href":"https:\/\/am-printing.com\/de\/wp-json\/wp\/v2\/product_tag?post=2937"}],"curies":[{"name":"wp","href":"https:\/\/api.w.org\/{rel}","templated":true}]}}