{"id":2953,"date":"2025-10-27T08:46:41","date_gmt":"2025-10-27T08:46:41","guid":{"rendered":"https:\/\/am-printing.com\/?post_type=product&#038;p=2953"},"modified":"2025-10-27T08:46:41","modified_gmt":"2025-10-27T08:46:41","slug":"carbonyl-iron-powder-cip","status":"publish","type":"product","link":"https:\/\/am-printing.com\/de\/carbonyl-iron-powder-cip\/","title":{"rendered":"Carbonyl-Eisen-Pulver (CIP)"},"content":{"rendered":"<h1>Carbonyl-Eisen-Pulver (CIP)<\/h1>\n<p><strong>Carbonyleisenpulver (CIP)<\/strong> wird durch die chemische Zersetzung von Eisenpentacarbonyl hergestellt. Die dabei entstehenden Eisenpartikel sind einheitlich graue, mikroskopisch kleine Kugeln und bestehen aus reinstem elementarem Eisen mit nur Spuren von Kohlenstoff, Sauerstoff und Stickstoff. Carbonyl-Eisenpulver kann auch mit einigen anderen Metallelementen wie Mo, Ni usw. versetzt werden.<\/p>\n<p>CIP hat eine feine Partikelgr\u00f6\u00dfe, eine sph\u00e4rische Form, hohe Flie\u00dff\u00e4higkeit und Sinteraktivit\u00e4t. Es kann im MIM-, PM- oder Diamantbereich mit guten mechanischen Eigenschaften eingesetzt werden. Es kann auch im magnetischen Bereich mit sehr geringem Hestereseverlust eingesetzt werden und eignet sich f\u00fcr die Herstellung von Hochfrequenz-Eisenpulverkernen, magnetisch leitf\u00e4higen dielektrischen Kernen und verschiedenen weichmagnetischen Materialien.<\/p>\n<p>CIP-Pulver hat auch gute Wellenabsorptionsleistung, breite Absorptionsfrequenz kann als externe Wellenabsorptionsbeschichtungen verwendet werden.<\/p>\n<p>Carbonyleisenpulver hat eine gute chemische Aktivit\u00e4t und kann als chemischer Katalysator und auch direkt als Eisenerg\u00e4nzung zu Lebensmitteln zugegeben werden.<\/p>\n<p>Nano-Carbonyl-Eisenpulver kann als Eisenpr\u00e4parat zur Injektion verwendet werden, aber auch als gezieltes Material zur Behandlung von Tumoren unter Einwirkung eines externen Magnetfeldes und von Medikamenten.<\/p>\n<p>Je nach Kundenanforderung haben wir einige modifizierte CIP-Pulver entwickelt, wie z. B.\u00a0 <strong>FeNi2, FeNi4, FeNi8, FeNi50, FeNi2Mo0,5, FeNi8Mo0,5, 4605, 8740, 2700, 2200, 1010 <\/strong>usw.\uff1bDie Zusammensetzung von Kohlenstoff und Sauerstoff kann je nach Kundenwunsch angepasst werden. Die Partikelgr\u00f6\u00dfe des Carbonylpulvers kann sein <strong>D50=1-2um, 3-4um, 4-6um, 6-8um, 9-12um, 20-25um<\/strong> oder nach den Bed\u00fcrfnissen des Kunden.<\/p>\n<p>&nbsp;<\/p>\n<p><strong>Chemische Zusammensetzung (wt%) von CIP CY2-A1:<\/strong><\/p>\n<p><img fetchpriority=\"high\" decoding=\"async\" class=\"alignnone size-full wp-image-2955\" src=\"https:\/\/am-printing.com\/wp-content\/uploads\/2025\/10\/Carbonyl-Iron-Powder-CIP-1.png\" alt=\"Carbonyl-Eisen-Pulver (CIP)-1\" width=\"1287\" height=\"309\" srcset=\"https:\/\/am-printing.com\/wp-content\/uploads\/2025\/10\/Carbonyl-Iron-Powder-CIP-1.png 1287w, https:\/\/am-printing.com\/wp-content\/uploads\/2025\/10\/Carbonyl-Iron-Powder-CIP-1-300x72.png 300w, https:\/\/am-printing.com\/wp-content\/uploads\/2025\/10\/Carbonyl-Iron-Powder-CIP-1-1024x246.png 1024w, https:\/\/am-printing.com\/wp-content\/uploads\/2025\/10\/Carbonyl-Iron-Powder-CIP-1-768x184.png 768w, https:\/\/am-printing.com\/wp-content\/uploads\/2025\/10\/Carbonyl-Iron-Powder-CIP-1-18x4.png 18w, https:\/\/am-printing.com\/wp-content\/uploads\/2025\/10\/Carbonyl-Iron-Powder-CIP-1-600x144.png 600w\" sizes=\"(max-width: 1287px) 100vw, 1287px\" \/><\/p>\n<p><strong>Morphologie CIP-Pulver:<\/strong><\/p>\n<p><img decoding=\"async\" class=\"alignnone size-full wp-image-2954\" src=\"https:\/\/am-printing.com\/wp-content\/uploads\/2025\/10\/Carbonyl-Iron-Powder-CIP.png\" alt=\"Carbonyl-Eisen-Pulver (CIP)\" width=\"429\" height=\"389\" srcset=\"https:\/\/am-printing.com\/wp-content\/uploads\/2025\/10\/Carbonyl-Iron-Powder-CIP.png 429w, https:\/\/am-printing.com\/wp-content\/uploads\/2025\/10\/Carbonyl-Iron-Powder-CIP-300x272.png 300w, https:\/\/am-printing.com\/wp-content\/uploads\/2025\/10\/Carbonyl-Iron-Powder-CIP-13x12.png 13w\" sizes=\"(max-width: 429px) 100vw, 429px\" \/><\/p>\n<p><strong>Pulvereigenschaft von CIP CY2-A1:<\/strong><\/p>\n<p><img decoding=\"async\" class=\"alignnone size-full wp-image-2956\" src=\"https:\/\/am-printing.com\/wp-content\/uploads\/2025\/10\/Carbonyl-Iron-Powder-CIP-3.png\" alt=\"Carbonyl-Eisen-Pulver (CIP)-3\" width=\"1270\" height=\"264\" srcset=\"https:\/\/am-printing.com\/wp-content\/uploads\/2025\/10\/Carbonyl-Iron-Powder-CIP-3.png 1270w, https:\/\/am-printing.com\/wp-content\/uploads\/2025\/10\/Carbonyl-Iron-Powder-CIP-3-300x62.png 300w, https:\/\/am-printing.com\/wp-content\/uploads\/2025\/10\/Carbonyl-Iron-Powder-CIP-3-1024x213.png 1024w, https:\/\/am-printing.com\/wp-content\/uploads\/2025\/10\/Carbonyl-Iron-Powder-CIP-3-768x160.png 768w, https:\/\/am-printing.com\/wp-content\/uploads\/2025\/10\/Carbonyl-Iron-Powder-CIP-3-18x4.png 18w, https:\/\/am-printing.com\/wp-content\/uploads\/2025\/10\/Carbonyl-Iron-Powder-CIP-3-600x125.png 600w\" sizes=\"(max-width: 1270px) 100vw, 1270px\" \/><\/p>\n<p><strong>Chemische Zusammensetzung (wt%) von CIP FeP10-CY2-P01A:<\/strong><\/p>\n<p><img loading=\"lazy\" decoding=\"async\" class=\"alignnone size-full wp-image-2957\" src=\"https:\/\/am-printing.com\/wp-content\/uploads\/2025\/10\/Carbonyl-Iron-Powder-CIP-4.png\" alt=\"Carbonyl-Eisen-Pulver (CIP)-4\" width=\"1280\" height=\"345\" srcset=\"https:\/\/am-printing.com\/wp-content\/uploads\/2025\/10\/Carbonyl-Iron-Powder-CIP-4.png 1280w, https:\/\/am-printing.com\/wp-content\/uploads\/2025\/10\/Carbonyl-Iron-Powder-CIP-4-300x81.png 300w, https:\/\/am-printing.com\/wp-content\/uploads\/2025\/10\/Carbonyl-Iron-Powder-CIP-4-1024x276.png 1024w, https:\/\/am-printing.com\/wp-content\/uploads\/2025\/10\/Carbonyl-Iron-Powder-CIP-4-768x207.png 768w, https:\/\/am-printing.com\/wp-content\/uploads\/2025\/10\/Carbonyl-Iron-Powder-CIP-4-18x5.png 18w, https:\/\/am-printing.com\/wp-content\/uploads\/2025\/10\/Carbonyl-Iron-Powder-CIP-4-600x162.png 600w\" sizes=\"(max-width: 1280px) 100vw, 1280px\" \/><\/p>\n<p><strong>Pulvereigenschaften von CIP FeP10-CY2-P01A<\/strong><\/p>\n<p><img loading=\"lazy\" decoding=\"async\" class=\"alignnone size-full wp-image-2958\" src=\"https:\/\/am-printing.com\/wp-content\/uploads\/2025\/10\/Carbonyl-Iron-Powder-CIP-5.png\" alt=\"Carbonyl-Eisen-Pulver (CIP)-5\" width=\"1266\" height=\"305\" srcset=\"https:\/\/am-printing.com\/wp-content\/uploads\/2025\/10\/Carbonyl-Iron-Powder-CIP-5.png 1266w, https:\/\/am-printing.com\/wp-content\/uploads\/2025\/10\/Carbonyl-Iron-Powder-CIP-5-300x72.png 300w, https:\/\/am-printing.com\/wp-content\/uploads\/2025\/10\/Carbonyl-Iron-Powder-CIP-5-1024x247.png 1024w, https:\/\/am-printing.com\/wp-content\/uploads\/2025\/10\/Carbonyl-Iron-Powder-CIP-5-768x185.png 768w, https:\/\/am-printing.com\/wp-content\/uploads\/2025\/10\/Carbonyl-Iron-Powder-CIP-5-18x4.png 18w, https:\/\/am-printing.com\/wp-content\/uploads\/2025\/10\/Carbonyl-Iron-Powder-CIP-5-600x145.png 600w\" sizes=\"(max-width: 1266px) 100vw, 1266px\" \/><\/p>","protected":false},"excerpt":{"rendered":"<p><strong>Carbonyleisenpulver (CIP)<\/strong> wird durch die chemische Zersetzung von Eisenpentacarbonyl hergestellt. Die dabei entstehenden Eisenpartikel sind einheitlich graue, mikroskopisch kleine Kugeln und bestehen aus reinstem elementarem Eisen mit nur Spuren von Kohlenstoff, Sauerstoff und Stickstoff. Carbonyl-Eisenpulver kann auch mit einigen anderen Metallelementen wie Mo, Ni usw. versetzt werden.<\/p>","protected":false},"featured_media":2954,"comment_status":"closed","ping_status":"closed","template":"","meta":[],"product_brand":[],"product_cat":[43],"product_tag":[],"class_list":{"0":"post-2953","1":"product","2":"type-product","3":"status-publish","4":"has-post-thumbnail","6":"product_cat-iron-based-alloy-powder","8":"first","9":"instock","10":"shipping-taxable","11":"product-type-simple"},"_links":{"self":[{"href":"https:\/\/am-printing.com\/de\/wp-json\/wp\/v2\/product\/2953","targetHints":{"allow":["GET"]}}],"collection":[{"href":"https:\/\/am-printing.com\/de\/wp-json\/wp\/v2\/product"}],"about":[{"href":"https:\/\/am-printing.com\/de\/wp-json\/wp\/v2\/types\/product"}],"replies":[{"embeddable":true,"href":"https:\/\/am-printing.com\/de\/wp-json\/wp\/v2\/comments?post=2953"}],"wp:featuredmedia":[{"embeddable":true,"href":"https:\/\/am-printing.com\/de\/wp-json\/wp\/v2\/media\/2954"}],"wp:attachment":[{"href":"https:\/\/am-printing.com\/de\/wp-json\/wp\/v2\/media?parent=2953"}],"wp:term":[{"taxonomy":"product_brand","embeddable":true,"href":"https:\/\/am-printing.com\/de\/wp-json\/wp\/v2\/product_brand?post=2953"},{"taxonomy":"product_cat","embeddable":true,"href":"https:\/\/am-printing.com\/de\/wp-json\/wp\/v2\/product_cat?post=2953"},{"taxonomy":"product_tag","embeddable":true,"href":"https:\/\/am-printing.com\/de\/wp-json\/wp\/v2\/product_tag?post=2953"}],"curies":[{"name":"wp","href":"https:\/\/api.w.org\/{rel}","templated":true}]}}