{"id":2970,"date":"2025-11-05T02:40:03","date_gmt":"2025-11-05T02:40:03","guid":{"rendered":"https:\/\/am-printing.com\/?post_type=product&#038;p=2970"},"modified":"2025-11-05T02:44:17","modified_gmt":"2025-11-05T02:44:17","slug":"c103-powder","status":"publish","type":"product","link":"https:\/\/am-printing.com\/de\/c103-powder\/","title":{"rendered":"C103 Pulver"},"content":{"rendered":"<h1 class=\"wp-block-heading\"><strong>C103 Pulver<\/strong><\/h1>\n<p>C103 ist eine Nioblegierung, die haupts\u00e4chlich aus Niob, Hafnium und Titan besteht und f\u00fcr ihre Hochtemperaturfestigkeit und hervorragende Leistung in anspruchsvollen Umgebungen wie der Luft- und Raumfahrt bekannt ist. Es handelt sich um ein hitzebest\u00e4ndiges Material, das sich ideal f\u00fcr Anwendungen wie Raketentriebwerke, Antriebssysteme und andere Hochtemperatur-Strukturkomponenten eignet. C103 l\u00e4sst sich im Vergleich zu anderen Niob-Legierungen relativ leicht schwei\u00dfen und formen und eignet sich aufgrund seiner Eigenschaften sowohl f\u00fcr Hochtemperatur- als auch f\u00fcr Tieftemperaturanwendungen.<\/p>\n<p>C103-Pulver kann in verschiedenen Partikelgr\u00f6\u00dfen mit kugelf\u00f6rmiger Form angeboten werden. Es kann sowohl durch Plasmasph\u00e4roidisierung als auch durch PREP-Verfahren hergestellt werden.<\/p>\n<p>Die Partikelgr\u00f6\u00dfe des kugelf\u00f6rmigen C103-Pulvers kann nach den Spezifikationen der Kunden angepasst werden. Normalerweise sind unsere gemeinsamen Partikelgr\u00f6\u00dfen PSD 15-53um, 45-105um, 53-150um.<\/p>\n<p><strong>Chemische Zusammensetzung von kugelf\u00f6rmigem C103-Pulver:<\/strong><\/p>\n<figure class=\"wp-block-image size-large\"><img fetchpriority=\"high\" decoding=\"async\" class=\"wp-image-2965\" src=\"https:\/\/am-printing.com\/wp-content\/uploads\/2025\/11\/C103-POWDER-CHEMICAL-COMPOSITION-1024x522.jpg\" sizes=\"(max-width: 1024px) 100vw, 1024px\" srcset=\"https:\/\/am-printing.com\/wp-content\/uploads\/2025\/11\/C103-POWDER-CHEMICAL-COMPOSITION-1024x522.jpg 1024w, https:\/\/am-printing.com\/wp-content\/uploads\/2025\/11\/C103-POWDER-CHEMICAL-COMPOSITION-300x153.jpg 300w, https:\/\/am-printing.com\/wp-content\/uploads\/2025\/11\/C103-POWDER-CHEMICAL-COMPOSITION-768x391.jpg 768w, https:\/\/am-printing.com\/wp-content\/uploads\/2025\/11\/C103-POWDER-CHEMICAL-COMPOSITION-18x9.jpg 18w, https:\/\/am-printing.com\/wp-content\/uploads\/2025\/11\/C103-POWDER-CHEMICAL-COMPOSITION-600x306.jpg 600w, https:\/\/am-printing.com\/wp-content\/uploads\/2025\/11\/C103-POWDER-CHEMICAL-COMPOSITION.jpg 1286w\" alt=\"\" width=\"1024\" height=\"522\" \/><\/figure>\n<h2 class=\"wp-block-heading\">Morphologie des kugelf\u00f6rmigen C103-Pulvers:<\/h2>\n<figure class=\"wp-block-image size-full\"><img decoding=\"async\" class=\"wp-image-2966\" src=\"https:\/\/am-printing.com\/wp-content\/uploads\/2025\/11\/C103-powder.jpg\" sizes=\"(max-width: 414px) 100vw, 414px\" srcset=\"https:\/\/am-printing.com\/wp-content\/uploads\/2025\/11\/C103-powder.jpg 414w, https:\/\/am-printing.com\/wp-content\/uploads\/2025\/11\/C103-powder-300x240.jpg 300w, https:\/\/am-printing.com\/wp-content\/uploads\/2025\/11\/C103-powder-15x12.jpg 15w\" alt=\"\" width=\"414\" height=\"331\" \/><\/figure>\n<h2 class=\"wp-block-heading\">Herstellungsverfahren:<\/h2>\n<p>C103-Pulver kann durch Plasmasph\u00e4roidisierung und PREP-Verfahren hergestellt werden.<\/p>\n<p>Die Plasmasph\u00e4roidisierung ist eine fortschrittliche Pulververarbeitungstechnik zur Herstellung von kugelf\u00f6rmigen Metall- oder Keramikpulvern mit hoher Reinheit und dichtem Gef\u00fcge, bei der unregelm\u00e4\u00dfig geformte Pulver mit Hilfe eines Plasmabrenners zu kugelf\u00f6rmigen Tr\u00f6pfchen geschmolzen werden.<\/p>\n<p>Die PREP-Methode (Plasma-Rotations-Elektroden-Verfahren) ist ein Verfahren zur Herstellung von Pulvern mit hervorragender Reinheit und ohne Hohl- und Satellitenpulver. Dabei werden St\u00e4be des gew\u00fcnschten Metall- oder Legierungspulvers als rotierende Elektrode verwendet, die in der Regel zylindrisch sind und sich mit hoher Geschwindigkeit drehen. Ein Hochtemperatur-Plasmalichtbogen wird erzeugt und auf die Spitze der Elektrode gerichtet, dann schmilzt der Plasmalichtbogen die Oberfl\u00e4che der Elektrode und zerf\u00e4llt in feine Tr\u00f6pfchen.<\/p>\n<figure class=\"wp-block-image size-full\"><img decoding=\"async\" class=\"wp-image-2967\" src=\"https:\/\/am-printing.com\/wp-content\/uploads\/2025\/11\/C103-powder-truer-china-supplier.jpg\" sizes=\"(max-width: 690px) 100vw, 690px\" srcset=\"https:\/\/am-printing.com\/wp-content\/uploads\/2025\/11\/C103-powder-truer-china-supplier.jpg 690w, https:\/\/am-printing.com\/wp-content\/uploads\/2025\/11\/C103-powder-truer-china-supplier-300x219.jpg 300w, https:\/\/am-printing.com\/wp-content\/uploads\/2025\/11\/C103-powder-truer-china-supplier-16x12.jpg 16w, https:\/\/am-printing.com\/wp-content\/uploads\/2025\/11\/C103-powder-truer-china-supplier-600x437.jpg 600w\" alt=\"\" width=\"690\" height=\"503\" \/><\/figure>","protected":false},"excerpt":{"rendered":"<p>C103 ist eine Nioblegierung, die haupts\u00e4chlich aus Niob, Hafnium und Titan besteht und f\u00fcr ihre Hochtemperaturfestigkeit und hervorragende Leistung in anspruchsvollen Umgebungen wie der Luft- und Raumfahrt bekannt ist. Es handelt sich um ein hitzebest\u00e4ndiges Material, das sich ideal f\u00fcr Anwendungen wie Raketentriebwerke, Antriebssysteme und andere Hochtemperatur-Strukturkomponenten eignet. C103 l\u00e4sst sich im Vergleich zu anderen Niob-Legierungen relativ leicht schwei\u00dfen und formen und eignet sich aufgrund seiner Eigenschaften sowohl f\u00fcr Hochtemperatur- als auch f\u00fcr Tieftemperaturanwendungen.<\/p>","protected":false},"featured_media":2968,"comment_status":"closed","ping_status":"closed","template":"","meta":[],"product_brand":[],"product_cat":[23],"product_tag":[],"class_list":{"0":"post-2970","1":"product","2":"type-product","3":"status-publish","4":"has-post-thumbnail","6":"product_cat-refractory-metal-powder","8":"first","9":"instock","10":"shipping-taxable","11":"product-type-simple"},"_links":{"self":[{"href":"https:\/\/am-printing.com\/de\/wp-json\/wp\/v2\/product\/2970","targetHints":{"allow":["GET"]}}],"collection":[{"href":"https:\/\/am-printing.com\/de\/wp-json\/wp\/v2\/product"}],"about":[{"href":"https:\/\/am-printing.com\/de\/wp-json\/wp\/v2\/types\/product"}],"replies":[{"embeddable":true,"href":"https:\/\/am-printing.com\/de\/wp-json\/wp\/v2\/comments?post=2970"}],"wp:featuredmedia":[{"embeddable":true,"href":"https:\/\/am-printing.com\/de\/wp-json\/wp\/v2\/media\/2968"}],"wp:attachment":[{"href":"https:\/\/am-printing.com\/de\/wp-json\/wp\/v2\/media?parent=2970"}],"wp:term":[{"taxonomy":"product_brand","embeddable":true,"href":"https:\/\/am-printing.com\/de\/wp-json\/wp\/v2\/product_brand?post=2970"},{"taxonomy":"product_cat","embeddable":true,"href":"https:\/\/am-printing.com\/de\/wp-json\/wp\/v2\/product_cat?post=2970"},{"taxonomy":"product_tag","embeddable":true,"href":"https:\/\/am-printing.com\/de\/wp-json\/wp\/v2\/product_tag?post=2970"}],"curies":[{"name":"wp","href":"https:\/\/api.w.org\/{rel}","templated":true}]}}