{"id":2971,"date":"2025-11-05T03:50:06","date_gmt":"2025-11-05T03:50:06","guid":{"rendered":"https:\/\/am-printing.com\/?post_type=product&#038;p=2971"},"modified":"2025-11-05T03:50:06","modified_gmt":"2025-11-05T03:50:06","slug":"ti6242-titanium-alloy-powder","status":"publish","type":"product","link":"https:\/\/am-printing.com\/de\/ti6242-titanium-alloy-powder\/","title":{"rendered":"Ti6242 Titanlegierungspulver"},"content":{"rendered":"<h1><strong>Ti6242 Titanlegierungspulver<\/strong><\/h1>\n<p>Ti6242 (Ti-6Al-4Zr-2Mo-2Sn-Si) (TA19) ist eine schwei\u00dfbare und alphan\u00e4hnliche Titanlegierung mit hervorragender mechanischer Festigkeit, Stabilit\u00e4t und Kriechbest\u00e4ndigkeit bis zu einer Temperatur von 550\u2103, die normalerweise f\u00fcr Hochtechnologiekomponenten wie Rennmotoren und D\u00fcsenkompressoren verwendet wird. Die nominale Dichte und H\u00e4rte ist 4.54g\/cc und 34HRC beziehungsweise.<\/p>\n<p>TRUER\u00ae Ti6242 sph\u00e4risches Pulver wird durch das Plasma-Rotations-Elektroden-Zerst\u00e4ubungsverfahren (PREP) oder die Elektroden-Induktions-Gas-Zerst\u00e4ubung (EIGA) hergestellt.<\/p>\n<p>Der \u00fcbliche Partikelgr\u00f6\u00dfenbereich von Ti6242-Pulvern umfasst 0-25um, 15-45um, 15-53um, 20-63um, 45-106um, 53-150um, die in MIM, AM, einschlie\u00dflich SLM, EBM, DED usw. eingesetzt werden k\u00f6nnen.<\/p>\n<p><strong>Chemische Zusammensetzung:<\/strong><\/p>\n<p><img fetchpriority=\"high\" decoding=\"async\" class=\"alignnone size-full wp-image-2974\" src=\"https:\/\/am-printing.com\/wp-content\/uploads\/2025\/11\/Ti6242-Titanium-Alloy-Powder.jpg\" alt=\"Ti6242 Titanlegierungspulver\" width=\"1298\" height=\"633\" srcset=\"https:\/\/am-printing.com\/wp-content\/uploads\/2025\/11\/Ti6242-Titanium-Alloy-Powder.jpg 1298w, https:\/\/am-printing.com\/wp-content\/uploads\/2025\/11\/Ti6242-Titanium-Alloy-Powder-300x146.jpg 300w, https:\/\/am-printing.com\/wp-content\/uploads\/2025\/11\/Ti6242-Titanium-Alloy-Powder-1024x499.jpg 1024w, https:\/\/am-printing.com\/wp-content\/uploads\/2025\/11\/Ti6242-Titanium-Alloy-Powder-768x375.jpg 768w, https:\/\/am-printing.com\/wp-content\/uploads\/2025\/11\/Ti6242-Titanium-Alloy-Powder-18x9.jpg 18w, https:\/\/am-printing.com\/wp-content\/uploads\/2025\/11\/Ti6242-Titanium-Alloy-Powder-600x293.jpg 600w\" sizes=\"(max-width: 1298px) 100vw, 1298px\" \/><\/p>\n<p><strong>Morphologie des Pulvers:<\/strong><\/p>\n<p><img decoding=\"async\" class=\"alignnone size-full wp-image-2972\" src=\"https:\/\/am-printing.com\/wp-content\/uploads\/2025\/11\/Ti6242-Titanium-Alloy-Powder-china-supplier.jpg\" alt=\"Ti6242 Titan-Legierung Pulver china Lieferant\" width=\"571\" height=\"445\" srcset=\"https:\/\/am-printing.com\/wp-content\/uploads\/2025\/11\/Ti6242-Titanium-Alloy-Powder-china-supplier.jpg 571w, https:\/\/am-printing.com\/wp-content\/uploads\/2025\/11\/Ti6242-Titanium-Alloy-Powder-china-supplier-300x234.jpg 300w, https:\/\/am-printing.com\/wp-content\/uploads\/2025\/11\/Ti6242-Titanium-Alloy-Powder-china-supplier-15x12.jpg 15w\" sizes=\"(max-width: 571px) 100vw, 571px\" \/><\/p>\n<p>&nbsp;<\/p>\n<p><strong>Eigenschaften der Legierung Ti6242 (getestet an einer gegl\u00fchten Duplexstange):<\/strong><\/p>\n<table width=\"597\">\n<tbody>\n<tr>\n<td width=\"205\"><strong>Pr\u00fcfgegenstand<\/strong><\/td>\n<td width=\"204\"><strong>Wert<\/strong><\/td>\n<td width=\"189\"><strong>Test Bedingung<\/strong><\/td>\n<\/tr>\n<tr>\n<td width=\"205\">H\u00e4rte<\/td>\n<td width=\"204\">34HRC<\/td>\n<td width=\"189\">Bei Raumtemp.<\/td>\n<\/tr>\n<tr>\n<td width=\"205\">UTS<\/td>\n<td width=\"204\">898MPa<\/td>\n<td width=\"189\">Bei Raumtemp.<\/td>\n<\/tr>\n<tr>\n<td width=\"205\">0.2% Streckgrenze<\/td>\n<td width=\"204\">834MPa<\/td>\n<td width=\"189\">Bei Raumtemp.<\/td>\n<\/tr>\n<tr>\n<td width=\"205\">Dehnung (%)<\/td>\n<td width=\"204\">12<\/td>\n<td width=\"189\">Bei Raumtemp.<\/td>\n<\/tr>\n<tr>\n<td width=\"205\">Verkleinerung der Fl\u00e4che<\/td>\n<td width=\"204\">25<\/td>\n<td width=\"189\">Bei Raumtemp.<\/td>\n<\/tr>\n<\/tbody>\n<\/table>\n<p><strong>\u00a0<\/strong><\/p>\n<p><strong>Paket:<\/strong><\/p>\n<p><img decoding=\"async\" class=\"alignnone size-full wp-image-2973\" src=\"https:\/\/am-printing.com\/wp-content\/uploads\/2025\/11\/Ti6242-Titanium-Alloy-Powder-packing.jpg\" alt=\"Ti6242 Titanlegierung Pulververpackung\" width=\"297\" height=\"541\" srcset=\"https:\/\/am-printing.com\/wp-content\/uploads\/2025\/11\/Ti6242-Titanium-Alloy-Powder-packing.jpg 297w, https:\/\/am-printing.com\/wp-content\/uploads\/2025\/11\/Ti6242-Titanium-Alloy-Powder-packing-165x300.jpg 165w, https:\/\/am-printing.com\/wp-content\/uploads\/2025\/11\/Ti6242-Titanium-Alloy-Powder-packing-7x12.jpg 7w\" sizes=\"(max-width: 297px) 100vw, 297px\" \/><\/p>","protected":false},"excerpt":{"rendered":"<p>Ti6242 (Ti-6Al-4Zr-2Mo-2Sn-Si) (TA19) ist eine schwei\u00dfbare und alphan\u00e4hnliche Titanlegierung mit hervorragender mechanischer Festigkeit, Stabilit\u00e4t und Kriechbest\u00e4ndigkeit bis zu einer Temperatur von 550\u2103, die normalerweise f\u00fcr Hochtechnologiekomponenten wie Rennmotoren und D\u00fcsenkompressoren verwendet wird. Die nominale Dichte und H\u00e4rte ist 4.54g\/cc und 34HRC beziehungsweise.<\/p>","protected":false},"featured_media":2972,"comment_status":"closed","ping_status":"closed","template":"","meta":[],"product_brand":[],"product_cat":[44],"product_tag":[],"class_list":{"0":"post-2971","1":"product","2":"type-product","3":"status-publish","4":"has-post-thumbnail","6":"product_cat-titanium-based-alloy-powder","8":"first","9":"instock","10":"shipping-taxable","11":"product-type-simple"},"_links":{"self":[{"href":"https:\/\/am-printing.com\/de\/wp-json\/wp\/v2\/product\/2971","targetHints":{"allow":["GET"]}}],"collection":[{"href":"https:\/\/am-printing.com\/de\/wp-json\/wp\/v2\/product"}],"about":[{"href":"https:\/\/am-printing.com\/de\/wp-json\/wp\/v2\/types\/product"}],"replies":[{"embeddable":true,"href":"https:\/\/am-printing.com\/de\/wp-json\/wp\/v2\/comments?post=2971"}],"wp:featuredmedia":[{"embeddable":true,"href":"https:\/\/am-printing.com\/de\/wp-json\/wp\/v2\/media\/2972"}],"wp:attachment":[{"href":"https:\/\/am-printing.com\/de\/wp-json\/wp\/v2\/media?parent=2971"}],"wp:term":[{"taxonomy":"product_brand","embeddable":true,"href":"https:\/\/am-printing.com\/de\/wp-json\/wp\/v2\/product_brand?post=2971"},{"taxonomy":"product_cat","embeddable":true,"href":"https:\/\/am-printing.com\/de\/wp-json\/wp\/v2\/product_cat?post=2971"},{"taxonomy":"product_tag","embeddable":true,"href":"https:\/\/am-printing.com\/de\/wp-json\/wp\/v2\/product_tag?post=2971"}],"curies":[{"name":"wp","href":"https:\/\/api.w.org\/{rel}","templated":true}]}}