{"id":2991,"date":"2025-12-04T07:46:53","date_gmt":"2025-12-04T07:46:53","guid":{"rendered":"https:\/\/am-printing.com\/?post_type=product&#038;p=2991"},"modified":"2025-12-04T07:46:53","modified_gmt":"2025-12-04T07:46:53","slug":"alcr-powder","status":"publish","type":"product","link":"https:\/\/am-printing.com\/de\/alcr-powder\/","title":{"rendered":"AlCr-Pulver"},"content":{"rendered":"<h1>AlCr-Pulver<\/h1>\n<p>AlCr-Legierungen bilden bei hohen Temperaturen eine dichte Oxidschicht auf der Oberfl\u00e4che, wodurch sich die Lebensdauer der Legierungsmaterialien verl\u00e4ngert. Sie k\u00f6nnen im Bereich von Gasturbinenschaufeln oder -leitschaufeln, Kesselrohren und allen anderen Bauteilen eingesetzt werden, die in hei\u00dfen, korrosiven Umgebungen gesch\u00fctzt werden m\u00fcssen.<\/p>\n<p>Unsere AlCr-Pulver werden durch ein gaszerst\u00e4ubtes Verfahren hergestellt, um eine kugelf\u00f6rmige Form zu erhalten. Sie k\u00f6nnen in der additiven Fertigung und beim thermischen Spritzen (HVOF) eingesetzt werden.<\/p>\n<p>Wir k\u00f6nnen intermetallische Verbindungen aus Al und Cr herstellen, wobei wir in der Regel die AlCr-Phase anstreben, eine sehr harte, spr\u00f6de intermetallische Verbindung, die eine au\u00dfergew\u00f6hnliche Oxidations- und Korrosionsbest\u00e4ndigkeit bei hohen Temperaturen bietet.<\/p>\n<p>Die typische Partikelgr\u00f6\u00dfe unseres AlCr-Pulvers umfasst: -75 \u00b5m, 45\u2013105 \u00b5m oder 50\u2013150 \u00b5m. Andere Partikelgr\u00f6\u00dfenbereiche k\u00f6nnen ebenfalls entsprechend den Kundenanforderungen gesiebt werden.<\/p>\n<h4>Morphologie:<\/h4>\n<p><img fetchpriority=\"high\" decoding=\"async\" class=\"alignnone size-full wp-image-2992\" src=\"https:\/\/am-printing.com\/wp-content\/uploads\/2025\/12\/AlCr-Powder.jpg\" alt=\"AlCr-Pulver\" width=\"711\" height=\"546\" srcset=\"https:\/\/am-printing.com\/wp-content\/uploads\/2025\/12\/AlCr-Powder.jpg 711w, https:\/\/am-printing.com\/wp-content\/uploads\/2025\/12\/AlCr-Powder-300x230.jpg 300w, https:\/\/am-printing.com\/wp-content\/uploads\/2025\/12\/AlCr-Powder-16x12.jpg 16w, https:\/\/am-printing.com\/wp-content\/uploads\/2025\/12\/AlCr-Powder-600x461.jpg 600w\" sizes=\"(max-width: 711px) 100vw, 711px\" \/><\/p>\n<h4>Verpacken:<\/h4>\n<p>5 kg, 10 kg, 25 kg oder nach Bedarf, verpackt in verschiedenfarbigen Flaschen\/Dosen oder Beuteln. Es kann auch nach Kundenwunsch erfolgen.<\/p>\n<p><img decoding=\"async\" class=\"alignnone size-full wp-image-2993\" src=\"https:\/\/am-printing.com\/wp-content\/uploads\/2025\/12\/AlCr56-powder-china-supplier.png\" alt=\"AlCr56-Pulver-Lieferant aus China\" width=\"867\" height=\"309\" srcset=\"https:\/\/am-printing.com\/wp-content\/uploads\/2025\/12\/AlCr56-powder-china-supplier.png 867w, https:\/\/am-printing.com\/wp-content\/uploads\/2025\/12\/AlCr56-powder-china-supplier-300x107.png 300w, https:\/\/am-printing.com\/wp-content\/uploads\/2025\/12\/AlCr56-powder-china-supplier-768x274.png 768w, https:\/\/am-printing.com\/wp-content\/uploads\/2025\/12\/AlCr56-powder-china-supplier-18x6.png 18w, https:\/\/am-printing.com\/wp-content\/uploads\/2025\/12\/AlCr56-powder-china-supplier-600x214.png 600w\" sizes=\"(max-width: 867px) 100vw, 867px\" \/><\/p>\n<p>&nbsp;<\/p>","protected":false},"excerpt":{"rendered":"<p>AlCr-Pulverlegierungen bilden bei hohen Temperaturen eine dichte Oxidschicht auf der Oberfl\u00e4che, wodurch die Lebensdauer der Legierungsmaterialien verl\u00e4ngert wird. Sie k\u00f6nnen im Bereich von Gasturbinenschaufeln oder -fl\u00fcgeln, Kesselrohren und allen anderen Komponenten eingesetzt werden, die in hei\u00dfen, korrosiven Umgebungen gesch\u00fctzt werden m\u00fcssen.<\/p>","protected":false},"featured_media":2992,"comment_status":"closed","ping_status":"closed","template":"","meta":[],"product_brand":[],"product_cat":[45],"product_tag":[],"class_list":{"0":"post-2991","1":"product","2":"type-product","3":"status-publish","4":"has-post-thumbnail","6":"product_cat-aluminum-based-alloy-powder","8":"first","9":"instock","10":"shipping-taxable","11":"product-type-simple"},"_links":{"self":[{"href":"https:\/\/am-printing.com\/de\/wp-json\/wp\/v2\/product\/2991","targetHints":{"allow":["GET"]}}],"collection":[{"href":"https:\/\/am-printing.com\/de\/wp-json\/wp\/v2\/product"}],"about":[{"href":"https:\/\/am-printing.com\/de\/wp-json\/wp\/v2\/types\/product"}],"replies":[{"embeddable":true,"href":"https:\/\/am-printing.com\/de\/wp-json\/wp\/v2\/comments?post=2991"}],"wp:featuredmedia":[{"embeddable":true,"href":"https:\/\/am-printing.com\/de\/wp-json\/wp\/v2\/media\/2992"}],"wp:attachment":[{"href":"https:\/\/am-printing.com\/de\/wp-json\/wp\/v2\/media?parent=2991"}],"wp:term":[{"taxonomy":"product_brand","embeddable":true,"href":"https:\/\/am-printing.com\/de\/wp-json\/wp\/v2\/product_brand?post=2991"},{"taxonomy":"product_cat","embeddable":true,"href":"https:\/\/am-printing.com\/de\/wp-json\/wp\/v2\/product_cat?post=2991"},{"taxonomy":"product_tag","embeddable":true,"href":"https:\/\/am-printing.com\/de\/wp-json\/wp\/v2\/product_tag?post=2991"}],"curies":[{"name":"wp","href":"https:\/\/api.w.org\/{rel}","templated":true}]}}