{"id":2997,"date":"2025-12-16T01:36:07","date_gmt":"2025-12-16T01:36:07","guid":{"rendered":"https:\/\/am-printing.com\/?post_type=product&#038;p=2997"},"modified":"2025-12-18T05:24:24","modified_gmt":"2025-12-18T05:24:24","slug":"m2-hss-steel-powder","status":"publish","type":"product","link":"https:\/\/am-printing.com\/de\/m2-hss-steel-powder\/","title":{"rendered":"M2 HSS-Stahlpulver"},"content":{"rendered":"<h1>M2 HSS-Stahlpulver<\/h1>\n<p>M2-Schnellarbeitsstahl (HSS) ist bekannt f\u00fcr seine hohe H\u00e4rte, ausgezeichnete Verschlei\u00dffestigkeit und gute Rotfestigkeit und eignet sich am besten f\u00fcr die Herstellung von Schneidwerkzeugen, Bohrern und anderen stark verschlei\u00dfenden Bauteilen.<\/p>\n<p>Unsere M2-Werkzeugstahlpulver k\u00f6nnen durch gaszerst\u00e4ubte oder wasserzerst\u00e4ubte Verfahren hergestellt werden, um jeweils eine kugelf\u00f6rmige oder unregelm\u00e4\u00dfige Form zu erhalten. Sie k\u00f6nnen im Metall-Spritzguss (MIM) oder im Laser-Pulver-Bett-Schmelzverfahren (LPBF) (3D-Druck) eingesetzt werden.<\/p>\n<p>Die typische Partikelgr\u00f6\u00dfe von M2-Pulver umfasst: 20 um, -25 um, -30 um, -45 um f\u00fcr MIM oder Binder Jetting; 15-45 um, 15-53 um, 20-63 um f\u00fcr L-PBF; 45-105 um f\u00fcr E-PBF; 50-150 um f\u00fcr DED. Andere Partikelgr\u00f6\u00dfenbereiche k\u00f6nnen ebenfalls nach Kundenwunsch gesiebt werden.<\/p>\n<h3><strong>Chemische Zusammensetzung (wt%) von\u00a0<\/strong>M2 HSS-Stahlpulver<strong>:<\/strong><\/h3>\n<p><img fetchpriority=\"high\" decoding=\"async\" class=\"alignnone size-full wp-image-2998\" src=\"https:\/\/am-printing.com\/wp-content\/uploads\/2025\/12\/M2-powder-COA-chemical-composition.png\" alt=\"M2-Pulver COA chemische Zusammensetzung\" width=\"1081\" height=\"631\" srcset=\"https:\/\/am-printing.com\/wp-content\/uploads\/2025\/12\/M2-powder-COA-chemical-composition.png 1081w, https:\/\/am-printing.com\/wp-content\/uploads\/2025\/12\/M2-powder-COA-chemical-composition-300x175.png 300w, https:\/\/am-printing.com\/wp-content\/uploads\/2025\/12\/M2-powder-COA-chemical-composition-1024x598.png 1024w, https:\/\/am-printing.com\/wp-content\/uploads\/2025\/12\/M2-powder-COA-chemical-composition-768x448.png 768w, https:\/\/am-printing.com\/wp-content\/uploads\/2025\/12\/M2-powder-COA-chemical-composition-18x12.png 18w, https:\/\/am-printing.com\/wp-content\/uploads\/2025\/12\/M2-powder-COA-chemical-composition-600x350.png 600w\" sizes=\"(max-width: 1081px) 100vw, 1081px\" \/><\/p>\n<p>&nbsp;<\/p>\n<h3><strong>Morphologie von\u00a0<\/strong>M2 HSS-Stahlpulver<strong>:<\/strong><\/h3>\n<p><img decoding=\"async\" class=\"alignnone wp-image-2999\" src=\"https:\/\/am-printing.com\/wp-content\/uploads\/2025\/12\/M2-HSS-Steel-Powder.png\" alt=\"M2 HSS-Stahlpulver\" width=\"253\" height=\"201\" srcset=\"https:\/\/am-printing.com\/wp-content\/uploads\/2025\/12\/M2-HSS-Steel-Powder.png 225w, https:\/\/am-printing.com\/wp-content\/uploads\/2025\/12\/M2-HSS-Steel-Powder-15x12.png 15w\" sizes=\"(max-width: 253px) 100vw, 253px\" \/><\/p>\n<p><strong>Typische Pulvereigenschaften von PSD 15-45um:<\/strong><\/p>\n<p><img decoding=\"async\" class=\"alignnone size-full wp-image-3001\" src=\"https:\/\/am-printing.com\/wp-content\/uploads\/2025\/12\/M2-powder-PSD-particle-size.png\" alt=\"M2-Pulver PSD-Partikelgr\u00f6\u00dfe\" width=\"1091\" height=\"255\" srcset=\"https:\/\/am-printing.com\/wp-content\/uploads\/2025\/12\/M2-powder-PSD-particle-size.png 1091w, https:\/\/am-printing.com\/wp-content\/uploads\/2025\/12\/M2-powder-PSD-particle-size-300x70.png 300w, https:\/\/am-printing.com\/wp-content\/uploads\/2025\/12\/M2-powder-PSD-particle-size-1024x239.png 1024w, https:\/\/am-printing.com\/wp-content\/uploads\/2025\/12\/M2-powder-PSD-particle-size-768x180.png 768w, https:\/\/am-printing.com\/wp-content\/uploads\/2025\/12\/M2-powder-PSD-particle-size-18x4.png 18w, https:\/\/am-printing.com\/wp-content\/uploads\/2025\/12\/M2-powder-PSD-particle-size-600x140.png 600w\" sizes=\"(max-width: 1091px) 100vw, 1091px\" \/><\/p>\n<p><strong>Verpacken: <\/strong><\/p>\n<p>5 kg, 10 kg, 25 kg oder nach Bedarf; Plastikflasche\/Dose oder Vakuumbeutel oder nach Bedarf.<\/p>\n<p><img loading=\"lazy\" decoding=\"async\" class=\"alignnone size-full wp-image-3000\" src=\"https:\/\/am-printing.com\/wp-content\/uploads\/2025\/12\/M2-powder-packing-photo.png\" alt=\"Foto der M2-Pulververpackung\" width=\"645\" height=\"372\" srcset=\"https:\/\/am-printing.com\/wp-content\/uploads\/2025\/12\/M2-powder-packing-photo.png 645w, https:\/\/am-printing.com\/wp-content\/uploads\/2025\/12\/M2-powder-packing-photo-300x173.png 300w, https:\/\/am-printing.com\/wp-content\/uploads\/2025\/12\/M2-powder-packing-photo-18x10.png 18w, https:\/\/am-printing.com\/wp-content\/uploads\/2025\/12\/M2-powder-packing-photo-600x346.png 600w\" sizes=\"(max-width: 645px) 100vw, 645px\" \/><\/p>\n<p>&nbsp;<\/p>\n<p>&nbsp;<\/p>","protected":false},"excerpt":{"rendered":"<p>M2-Schnellarbeitsstahl (HSS) ist bekannt f\u00fcr seine hohe H\u00e4rte, ausgezeichnete Verschlei\u00dffestigkeit und gute Rotfestigkeit und eignet sich am besten f\u00fcr die Herstellung von Schneidwerkzeugen, Bohrern und anderen stark verschlei\u00dfenden Bauteilen.<\/p>","protected":false},"featured_media":2999,"comment_status":"closed","ping_status":"closed","template":"","meta":[],"product_brand":[],"product_cat":[43],"product_tag":[],"class_list":{"0":"post-2997","1":"product","2":"type-product","3":"status-publish","4":"has-post-thumbnail","6":"product_cat-iron-based-alloy-powder","8":"first","9":"instock","10":"shipping-taxable","11":"product-type-simple"},"_links":{"self":[{"href":"https:\/\/am-printing.com\/de\/wp-json\/wp\/v2\/product\/2997","targetHints":{"allow":["GET"]}}],"collection":[{"href":"https:\/\/am-printing.com\/de\/wp-json\/wp\/v2\/product"}],"about":[{"href":"https:\/\/am-printing.com\/de\/wp-json\/wp\/v2\/types\/product"}],"replies":[{"embeddable":true,"href":"https:\/\/am-printing.com\/de\/wp-json\/wp\/v2\/comments?post=2997"}],"wp:featuredmedia":[{"embeddable":true,"href":"https:\/\/am-printing.com\/de\/wp-json\/wp\/v2\/media\/2999"}],"wp:attachment":[{"href":"https:\/\/am-printing.com\/de\/wp-json\/wp\/v2\/media?parent=2997"}],"wp:term":[{"taxonomy":"product_brand","embeddable":true,"href":"https:\/\/am-printing.com\/de\/wp-json\/wp\/v2\/product_brand?post=2997"},{"taxonomy":"product_cat","embeddable":true,"href":"https:\/\/am-printing.com\/de\/wp-json\/wp\/v2\/product_cat?post=2997"},{"taxonomy":"product_tag","embeddable":true,"href":"https:\/\/am-printing.com\/de\/wp-json\/wp\/v2\/product_tag?post=2997"}],"curies":[{"name":"wp","href":"https:\/\/api.w.org\/{rel}","templated":true}]}}