{"id":3007,"date":"2025-12-18T06:23:52","date_gmt":"2025-12-18T06:23:52","guid":{"rendered":"https:\/\/am-printing.com\/?post_type=product&#038;p=3007"},"modified":"2025-12-18T06:23:52","modified_gmt":"2025-12-18T06:23:52","slug":"h11-tool-steel-powder","status":"publish","type":"product","link":"https:\/\/am-printing.com\/de\/h11-tool-steel-powder\/","title":{"rendered":"H11 Werkzeugstahlpulver"},"content":{"rendered":"<h1>H11 Werkzeugstahlpulver<\/h1>\n<p>H11-Werkzeugstahlpulver \u2013 H11-A ist ein martensitisches, eisen-chromhaltiges, warmverformbares, lufth\u00e4rtbares Stahlpulverprodukt mit einer chemischen Zusammensetzung, die UNS T20811, ASTM A681, SAE J437, AMS 6487 und Werkstoff Nr. 1.2343 \/ X37CrMoV 5-1 \u00e4hnelt.<\/p>\n<p>H11 ist bekannt f\u00fcr seine au\u00dfergew\u00f6hnliche Z\u00e4higkeit, hohe Schlagfestigkeit und gute Rotfestigkeit und wird in der Luft- und Raumfahrt (Fahrwerke) und im Hei\u00dfwerkzeugbau (Matrizen, Stempel) mittels additiver Fertigung (AM) wie\u00a0<a href=\"https:\/\/en.wikipedia.org\/wiki\/Laser_metal_deposition\" target=\"_blank\" rel=\"noopener\">Laser-Metallabscheidung<\/a>\u00a0(LMD) und Directed Energy Deposition (DED).<\/p>\n<p>Unsere H11-Werkzeugstahlpulver k\u00f6nnen durch Gaszerst\u00e4ubung oder PREP-Verfahren hergestellt werden, um eine kugelf\u00f6rmige Form zu erhalten.<\/p>\n<p>Die typische Partikelgr\u00f6\u00dfe unseres H11-Pulvers umfasst: -20 um, -25 um, -30 um, -45 um f\u00fcr MIM oder Binder Jetting; 15-45 um, 15-53 um, 20-63 um f\u00fcr L-PBF; 45-105 um f\u00fcr E-PBF; 50-150 um f\u00fcr DED. Andere Partikelgr\u00f6\u00dfenbereiche k\u00f6nnen ebenfalls nach Kundenwunsch gesiebt werden.<\/p>\n<h3><strong>Chemische Zusammensetzung (wt%):<\/strong><\/h3>\n<p><img fetchpriority=\"high\" decoding=\"async\" class=\"alignnone size-full wp-image-3008\" src=\"https:\/\/am-printing.com\/wp-content\/uploads\/2025\/12\/H11-Tool-Steel-Powder-chemical-composition.png\" alt=\"H11 Werkzeugstahlpulver chemische Zusammensetzung\" width=\"1281\" height=\"638\" srcset=\"https:\/\/am-printing.com\/wp-content\/uploads\/2025\/12\/H11-Tool-Steel-Powder-chemical-composition.png 1281w, https:\/\/am-printing.com\/wp-content\/uploads\/2025\/12\/H11-Tool-Steel-Powder-chemical-composition-300x149.png 300w, https:\/\/am-printing.com\/wp-content\/uploads\/2025\/12\/H11-Tool-Steel-Powder-chemical-composition-1024x510.png 1024w, https:\/\/am-printing.com\/wp-content\/uploads\/2025\/12\/H11-Tool-Steel-Powder-chemical-composition-768x383.png 768w, https:\/\/am-printing.com\/wp-content\/uploads\/2025\/12\/H11-Tool-Steel-Powder-chemical-composition-18x9.png 18w, https:\/\/am-printing.com\/wp-content\/uploads\/2025\/12\/H11-Tool-Steel-Powder-chemical-composition-600x299.png 600w\" sizes=\"(max-width: 1281px) 100vw, 1281px\" \/><\/p>\n<p><strong>Morphologie:<\/strong><\/p>\n<p><img decoding=\"async\" class=\"alignnone  wp-image-3009\" src=\"https:\/\/am-printing.com\/wp-content\/uploads\/2025\/12\/H11-Tool-Steel-Powder.jpg\" alt=\"H11 Werkzeugstahlpulver\" width=\"861\" height=\"646\" srcset=\"https:\/\/am-printing.com\/wp-content\/uploads\/2025\/12\/H11-Tool-Steel-Powder.jpg 1267w, https:\/\/am-printing.com\/wp-content\/uploads\/2025\/12\/H11-Tool-Steel-Powder-300x225.jpg 300w, https:\/\/am-printing.com\/wp-content\/uploads\/2025\/12\/H11-Tool-Steel-Powder-1024x768.jpg 1024w, https:\/\/am-printing.com\/wp-content\/uploads\/2025\/12\/H11-Tool-Steel-Powder-768x576.jpg 768w, https:\/\/am-printing.com\/wp-content\/uploads\/2025\/12\/H11-Tool-Steel-Powder-16x12.jpg 16w, https:\/\/am-printing.com\/wp-content\/uploads\/2025\/12\/H11-Tool-Steel-Powder-600x450.jpg 600w\" sizes=\"(max-width: 861px) 100vw, 861px\" \/><\/p>\n<p><strong>Eigenschaften von H13 Bulk:<\/strong><\/p>\n<p>Zugfestigkeit: 2000 MPa bei Raumtemperatur gem\u00e4\u00df GB\/T228<\/p>\n<p>Streckgrenze: 1500 MPa bei Raumtemperatur gem\u00e4\u00df GB\/T228<\/p>\n<p><strong>\u00a0<\/strong><\/p>\n<p><strong>Verpacken: <\/strong><\/p>\n<p>5 kg, 10 kg, 25 kg oder nach Bedarf; Plastikflasche\/Dose oder Vakuumbeutel oder nach Bedarf.<\/p>\n<p><img decoding=\"async\" class=\"alignnone size-full wp-image-2909\" src=\"https:\/\/am-printing.com\/wp-content\/uploads\/2025\/10\/metal-powder-packing-bottle.png\" alt=\"\" width=\"366\" height=\"394\" srcset=\"https:\/\/am-printing.com\/wp-content\/uploads\/2025\/10\/metal-powder-packing-bottle.png 366w, https:\/\/am-printing.com\/wp-content\/uploads\/2025\/10\/metal-powder-packing-bottle-279x300.png 279w, https:\/\/am-printing.com\/wp-content\/uploads\/2025\/10\/metal-powder-packing-bottle-11x12.png 11w\" sizes=\"(max-width: 366px) 100vw, 366px\" \/><\/p>","protected":false},"excerpt":{"rendered":"<p>H11-A ist ein martensitisches, eisen-chromhaltiges, warmverformbares, lufth\u00e4rtbares Stahlpulverprodukt mit einer chemischen Zusammensetzung \u00e4hnlich UNS T20811, ASTM A681, SAE J437, AMS 6487 und Werkstoff Nr. 1.2343 \/ X37CrMoV 5-1.<\/p>","protected":false},"featured_media":3009,"comment_status":"closed","ping_status":"closed","template":"","meta":[],"product_brand":[],"product_cat":[43],"product_tag":[],"class_list":{"0":"post-3007","1":"product","2":"type-product","3":"status-publish","4":"has-post-thumbnail","6":"product_cat-iron-based-alloy-powder","8":"first","9":"instock","10":"shipping-taxable","11":"product-type-simple"},"_links":{"self":[{"href":"https:\/\/am-printing.com\/de\/wp-json\/wp\/v2\/product\/3007","targetHints":{"allow":["GET"]}}],"collection":[{"href":"https:\/\/am-printing.com\/de\/wp-json\/wp\/v2\/product"}],"about":[{"href":"https:\/\/am-printing.com\/de\/wp-json\/wp\/v2\/types\/product"}],"replies":[{"embeddable":true,"href":"https:\/\/am-printing.com\/de\/wp-json\/wp\/v2\/comments?post=3007"}],"wp:featuredmedia":[{"embeddable":true,"href":"https:\/\/am-printing.com\/de\/wp-json\/wp\/v2\/media\/3009"}],"wp:attachment":[{"href":"https:\/\/am-printing.com\/de\/wp-json\/wp\/v2\/media?parent=3007"}],"wp:term":[{"taxonomy":"product_brand","embeddable":true,"href":"https:\/\/am-printing.com\/de\/wp-json\/wp\/v2\/product_brand?post=3007"},{"taxonomy":"product_cat","embeddable":true,"href":"https:\/\/am-printing.com\/de\/wp-json\/wp\/v2\/product_cat?post=3007"},{"taxonomy":"product_tag","embeddable":true,"href":"https:\/\/am-printing.com\/de\/wp-json\/wp\/v2\/product_tag?post=3007"}],"curies":[{"name":"wp","href":"https:\/\/api.w.org\/{rel}","templated":true}]}}