{"id":3010,"date":"2025-12-18T06:40:24","date_gmt":"2025-12-18T06:40:24","guid":{"rendered":"https:\/\/am-printing.com\/?post_type=product&#038;p=3010"},"modified":"2025-12-18T06:40:25","modified_gmt":"2025-12-18T06:40:25","slug":"ss321-stainless-steel-powder","status":"publish","type":"product","link":"https:\/\/am-printing.com\/de\/ss321-stainless-steel-powder\/","title":{"rendered":"SS321 Edelstahlpulver"},"content":{"rendered":"<h1>SS321 Edelstahlpulver<\/h1>\n<p>SS321 Edelstahl, auch bekannt unter den Bezeichnungen UNS S32100, 1.4541 und X6CrNiTi18-10, ist f\u00fcr seine au\u00dfergew\u00f6hnliche Korrosions- und Oxidationsbest\u00e4ndigkeit bekannt und daher in vielen Branchen, wie der Luft- und Raumfahrt sowie der Automobilindustrie, die erste Wahl.<\/p>\n<p>Das kugelf\u00f6rmige SS321-Pulver wird h\u00e4ufig in der additiven Fertigung eingesetzt, z. B. bei der Laser Powder Bed Fusion (LPBF) und der gerichteten Energieabscheidung (DED).<\/p>\n<p>Unsere SS321-Pulver k\u00f6nnen durch Gaszerst\u00e4ubung oder PREP-Verfahren hergestellt werden, um eine ausgezeichnete sph\u00e4rische Form zu erhalten, die f\u00fcr AM-Anwendungen geeignet ist.<\/p>\n<p>Die typische Partikelgr\u00f6\u00dfe unseres SS321-Pulvers umfasst: 15-45um, 15-53um, 20-63um f\u00fcr L-PBF; 45-105um f\u00fcr E-PBF; 50-150um f\u00fcr DED. Andere Partikelgr\u00f6\u00dfen k\u00f6nnen auch nach den Bed\u00fcrfnissen der Kunden gesiebt werden.<\/p>\n<h3><strong>Chemische Zusammensetzung (wt%):<\/strong><\/h3>\n<p><img fetchpriority=\"high\" decoding=\"async\" class=\"alignnone size-full wp-image-3011\" src=\"https:\/\/am-printing.com\/wp-content\/uploads\/2025\/12\/SS321-Stainless-Steel-Powder-chemical-compositon.png\" alt=\"SS321 Edelstahlpulver - Chemische Zusammensetzung\" width=\"870\" height=\"491\" srcset=\"https:\/\/am-printing.com\/wp-content\/uploads\/2025\/12\/SS321-Stainless-Steel-Powder-chemical-compositon.png 870w, https:\/\/am-printing.com\/wp-content\/uploads\/2025\/12\/SS321-Stainless-Steel-Powder-chemical-compositon-300x169.png 300w, https:\/\/am-printing.com\/wp-content\/uploads\/2025\/12\/SS321-Stainless-Steel-Powder-chemical-compositon-768x433.png 768w, https:\/\/am-printing.com\/wp-content\/uploads\/2025\/12\/SS321-Stainless-Steel-Powder-chemical-compositon-18x10.png 18w, https:\/\/am-printing.com\/wp-content\/uploads\/2025\/12\/SS321-Stainless-Steel-Powder-chemical-compositon-600x339.png 600w\" sizes=\"(max-width: 870px) 100vw, 870px\" \/><\/p>\n<h3><strong>Morphologie:<\/strong><\/h3>\n<p><img decoding=\"async\" class=\"alignnone  wp-image-3012\" src=\"https:\/\/am-printing.com\/wp-content\/uploads\/2025\/12\/SEM-photo.jpg\" alt=\"SS321 PULVER\" width=\"792\" height=\"594\" srcset=\"https:\/\/am-printing.com\/wp-content\/uploads\/2025\/12\/SEM-photo.jpg 1267w, https:\/\/am-printing.com\/wp-content\/uploads\/2025\/12\/SEM-photo-300x225.jpg 300w, https:\/\/am-printing.com\/wp-content\/uploads\/2025\/12\/SEM-photo-1024x768.jpg 1024w, https:\/\/am-printing.com\/wp-content\/uploads\/2025\/12\/SEM-photo-768x576.jpg 768w, https:\/\/am-printing.com\/wp-content\/uploads\/2025\/12\/SEM-photo-16x12.jpg 16w, https:\/\/am-printing.com\/wp-content\/uploads\/2025\/12\/SEM-photo-600x450.jpg 600w\" sizes=\"(max-width: 792px) 100vw, 792px\" \/><\/p>\n<h3><strong>Verpacken: <\/strong><\/h3>\n<p>5 kg, 10 kg, 25 kg oder nach Bedarf; Plastikflasche\/Dose oder Vakuumbeutel oder nach Bedarf.<\/p>\n<p><img decoding=\"async\" class=\"alignnone size-full wp-image-2910\" src=\"https:\/\/am-printing.com\/wp-content\/uploads\/2025\/10\/metal-powder-packing-bottle-1.png\" alt=\"Metallpulver-Verpackungsflasche\" width=\"366\" height=\"394\" srcset=\"https:\/\/am-printing.com\/wp-content\/uploads\/2025\/10\/metal-powder-packing-bottle-1.png 366w, https:\/\/am-printing.com\/wp-content\/uploads\/2025\/10\/metal-powder-packing-bottle-1-279x300.png 279w, https:\/\/am-printing.com\/wp-content\/uploads\/2025\/10\/metal-powder-packing-bottle-1-11x12.png 11w\" sizes=\"(max-width: 366px) 100vw, 366px\" \/><\/p>","protected":false},"excerpt":{"rendered":"<p>SS321 Edelstahl, auch bekannt unter den Bezeichnungen UNS S32100, 1.4541 und X6CrNiTi18-10, ist f\u00fcr seine au\u00dfergew\u00f6hnliche Korrosions- und Oxidationsbest\u00e4ndigkeit bekannt und daher in vielen Branchen, wie der Luft- und Raumfahrt sowie der Automobilindustrie, die erste Wahl.<\/p>","protected":false},"featured_media":3012,"comment_status":"closed","ping_status":"closed","template":"","meta":[],"product_brand":[],"product_cat":[43],"product_tag":[],"class_list":{"0":"post-3010","1":"product","2":"type-product","3":"status-publish","4":"has-post-thumbnail","6":"product_cat-iron-based-alloy-powder","8":"first","9":"instock","10":"shipping-taxable","11":"product-type-simple"},"_links":{"self":[{"href":"https:\/\/am-printing.com\/de\/wp-json\/wp\/v2\/product\/3010","targetHints":{"allow":["GET"]}}],"collection":[{"href":"https:\/\/am-printing.com\/de\/wp-json\/wp\/v2\/product"}],"about":[{"href":"https:\/\/am-printing.com\/de\/wp-json\/wp\/v2\/types\/product"}],"replies":[{"embeddable":true,"href":"https:\/\/am-printing.com\/de\/wp-json\/wp\/v2\/comments?post=3010"}],"wp:featuredmedia":[{"embeddable":true,"href":"https:\/\/am-printing.com\/de\/wp-json\/wp\/v2\/media\/3012"}],"wp:attachment":[{"href":"https:\/\/am-printing.com\/de\/wp-json\/wp\/v2\/media?parent=3010"}],"wp:term":[{"taxonomy":"product_brand","embeddable":true,"href":"https:\/\/am-printing.com\/de\/wp-json\/wp\/v2\/product_brand?post=3010"},{"taxonomy":"product_cat","embeddable":true,"href":"https:\/\/am-printing.com\/de\/wp-json\/wp\/v2\/product_cat?post=3010"},{"taxonomy":"product_tag","embeddable":true,"href":"https:\/\/am-printing.com\/de\/wp-json\/wp\/v2\/product_tag?post=3010"}],"curies":[{"name":"wp","href":"https:\/\/api.w.org\/{rel}","templated":true}]}}