{"id":3017,"date":"2025-12-22T09:18:48","date_gmt":"2025-12-22T09:18:48","guid":{"rendered":"https:\/\/am-printing.com\/?post_type=product&#038;p=3017"},"modified":"2025-12-23T01:55:46","modified_gmt":"2025-12-23T01:55:46","slug":"fenimo-powder","status":"publish","type":"product","link":"https:\/\/am-printing.com\/de\/fenimo-powder\/","title":{"rendered":"FeNiMo-Pulver"},"content":{"rendered":"<p><strong>FeNiMo-Pulver,<\/strong>FeNiMo-kugelf\u00f6rmiges weichmagnetisches Legierungspulver besteht in der Regel aus Eisen, Nickel und Molybd\u00e4n, wobei die genaue Zusammensetzung je nach Anwendungsbereich variiert, insbesondere bei Anwendungen, die eine hohe magnetische Permeabilit\u00e4t und eine geringe Koerzitivfeldst\u00e4rke erfordern. Das Mischungsverh\u00e4ltnis und die Partikelgr\u00f6\u00dfe k\u00f6nnen je nach spezifischen Anforderungen angepasst werden.<\/p>\n<p>Der Typ FeNi42Mo4.4 verf\u00fcgt \u00fcber ausgezeichnete Gleichstromvorspannungseigenschaften, hohe magnetische S\u00e4ttigungsinduktionsfestigkeit, gute Korrosionsbest\u00e4ndigkeit und Temperaturstabilit\u00e4t.<\/p>\n<p>Unser FeNi42Mo4.4 sph\u00e4risches weichmagnetisches Legierungspulver wird in vakuumversiegelten Verpackungen von 1kg\/Beutel bis 25kg\/Fass oder in kundenspezifischen Verpackungen nach spezifischen Anforderungen angeboten.<\/p>\n<p>Je nach Kundenwunsch stehen verschiedene Korngr\u00f6\u00dfenbereiche zur Verf\u00fcgung, z. B. 5-25\u03bcm, 15-45\u03bcm, 15-53um und 45-105\u03bcm.<\/p>\n<h3><strong>FeNiMo-Pulver SEM-Foto:<\/strong><\/h3>\n<p><img fetchpriority=\"high\" decoding=\"async\" class=\"alignnone wp-image-3018\" src=\"https:\/\/am-printing.com\/wp-content\/uploads\/2025\/12\/FeNiMo-powder.png\" alt=\"FeNiMo-Pulver\" width=\"434\" height=\"347\" srcset=\"https:\/\/am-printing.com\/wp-content\/uploads\/2025\/12\/FeNiMo-powder.png 1109w, https:\/\/am-printing.com\/wp-content\/uploads\/2025\/12\/FeNiMo-powder-300x240.png 300w, https:\/\/am-printing.com\/wp-content\/uploads\/2025\/12\/FeNiMo-powder-1024x819.png 1024w, https:\/\/am-printing.com\/wp-content\/uploads\/2025\/12\/FeNiMo-powder-768x614.png 768w, https:\/\/am-printing.com\/wp-content\/uploads\/2025\/12\/FeNiMo-powder-15x12.png 15w, https:\/\/am-printing.com\/wp-content\/uploads\/2025\/12\/FeNiMo-powder-600x480.png 600w\" sizes=\"(max-width: 434px) 100vw, 434px\" \/><\/p>\n<h3><strong>COA von FeNi42Mo4.4 mit PSD 15-45um:<\/strong><\/h3>\n<p><img decoding=\"async\" class=\"alignnone wp-image-3019\" src=\"https:\/\/am-printing.com\/wp-content\/uploads\/2025\/12\/FeNiMo-powder-COA.png\" alt=\"FeNiMo-Pulver COA\" width=\"649\" height=\"455\" srcset=\"https:\/\/am-printing.com\/wp-content\/uploads\/2025\/12\/FeNiMo-powder-COA.png 869w, https:\/\/am-printing.com\/wp-content\/uploads\/2025\/12\/FeNiMo-powder-COA-300x210.png 300w, https:\/\/am-printing.com\/wp-content\/uploads\/2025\/12\/FeNiMo-powder-COA-768x538.png 768w, https:\/\/am-printing.com\/wp-content\/uploads\/2025\/12\/FeNiMo-powder-COA-18x12.png 18w, https:\/\/am-printing.com\/wp-content\/uploads\/2025\/12\/FeNiMo-powder-COA-600x420.png 600w\" sizes=\"(max-width: 649px) 100vw, 649px\" \/><\/p>\n<h3><strong>FeNiMo-Pulver Verpackung: <\/strong><\/h3>\n<p>5 kg, 10 kg, 25 kg oder nach Bedarf; Plastikflasche\/Dose oder Vakuumbeutel oder nach Bedarf.<\/p>\n<p><img decoding=\"async\" class=\"alignnone size-full wp-image-3020\" src=\"https:\/\/am-printing.com\/wp-content\/uploads\/2025\/12\/FeNiMo-powder-packing.png\" alt=\"FeNiMo-Pulververpackung\" width=\"414\" height=\"523\" srcset=\"https:\/\/am-printing.com\/wp-content\/uploads\/2025\/12\/FeNiMo-powder-packing.png 414w, https:\/\/am-printing.com\/wp-content\/uploads\/2025\/12\/FeNiMo-powder-packing-237x300.png 237w, https:\/\/am-printing.com\/wp-content\/uploads\/2025\/12\/FeNiMo-powder-packing-9x12.png 9w\" sizes=\"(max-width: 414px) 100vw, 414px\" \/><\/p>","protected":false},"excerpt":{"rendered":"<p>FeNiMo-kugelf\u00f6rmiges weichmagnetisches Legierungspulver besteht in der Regel aus Eisen, Nickel und Molybd\u00e4n, wobei die genaue Zusammensetzung je nach Anwendungsbereich variiert, insbesondere bei Anwendungen, die eine hohe magnetische Permeabilit\u00e4t und eine geringe Koerzitivfeldst\u00e4rke erfordern. Das Mischungsverh\u00e4ltnis und die Partikelgr\u00f6\u00dfe k\u00f6nnen je nach spezifischen Anforderungen angepasst werden.<\/p>","protected":false},"featured_media":3018,"comment_status":"closed","ping_status":"closed","template":"","meta":[],"product_brand":[],"product_cat":[100],"product_tag":[],"class_list":{"0":"post-3017","1":"product","2":"type-product","3":"status-publish","4":"has-post-thumbnail","6":"product_cat-soft-magnetic-powder","8":"first","9":"instock","10":"shipping-taxable","11":"product-type-simple"},"_links":{"self":[{"href":"https:\/\/am-printing.com\/de\/wp-json\/wp\/v2\/product\/3017","targetHints":{"allow":["GET"]}}],"collection":[{"href":"https:\/\/am-printing.com\/de\/wp-json\/wp\/v2\/product"}],"about":[{"href":"https:\/\/am-printing.com\/de\/wp-json\/wp\/v2\/types\/product"}],"replies":[{"embeddable":true,"href":"https:\/\/am-printing.com\/de\/wp-json\/wp\/v2\/comments?post=3017"}],"wp:featuredmedia":[{"embeddable":true,"href":"https:\/\/am-printing.com\/de\/wp-json\/wp\/v2\/media\/3018"}],"wp:attachment":[{"href":"https:\/\/am-printing.com\/de\/wp-json\/wp\/v2\/media?parent=3017"}],"wp:term":[{"taxonomy":"product_brand","embeddable":true,"href":"https:\/\/am-printing.com\/de\/wp-json\/wp\/v2\/product_brand?post=3017"},{"taxonomy":"product_cat","embeddable":true,"href":"https:\/\/am-printing.com\/de\/wp-json\/wp\/v2\/product_cat?post=3017"},{"taxonomy":"product_tag","embeddable":true,"href":"https:\/\/am-printing.com\/de\/wp-json\/wp\/v2\/product_tag?post=3017"}],"curies":[{"name":"wp","href":"https:\/\/api.w.org\/{rel}","templated":true}]}}