{"id":3030,"date":"2025-12-30T04:01:45","date_gmt":"2025-12-30T04:01:45","guid":{"rendered":"https:\/\/am-printing.com\/?post_type=product&#038;p=3030"},"modified":"2025-12-30T04:01:46","modified_gmt":"2025-12-30T04:01:46","slug":"pure-cobalt-powder","status":"publish","type":"product","link":"https:\/\/am-printing.com\/de\/pure-cobalt-powder\/","title":{"rendered":"Reines Kobalt-Pulver"},"content":{"rendered":"<h1>Reines Kobaltpulver f\u00fcr die additive Fertigung (3D-Druck)<\/h1>\n<p>Reines Kobaltpulver ,Kobalt, das als Bindemetall f\u00fcr Wolframkarbid (WC) bekannt ist, liefert die Z\u00e4higkeit f\u00fcr die Anwendung von Schneidwerkzeugen, Bergbauwerkzeugen und Verschlei\u00dfteilen. Es ist auch ein wesentliches Legierungselement zur Herstellung von Teilen, die Hochtemperaturkriechen, Oxidation und Verschlei\u00df f\u00fcr Turbinenschaufeln in D\u00fcsentriebwerken und Gasturbinen widerstehen.<\/p>\n<p>TRUER bietet reines Kobalt (Co)-Pulver f\u00fcr die additive Fertigung (insbesondere f\u00fcr Pulverbettschmelzverfahren wie das selektive Laserschmelzen (SLM)), aber auch f\u00fcr die additive Fertigung mit Elektronenstrahl (EBM), die Pulvermetallurgie (PM), das Spr\u00fchen und andere Verfahren.<\/p>\n<p>Die Partikelgr\u00f6\u00dfe kann 0-25\u03bcm, 0-45\u03bcm, 15-45\u03bcm, 15-53\u03bcm, 45-150\u03bcm oder andere Partikelgr\u00f6\u00dfenbereiche auf Anfrage betragen.<\/p>\n<p>&nbsp;<\/p>\n<p><strong>Chemische Zusammensetzung:<\/strong><\/p>\n<p><img fetchpriority=\"high\" decoding=\"async\" class=\"alignnone  wp-image-3031\" src=\"https:\/\/am-printing.com\/wp-content\/uploads\/2025\/12\/Pure-Cobalt-Powder-chemical-composition.png\" alt=\"Chemische Zusammensetzung von reinem Kobaltpulver\" width=\"807\" height=\"235\" srcset=\"https:\/\/am-printing.com\/wp-content\/uploads\/2025\/12\/Pure-Cobalt-Powder-chemical-composition.png 1276w, https:\/\/am-printing.com\/wp-content\/uploads\/2025\/12\/Pure-Cobalt-Powder-chemical-composition-300x87.png 300w, https:\/\/am-printing.com\/wp-content\/uploads\/2025\/12\/Pure-Cobalt-Powder-chemical-composition-1024x298.png 1024w, https:\/\/am-printing.com\/wp-content\/uploads\/2025\/12\/Pure-Cobalt-Powder-chemical-composition-768x223.png 768w, https:\/\/am-printing.com\/wp-content\/uploads\/2025\/12\/Pure-Cobalt-Powder-chemical-composition-18x5.png 18w, https:\/\/am-printing.com\/wp-content\/uploads\/2025\/12\/Pure-Cobalt-Powder-chemical-composition-600x174.png 600w\" sizes=\"(max-width: 807px) 100vw, 807px\" \/><\/p>\n<p><strong>Morphologie des Pulvers:<\/strong><\/p>\n<p><img decoding=\"async\" class=\"alignnone  wp-image-3032\" src=\"https:\/\/am-printing.com\/wp-content\/uploads\/2025\/12\/Pure-Cobalt-Powder.jpg\" alt=\"Reines Kobalt-Pulver\" width=\"686\" height=\"515\" srcset=\"https:\/\/am-printing.com\/wp-content\/uploads\/2025\/12\/Pure-Cobalt-Powder.jpg 1024w, https:\/\/am-printing.com\/wp-content\/uploads\/2025\/12\/Pure-Cobalt-Powder-300x225.jpg 300w, https:\/\/am-printing.com\/wp-content\/uploads\/2025\/12\/Pure-Cobalt-Powder-768x576.jpg 768w, https:\/\/am-printing.com\/wp-content\/uploads\/2025\/12\/Pure-Cobalt-Powder-16x12.jpg 16w, https:\/\/am-printing.com\/wp-content\/uploads\/2025\/12\/Pure-Cobalt-Powder-600x450.jpg 600w\" sizes=\"(max-width: 686px) 100vw, 686px\" \/><\/p>\n<p>&nbsp;<\/p>\n<p><strong>Kontrollbereich der Partikelgr\u00f6\u00dfe:<\/strong><\/p>\n<p><img decoding=\"async\" class=\"alignnone size-full wp-image-3033\" src=\"https:\/\/am-printing.com\/wp-content\/uploads\/2025\/12\/Co-powder-particle-size-distribution-PSD.png\" alt=\"Co-Pulver-Partikelgr\u00f6\u00dfenverteilung PSD\" width=\"739\" height=\"163\" srcset=\"https:\/\/am-printing.com\/wp-content\/uploads\/2025\/12\/Co-powder-particle-size-distribution-PSD.png 739w, https:\/\/am-printing.com\/wp-content\/uploads\/2025\/12\/Co-powder-particle-size-distribution-PSD-300x66.png 300w, https:\/\/am-printing.com\/wp-content\/uploads\/2025\/12\/Co-powder-particle-size-distribution-PSD-18x4.png 18w, https:\/\/am-printing.com\/wp-content\/uploads\/2025\/12\/Co-powder-particle-size-distribution-PSD-600x132.png 600w\" sizes=\"(max-width: 739px) 100vw, 739px\" \/><\/p>\n<p><strong>Verpackung:<\/strong><\/p>\n<p>TRUER-Pulver sind in 1, 2, 5, 10 und 20 kg erh\u00e4ltlich, verpackt in Kunststoffflaschen oder -beuteln, die mit Inertgas oder Vakuum gef\u00fcllt sind.<\/p>\n<p>&nbsp;<\/p>\n<p><strong>Dokument:<\/strong><\/p>\n<p>Wir liefern COA (Analysezertifikat, Pr\u00fcfbericht) und MSDS f\u00fcr jede Bestellung.<\/p>\n<p>&nbsp;<\/p>","protected":false},"excerpt":{"rendered":"<p>Kobalt, das als Bindemetall f\u00fcr Wolframkarbid (WC) bekannt ist, sorgt f\u00fcr die n\u00f6tige Z\u00e4higkeit bei der Herstellung von Schneidwerkzeugen, Bergbauwerkzeugen und Verschlei\u00dfteilen. Es ist auch ein wesentliches Legierungselement f\u00fcr die Herstellung von Teilen, die bei hohen Temperaturen kriech-, oxidations- und verschlei\u00dffest sind, z. B. f\u00fcr Turbinenschaufeln in Strahltriebwerken und Gasturbinen.<\/p>","protected":false},"featured_media":3032,"comment_status":"closed","ping_status":"closed","template":"","meta":[],"product_brand":[],"product_cat":[96],"product_tag":[],"class_list":{"0":"post-3030","1":"product","2":"type-product","3":"status-publish","4":"has-post-thumbnail","6":"product_cat-cobalt-based-alloy-powder","8":"first","9":"instock","10":"shipping-taxable","11":"product-type-simple"},"_links":{"self":[{"href":"https:\/\/am-printing.com\/de\/wp-json\/wp\/v2\/product\/3030","targetHints":{"allow":["GET"]}}],"collection":[{"href":"https:\/\/am-printing.com\/de\/wp-json\/wp\/v2\/product"}],"about":[{"href":"https:\/\/am-printing.com\/de\/wp-json\/wp\/v2\/types\/product"}],"replies":[{"embeddable":true,"href":"https:\/\/am-printing.com\/de\/wp-json\/wp\/v2\/comments?post=3030"}],"wp:featuredmedia":[{"embeddable":true,"href":"https:\/\/am-printing.com\/de\/wp-json\/wp\/v2\/media\/3032"}],"wp:attachment":[{"href":"https:\/\/am-printing.com\/de\/wp-json\/wp\/v2\/media?parent=3030"}],"wp:term":[{"taxonomy":"product_brand","embeddable":true,"href":"https:\/\/am-printing.com\/de\/wp-json\/wp\/v2\/product_brand?post=3030"},{"taxonomy":"product_cat","embeddable":true,"href":"https:\/\/am-printing.com\/de\/wp-json\/wp\/v2\/product_cat?post=3030"},{"taxonomy":"product_tag","embeddable":true,"href":"https:\/\/am-printing.com\/de\/wp-json\/wp\/v2\/product_tag?post=3030"}],"curies":[{"name":"wp","href":"https:\/\/api.w.org\/{rel}","templated":true}]}}