{"id":3034,"date":"2026-01-06T06:08:31","date_gmt":"2026-01-06T06:08:31","guid":{"rendered":"https:\/\/am-printing.com\/?post_type=product&#038;p=3034"},"modified":"2026-01-06T06:08:31","modified_gmt":"2026-01-06T06:08:31","slug":"alsi60-spherical-powder","status":"publish","type":"product","link":"https:\/\/am-printing.com\/de\/alsi60-spherical-powder\/","title":{"rendered":"AlSi60 Kugelf\u00f6rmiges Pulver"},"content":{"rendered":"<h1>AlSi60 Kugelf\u00f6rmiges Pulver<\/h1>\n<p><strong>Aluminium-Silizium-Legierungspulver (AlSix)\u00a0<\/strong>hat ein gutes Verh\u00e4ltnis von Festigkeit zu Gewicht, eine hervorragende Gie\u00dfbarkeit und eine geringe W\u00e4rmeausdehnung. Es kann f\u00fcr LPBF\/SLM verwendet werden, um komplexe und leichte Teile f\u00fcr die Luft- und Raumfahrt und die Automobilindustrie herzustellen. Es ist auch eine Schwei\u00dfzusatzwerkstofflegierung zum Verbinden von Aluminiumkomponenten.<\/p>\n<p>Die kugelf\u00f6rmigen AlSi60-Pulver werden durch Gaszerst\u00e4ubung hergestellt und zeichnen sich durch hervorragende Sph\u00e4rizit\u00e4t, Flie\u00dff\u00e4higkeit und einen geringen Sauerstoffgehalt aus, was ideal f\u00fcr die additive Fertigung (3D-Druck) ist.<\/p>\n<p>Die Partikelgr\u00f6\u00dfe umfasst 0-45um, 15-53um, 20-63um, 45-105um oder kundenspezifisch auf Anfrage.<\/p>\n<p><strong>Morphologie:<\/strong><\/p>\n<p><strong> <img fetchpriority=\"high\" decoding=\"async\" class=\"alignnone size-full wp-image-3035\" src=\"https:\/\/am-printing.com\/wp-content\/uploads\/2026\/01\/AlSi60-powder.png\" alt=\"AlSi60-Pulver\" width=\"487\" height=\"388\" srcset=\"https:\/\/am-printing.com\/wp-content\/uploads\/2026\/01\/AlSi60-powder.png 487w, https:\/\/am-printing.com\/wp-content\/uploads\/2026\/01\/AlSi60-powder-300x239.png 300w, https:\/\/am-printing.com\/wp-content\/uploads\/2026\/01\/AlSi60-powder-15x12.png 15w\" sizes=\"(max-width: 487px) 100vw, 487px\" \/><\/strong><\/p>\n<p><strong>COA von AlSi60-Pulver:<\/strong><\/p>\n<p><img decoding=\"async\" class=\"alignnone size-full wp-image-3036\" src=\"https:\/\/am-printing.com\/wp-content\/uploads\/2026\/01\/AlSi60-powder-chemical-composition.png\" alt=\"AlSi60-Pulver COA\" width=\"671\" height=\"662\" srcset=\"https:\/\/am-printing.com\/wp-content\/uploads\/2026\/01\/AlSi60-powder-chemical-composition.png 671w, https:\/\/am-printing.com\/wp-content\/uploads\/2026\/01\/AlSi60-powder-chemical-composition-300x296.png 300w, https:\/\/am-printing.com\/wp-content\/uploads\/2026\/01\/AlSi60-powder-chemical-composition-12x12.png 12w, https:\/\/am-printing.com\/wp-content\/uploads\/2026\/01\/AlSi60-powder-chemical-composition-600x592.png 600w, https:\/\/am-printing.com\/wp-content\/uploads\/2026\/01\/AlSi60-powder-chemical-composition-100x100.png 100w\" sizes=\"(max-width: 671px) 100vw, 671px\" \/><\/p>\n<p><strong>Verpacken: <\/strong><\/p>\n<p>5kg, 10kg, 25kg oder nach Bedarf; verpackt in Plastikflaschen\/-dosen oder Vakuumbeuteln.<\/p>\n<p><img decoding=\"async\" class=\"alignnone size-full wp-image-3037\" src=\"https:\/\/am-printing.com\/wp-content\/uploads\/2026\/01\/AlSi60-powder-package.png\" alt=\"AlSi60-Pulver-Paket\" width=\"488\" height=\"428\" srcset=\"https:\/\/am-printing.com\/wp-content\/uploads\/2026\/01\/AlSi60-powder-package.png 488w, https:\/\/am-printing.com\/wp-content\/uploads\/2026\/01\/AlSi60-powder-package-300x263.png 300w, https:\/\/am-printing.com\/wp-content\/uploads\/2026\/01\/AlSi60-powder-package-14x12.png 14w\" sizes=\"(max-width: 488px) 100vw, 488px\" \/><img loading=\"lazy\" decoding=\"async\" class=\"alignnone  wp-image-2800\" src=\"https:\/\/am-printing.com\/wp-content\/uploads\/2025\/09\/PACKING.png\" alt=\"VERPACKUNG\" width=\"334\" height=\"430\" srcset=\"https:\/\/am-printing.com\/wp-content\/uploads\/2025\/09\/PACKING.png 386w, https:\/\/am-printing.com\/wp-content\/uploads\/2025\/09\/PACKING-233x300.png 233w, https:\/\/am-printing.com\/wp-content\/uploads\/2025\/09\/PACKING-9x12.png 9w\" sizes=\"(max-width: 334px) 100vw, 334px\" \/><\/p>","protected":false},"excerpt":{"rendered":"<p><strong>Aluminium-Silizium-Legierungspulver (AlSix)\u00a0<\/strong>hat ein gutes Verh\u00e4ltnis von Festigkeit zu Gewicht, eine hervorragende Gie\u00dfbarkeit und eine geringe W\u00e4rmeausdehnung. Es kann f\u00fcr LPBF\/SLM verwendet werden, um komplexe und leichte Teile f\u00fcr die Luft- und Raumfahrt und die Automobilindustrie herzustellen. Es ist auch eine Schwei\u00dfzusatzwerkstofflegierung zum Verbinden von Aluminiumkomponenten.<\/p>","protected":false},"featured_media":3035,"comment_status":"closed","ping_status":"closed","template":"","meta":[],"product_brand":[],"product_cat":[45],"product_tag":[],"class_list":{"0":"post-3034","1":"product","2":"type-product","3":"status-publish","4":"has-post-thumbnail","6":"product_cat-aluminum-based-alloy-powder","8":"first","9":"instock","10":"shipping-taxable","11":"product-type-simple"},"_links":{"self":[{"href":"https:\/\/am-printing.com\/de\/wp-json\/wp\/v2\/product\/3034","targetHints":{"allow":["GET"]}}],"collection":[{"href":"https:\/\/am-printing.com\/de\/wp-json\/wp\/v2\/product"}],"about":[{"href":"https:\/\/am-printing.com\/de\/wp-json\/wp\/v2\/types\/product"}],"replies":[{"embeddable":true,"href":"https:\/\/am-printing.com\/de\/wp-json\/wp\/v2\/comments?post=3034"}],"wp:featuredmedia":[{"embeddable":true,"href":"https:\/\/am-printing.com\/de\/wp-json\/wp\/v2\/media\/3035"}],"wp:attachment":[{"href":"https:\/\/am-printing.com\/de\/wp-json\/wp\/v2\/media?parent=3034"}],"wp:term":[{"taxonomy":"product_brand","embeddable":true,"href":"https:\/\/am-printing.com\/de\/wp-json\/wp\/v2\/product_brand?post=3034"},{"taxonomy":"product_cat","embeddable":true,"href":"https:\/\/am-printing.com\/de\/wp-json\/wp\/v2\/product_cat?post=3034"},{"taxonomy":"product_tag","embeddable":true,"href":"https:\/\/am-printing.com\/de\/wp-json\/wp\/v2\/product_tag?post=3034"}],"curies":[{"name":"wp","href":"https:\/\/api.w.org\/{rel}","templated":true}]}}