{"id":3038,"date":"2026-01-06T06:34:29","date_gmt":"2026-01-06T06:34:29","guid":{"rendered":"https:\/\/am-printing.com\/?post_type=product&#038;p=3038"},"modified":"2026-01-06T06:36:19","modified_gmt":"2026-01-06T06:36:19","slug":"alsi50-spherical-powder","status":"publish","type":"product","link":"https:\/\/am-printing.com\/de\/alsi50-spherical-powder\/","title":{"rendered":"AlSi50 Kugelf\u00f6rmiges Pulver"},"content":{"rendered":"<h1>AlSi50 Kugelf\u00f6rmiges Pulver<\/h1>\n<p><strong>Aluminium-Silizium-Legierungspulver (AlSix)\u00a0<\/strong>hat ein gutes Verh\u00e4ltnis von Festigkeit zu Gewicht, eine hervorragende Gie\u00dfbarkeit und eine geringe W\u00e4rmeausdehnung. Es kann f\u00fcr LPBF\/SLM verwendet werden, um komplexe und leichte Teile f\u00fcr die Luft- und Raumfahrt und die Automobilindustrie herzustellen. Es ist auch eine Schwei\u00dfzusatzwerkstofflegierung zum Verbinden von Aluminiumkomponenten.<\/p>\n<p>Die kugelf\u00f6rmigen AlSi50-Pulver werden durch Gaszerst\u00e4ubung hergestellt und zeichnen sich durch hervorragende Sph\u00e4rizit\u00e4t, Flie\u00dff\u00e4higkeit und einen geringen Sauerstoffgehalt aus, was ideal f\u00fcr die additive Fertigung (3D-Druck) ist.<\/p>\n<p>Die Partikelgr\u00f6\u00dfe umfasst 0-45um, 15-53um, 20-63um, 45-105um oder kundenspezifisch auf Anfrage.<\/p>\n<p><strong>Morphologie:<\/strong><\/p>\n<p><img fetchpriority=\"high\" decoding=\"async\" class=\"alignnone size-full wp-image-3041\" src=\"https:\/\/am-printing.com\/wp-content\/uploads\/2026\/01\/AlSi50-Spherical-Powder.png\" alt=\"AlSi50 Kugelf\u00f6rmiges Pulver\" width=\"354\" height=\"347\" srcset=\"https:\/\/am-printing.com\/wp-content\/uploads\/2026\/01\/AlSi50-Spherical-Powder.png 354w, https:\/\/am-printing.com\/wp-content\/uploads\/2026\/01\/AlSi50-Spherical-Powder-300x294.png 300w, https:\/\/am-printing.com\/wp-content\/uploads\/2026\/01\/AlSi50-Spherical-Powder-12x12.png 12w\" sizes=\"(max-width: 354px) 100vw, 354px\" \/><\/p>\n<p><strong>COA von AlSi50-Pulver mit PSD 20-63um:<\/strong><\/p>\n<p><img decoding=\"async\" class=\"alignnone size-full wp-image-3042\" src=\"https:\/\/am-printing.com\/wp-content\/uploads\/2026\/01\/AlSi50-Spherical-Powder-COA-1.png\" alt=\"AlSi50 Kugelf\u00f6rmiges Pulver COA\" width=\"679\" height=\"669\" srcset=\"https:\/\/am-printing.com\/wp-content\/uploads\/2026\/01\/AlSi50-Spherical-Powder-COA-1.png 679w, https:\/\/am-printing.com\/wp-content\/uploads\/2026\/01\/AlSi50-Spherical-Powder-COA-1-300x296.png 300w, https:\/\/am-printing.com\/wp-content\/uploads\/2026\/01\/AlSi50-Spherical-Powder-COA-1-12x12.png 12w, https:\/\/am-printing.com\/wp-content\/uploads\/2026\/01\/AlSi50-Spherical-Powder-COA-1-600x591.png 600w, https:\/\/am-printing.com\/wp-content\/uploads\/2026\/01\/AlSi50-Spherical-Powder-COA-1-100x100.png 100w\" sizes=\"(max-width: 679px) 100vw, 679px\" \/><\/p>\n<p><strong>Verpacken: <\/strong><\/p>\n<p>5kg, 10kg, 25kg oder nach Bedarf; verpackt in Plastikflaschen\/-dosen oder Vakuumbeuteln.<\/p>\n<p><img decoding=\"async\" class=\"alignnone size-full wp-image-3043\" src=\"https:\/\/am-printing.com\/wp-content\/uploads\/2026\/01\/ALSI50-POWDER-packing.png\" alt=\"ALSI50 POWDER Verpackung\" width=\"484\" height=\"420\" srcset=\"https:\/\/am-printing.com\/wp-content\/uploads\/2026\/01\/ALSI50-POWDER-packing.png 484w, https:\/\/am-printing.com\/wp-content\/uploads\/2026\/01\/ALSI50-POWDER-packing-300x260.png 300w, https:\/\/am-printing.com\/wp-content\/uploads\/2026\/01\/ALSI50-POWDER-packing-14x12.png 14w\" sizes=\"(max-width: 484px) 100vw, 484px\" \/><\/p>","protected":false},"excerpt":{"rendered":"<p><strong>Aluminium-Silizium-Legierungspulver (AlSix)\u00a0<\/strong>hat ein gutes Verh\u00e4ltnis von Festigkeit zu Gewicht, eine hervorragende Gie\u00dfbarkeit und eine geringe W\u00e4rmeausdehnung. Es kann f\u00fcr LPBF\/SLM verwendet werden, um komplexe und leichte Teile f\u00fcr die Luft- und Raumfahrt und die Automobilindustrie herzustellen. Es ist auch eine Schwei\u00dfzusatzwerkstofflegierung zum Verbinden von Aluminiumkomponenten.<\/p>","protected":false},"featured_media":3041,"comment_status":"closed","ping_status":"closed","template":"","meta":[],"product_brand":[],"product_cat":[45],"product_tag":[],"class_list":{"0":"post-3038","1":"product","2":"type-product","3":"status-publish","4":"has-post-thumbnail","6":"product_cat-aluminum-based-alloy-powder","8":"first","9":"instock","10":"shipping-taxable","11":"product-type-simple"},"_links":{"self":[{"href":"https:\/\/am-printing.com\/de\/wp-json\/wp\/v2\/product\/3038","targetHints":{"allow":["GET"]}}],"collection":[{"href":"https:\/\/am-printing.com\/de\/wp-json\/wp\/v2\/product"}],"about":[{"href":"https:\/\/am-printing.com\/de\/wp-json\/wp\/v2\/types\/product"}],"replies":[{"embeddable":true,"href":"https:\/\/am-printing.com\/de\/wp-json\/wp\/v2\/comments?post=3038"}],"wp:featuredmedia":[{"embeddable":true,"href":"https:\/\/am-printing.com\/de\/wp-json\/wp\/v2\/media\/3041"}],"wp:attachment":[{"href":"https:\/\/am-printing.com\/de\/wp-json\/wp\/v2\/media?parent=3038"}],"wp:term":[{"taxonomy":"product_brand","embeddable":true,"href":"https:\/\/am-printing.com\/de\/wp-json\/wp\/v2\/product_brand?post=3038"},{"taxonomy":"product_cat","embeddable":true,"href":"https:\/\/am-printing.com\/de\/wp-json\/wp\/v2\/product_cat?post=3038"},{"taxonomy":"product_tag","embeddable":true,"href":"https:\/\/am-printing.com\/de\/wp-json\/wp\/v2\/product_tag?post=3038"}],"curies":[{"name":"wp","href":"https:\/\/api.w.org\/{rel}","templated":true}]}}