{"id":3048,"date":"2026-01-14T03:27:49","date_gmt":"2026-01-14T03:27:49","guid":{"rendered":"https:\/\/am-printing.com\/?post_type=product&#038;p=3048"},"modified":"2026-01-14T03:29:13","modified_gmt":"2026-01-14T03:29:13","slug":"spherical-pure-silicon-powder","status":"publish","type":"product","link":"https:\/\/am-printing.com\/de\/spherical-pure-silicon-powder\/","title":{"rendered":"Sph\u00e4risches reines Siliziumpulver"},"content":{"rendered":"<h1><strong>Sph\u00e4risches reines Siliziumpulver<\/strong><\/h1>\n<p>Siliziummetall kann in gro\u00dfem Umfang in der Elektronik (Mikrochips, Solarzellen), in modernen Werkstoffen (Keramik, Sputtertargets) und in der Energiespeicherung (Lithium-Ionen-Batterien) eingesetzt werden und ist in verschiedenen Partikelgr\u00f6\u00dfen erh\u00e4ltlich.<\/p>\n<p>Unser reines Si-Pulver wird durch Plasmasph\u00e4roidisierung hergestellt, um eine ausgezeichnete chemische homogene Zusammensetzung und hohe Reinheit, die beste Sph\u00e4rizit\u00e4t und fast keine Hohl- und Satellitenpulver zu erreichen.<\/p>\n<p>Die Partikelgr\u00f6\u00dfe kann nach den Spezifikationen der Kunden angepasst werden. Normalerweise umfassen unsere gemeinsamen Partikelgr\u00f6\u00dfen PSD 1545um, 15-53um, 20-63um, 45-105um, 53-150um.<\/p>\n<p><strong>COA von kugelf\u00f6rmigem Si-Pulver, 20-63um:<\/strong><\/p>\n<p><img fetchpriority=\"high\" decoding=\"async\" class=\"alignnone size-full wp-image-3049\" src=\"https:\/\/am-printing.com\/wp-content\/uploads\/2026\/01\/COA-Spherical-Pure-Silicon-Powder.png\" alt=\"COA Sph\u00e4risches reines Siliziumpulver\" width=\"1079\" height=\"660\" srcset=\"https:\/\/am-printing.com\/wp-content\/uploads\/2026\/01\/COA-Spherical-Pure-Silicon-Powder.png 1079w, https:\/\/am-printing.com\/wp-content\/uploads\/2026\/01\/COA-Spherical-Pure-Silicon-Powder-300x184.png 300w, https:\/\/am-printing.com\/wp-content\/uploads\/2026\/01\/COA-Spherical-Pure-Silicon-Powder-1024x626.png 1024w, https:\/\/am-printing.com\/wp-content\/uploads\/2026\/01\/COA-Spherical-Pure-Silicon-Powder-768x470.png 768w, https:\/\/am-printing.com\/wp-content\/uploads\/2026\/01\/COA-Spherical-Pure-Silicon-Powder-18x12.png 18w, https:\/\/am-printing.com\/wp-content\/uploads\/2026\/01\/COA-Spherical-Pure-Silicon-Powder-600x367.png 600w\" sizes=\"(max-width: 1079px) 100vw, 1079px\" \/><\/p>\n<p><strong>Prozess der Plasma-Sph\u00e4roidisierung:\u00a0 \u00a0 \u00a0 \u00a0 \u00a0 \u00a0<\/strong><\/p>\n<p><img decoding=\"async\" class=\"alignnone size-full wp-image-3051\" src=\"https:\/\/am-printing.com\/wp-content\/uploads\/2026\/01\/process-Spherical-Pure-Silicon-Powder.png\" alt=\"Prozess Sph\u00e4risches Reines Siliziumpulver\" width=\"317\" height=\"448\" srcset=\"https:\/\/am-printing.com\/wp-content\/uploads\/2026\/01\/process-Spherical-Pure-Silicon-Powder.png 317w, https:\/\/am-printing.com\/wp-content\/uploads\/2026\/01\/process-Spherical-Pure-Silicon-Powder-212x300.png 212w, https:\/\/am-printing.com\/wp-content\/uploads\/2026\/01\/process-Spherical-Pure-Silicon-Powder-8x12.png 8w\" sizes=\"(max-width: 317px) 100vw, 317px\" \/><\/p>\n<p><strong>SEM-Foto:<\/strong><\/p>\n<p><img decoding=\"async\" class=\"alignnone size-full wp-image-3050\" src=\"https:\/\/am-printing.com\/wp-content\/uploads\/2026\/01\/Spherical-Pure-Silicon-Powder.png\" alt=\"Sph\u00e4risches reines Siliziumpulver\" width=\"352\" height=\"266\" srcset=\"https:\/\/am-printing.com\/wp-content\/uploads\/2026\/01\/Spherical-Pure-Silicon-Powder.png 352w, https:\/\/am-printing.com\/wp-content\/uploads\/2026\/01\/Spherical-Pure-Silicon-Powder-300x227.png 300w, https:\/\/am-printing.com\/wp-content\/uploads\/2026\/01\/Spherical-Pure-Silicon-Powder-16x12.png 16w\" sizes=\"(max-width: 352px) 100vw, 352px\" \/><\/p>","protected":false},"excerpt":{"rendered":"<p>Siliziummetall kann in gro\u00dfem Umfang in der Elektronik (Mikrochips, Solarzellen), in modernen Werkstoffen (Keramik, Sputtertargets) und in der Energiespeicherung (Lithium-Ionen-Batterien) eingesetzt werden und ist in verschiedenen Partikelgr\u00f6\u00dfen erh\u00e4ltlich.<\/p>","protected":false},"featured_media":3050,"comment_status":"closed","ping_status":"closed","template":"","meta":[],"product_brand":[],"product_cat":[23],"product_tag":[],"class_list":{"0":"post-3048","1":"product","2":"type-product","3":"status-publish","4":"has-post-thumbnail","6":"product_cat-refractory-metal-powder","8":"first","9":"instock","10":"shipping-taxable","11":"product-type-simple"},"_links":{"self":[{"href":"https:\/\/am-printing.com\/de\/wp-json\/wp\/v2\/product\/3048","targetHints":{"allow":["GET"]}}],"collection":[{"href":"https:\/\/am-printing.com\/de\/wp-json\/wp\/v2\/product"}],"about":[{"href":"https:\/\/am-printing.com\/de\/wp-json\/wp\/v2\/types\/product"}],"replies":[{"embeddable":true,"href":"https:\/\/am-printing.com\/de\/wp-json\/wp\/v2\/comments?post=3048"}],"wp:featuredmedia":[{"embeddable":true,"href":"https:\/\/am-printing.com\/de\/wp-json\/wp\/v2\/media\/3050"}],"wp:attachment":[{"href":"https:\/\/am-printing.com\/de\/wp-json\/wp\/v2\/media?parent=3048"}],"wp:term":[{"taxonomy":"product_brand","embeddable":true,"href":"https:\/\/am-printing.com\/de\/wp-json\/wp\/v2\/product_brand?post=3048"},{"taxonomy":"product_cat","embeddable":true,"href":"https:\/\/am-printing.com\/de\/wp-json\/wp\/v2\/product_cat?post=3048"},{"taxonomy":"product_tag","embeddable":true,"href":"https:\/\/am-printing.com\/de\/wp-json\/wp\/v2\/product_tag?post=3048"}],"curies":[{"name":"wp","href":"https:\/\/api.w.org\/{rel}","templated":true}]}}