{"id":3052,"date":"2026-01-16T07:51:51","date_gmt":"2026-01-16T07:51:51","guid":{"rendered":"https:\/\/am-printing.com\/?post_type=product&#038;p=3052"},"modified":"2026-01-16T07:51:51","modified_gmt":"2026-01-16T07:51:51","slug":"cuni30-spherical-powder","status":"publish","type":"product","link":"https:\/\/am-printing.com\/de\/cuni30-spherical-powder\/","title":{"rendered":"CuNi30 Kugelf\u00f6rmiges Pulver"},"content":{"rendered":"<h1>CuNi30 Kugelf\u00f6rmiges Pulver<\/h1>\n<p>CuNi30 ist eine Kupferlegierung mit ausgezeichneter Korrosionsbest\u00e4ndigkeit in Salzwasser. Sie hat eine gute Festigkeit und Duktilit\u00e4t. CuNi30 hat eine gute Leistung bei niedrigen Temperaturen. Es wird typischerweise f\u00fcr einige Pumpen oder Laufr\u00e4der in der Schifffahrt verwendet.<\/p>\n<p>Unser CuNi30-Legierungspulver wird durch Gasverd\u00fcsung oder PREP-Verfahren hergestellt und eignet sich f\u00fcr die additive Fertigung (3D-Druck). Es hat die beste Kugelform, die eine ausgezeichnete Flie\u00dff\u00e4higkeit und Packungsdichte f\u00fcr verbesserte Druckprozesse und hervorragende Oberfl\u00e4cheng\u00fcten bietet.<\/p>\n<p>Unsere g\u00e4ngigen Partikelgr\u00f6\u00dfen sind: 0-25um, 15-45um, 15-53um, 20-63um, 45-105um, 53-150um. Wir k\u00f6nnen auch die Partikelgr\u00f6\u00dfe nach den Anforderungen der Kunden zu sieben.<\/p>\n<p><strong>CuNi30-Pulver COA-Chemische Zusammensetzung (wt%):<\/strong><\/p>\n<p><img fetchpriority=\"high\" decoding=\"async\" class=\"alignnone  wp-image-3054\" src=\"https:\/\/am-printing.com\/wp-content\/uploads\/2026\/01\/CuNi30-Powder-COA.png\" alt=\"CuNi30-Pulver COA\" width=\"786\" height=\"357\" srcset=\"https:\/\/am-printing.com\/wp-content\/uploads\/2026\/01\/CuNi30-Powder-COA.png 1276w, https:\/\/am-printing.com\/wp-content\/uploads\/2026\/01\/CuNi30-Powder-COA-300x136.png 300w, https:\/\/am-printing.com\/wp-content\/uploads\/2026\/01\/CuNi30-Powder-COA-1024x465.png 1024w, https:\/\/am-printing.com\/wp-content\/uploads\/2026\/01\/CuNi30-Powder-COA-768x348.png 768w, https:\/\/am-printing.com\/wp-content\/uploads\/2026\/01\/CuNi30-Powder-COA-18x8.png 18w, https:\/\/am-printing.com\/wp-content\/uploads\/2026\/01\/CuNi30-Powder-COA-600x272.png 600w\" sizes=\"(max-width: 786px) 100vw, 786px\" \/><\/p>\n<p><strong>CuNi30-Pulver Morphologie:<\/strong><\/p>\n<p><img decoding=\"async\" class=\"alignnone  wp-image-3053\" src=\"https:\/\/am-printing.com\/wp-content\/uploads\/2026\/01\/CuNi30-Spherical-Powder.jpg\" alt=\"CuNi30 Kugelf\u00f6rmiges Pulver\" width=\"624\" height=\"472\" srcset=\"https:\/\/am-printing.com\/wp-content\/uploads\/2026\/01\/CuNi30-Spherical-Powder.jpg 1088w, https:\/\/am-printing.com\/wp-content\/uploads\/2026\/01\/CuNi30-Spherical-Powder-300x227.jpg 300w, https:\/\/am-printing.com\/wp-content\/uploads\/2026\/01\/CuNi30-Spherical-Powder-1024x776.jpg 1024w, https:\/\/am-printing.com\/wp-content\/uploads\/2026\/01\/CuNi30-Spherical-Powder-768x582.jpg 768w, https:\/\/am-printing.com\/wp-content\/uploads\/2026\/01\/CuNi30-Spherical-Powder-16x12.jpg 16w, https:\/\/am-printing.com\/wp-content\/uploads\/2026\/01\/CuNi30-Spherical-Powder-600x454.jpg 600w\" sizes=\"(max-width: 624px) 100vw, 624px\" \/><\/p>\n<p><strong>W\u00e4rmeausdehnungskoeffizient:<\/strong><\/p>\n<table>\n<tbody>\n<tr>\n<td width=\"189\">Temperatur<\/td>\n<td width=\"189\">CTE<\/td>\n<td width=\"189\">Standard<\/td>\n<\/tr>\n<tr>\n<td width=\"189\">25-100 \u00b0C<\/td>\n<td width=\"189\">14.0*10<sup>-6<\/sup>\/K<\/td>\n<td width=\"189\">ASTM E228<\/td>\n<\/tr>\n<tr>\n<td width=\"189\">25-200 \u00b0C<\/td>\n<td width=\"189\">15.6*10<sup>-6<\/sup>\/K<\/td>\n<td width=\"189\">ASTM E228<\/td>\n<\/tr>\n<tr>\n<td width=\"189\">25-300 \u00b0C<\/td>\n<td width=\"189\">16.1*10<sup>-6<\/sup>\/K<\/td>\n<td width=\"189\">ASTM E228<\/td>\n<\/tr>\n<tr>\n<td width=\"189\">25-400 \u00b0C<\/td>\n<td width=\"189\">16.5*10<sup>-6<\/sup>\/K<\/td>\n<td width=\"189\">ASTM E228<\/td>\n<\/tr>\n<tr>\n<td width=\"189\">25-500 \u00b0C<\/td>\n<td width=\"189\">16.8*10<sup>-6<\/sup>\/K<\/td>\n<td width=\"189\">ASTM E228<\/td>\n<\/tr>\n<tr>\n<td width=\"189\">25-600 \u00b0C<\/td>\n<td width=\"189\">17.2*10<sup>-6<\/sup>\/K<\/td>\n<td width=\"189\">ASTM E228<\/td>\n<\/tr>\n<\/tbody>\n<\/table>\n<p>&nbsp;<\/p>\n<p><strong>Verpacken: <\/strong><\/p>\n<p>1kg, 5kg, 10kg, 25kg oder nach Bedarf; Vakuum-Plastikflasche oder Beutel.<\/p>\n<p><img decoding=\"async\" class=\"alignnone  wp-image-3056\" src=\"https:\/\/am-printing.com\/wp-content\/uploads\/2026\/01\/CuNi30-powder-packing.png\" alt=\"CuNi30 Pulververpackung\" width=\"425\" height=\"363\" srcset=\"https:\/\/am-printing.com\/wp-content\/uploads\/2026\/01\/CuNi30-powder-packing.png 682w, https:\/\/am-printing.com\/wp-content\/uploads\/2026\/01\/CuNi30-powder-packing-300x256.png 300w, https:\/\/am-printing.com\/wp-content\/uploads\/2026\/01\/CuNi30-powder-packing-14x12.png 14w, https:\/\/am-printing.com\/wp-content\/uploads\/2026\/01\/CuNi30-powder-packing-600x512.png 600w\" sizes=\"(max-width: 425px) 100vw, 425px\" \/><\/p>\n<p>&nbsp;<\/p>","protected":false},"excerpt":{"rendered":"<p>CuNi30 ist eine Kupferlegierung mit ausgezeichneter Korrosionsbest\u00e4ndigkeit in Salzwasser. Sie hat eine gute Festigkeit und Duktilit\u00e4t. CuNi30 hat eine gute Leistung bei niedrigen Temperaturen. Es wird typischerweise f\u00fcr einige Pumpen oder Laufr\u00e4der in der Schifffahrt verwendet.<\/p>","protected":false},"featured_media":3053,"comment_status":"closed","ping_status":"closed","template":"","meta":[],"product_brand":[],"product_cat":[98],"product_tag":[],"class_list":{"0":"post-3052","1":"product","2":"type-product","3":"status-publish","4":"has-post-thumbnail","6":"product_cat-copper-based-alloy-powder-2","8":"first","9":"instock","10":"shipping-taxable","11":"product-type-simple"},"_links":{"self":[{"href":"https:\/\/am-printing.com\/de\/wp-json\/wp\/v2\/product\/3052","targetHints":{"allow":["GET"]}}],"collection":[{"href":"https:\/\/am-printing.com\/de\/wp-json\/wp\/v2\/product"}],"about":[{"href":"https:\/\/am-printing.com\/de\/wp-json\/wp\/v2\/types\/product"}],"replies":[{"embeddable":true,"href":"https:\/\/am-printing.com\/de\/wp-json\/wp\/v2\/comments?post=3052"}],"wp:featuredmedia":[{"embeddable":true,"href":"https:\/\/am-printing.com\/de\/wp-json\/wp\/v2\/media\/3053"}],"wp:attachment":[{"href":"https:\/\/am-printing.com\/de\/wp-json\/wp\/v2\/media?parent=3052"}],"wp:term":[{"taxonomy":"product_brand","embeddable":true,"href":"https:\/\/am-printing.com\/de\/wp-json\/wp\/v2\/product_brand?post=3052"},{"taxonomy":"product_cat","embeddable":true,"href":"https:\/\/am-printing.com\/de\/wp-json\/wp\/v2\/product_cat?post=3052"},{"taxonomy":"product_tag","embeddable":true,"href":"https:\/\/am-printing.com\/de\/wp-json\/wp\/v2\/product_tag?post=3052"}],"curies":[{"name":"wp","href":"https:\/\/api.w.org\/{rel}","templated":true}]}}