{"id":3160,"date":"2026-03-11T08:40:57","date_gmt":"2026-03-11T08:40:57","guid":{"rendered":"https:\/\/am-printing.com\/?post_type=product&#038;p=3160"},"modified":"2026-03-11T09:00:45","modified_gmt":"2026-03-11T09:00:45","slug":"nickel-coated-alumimium-powder","status":"publish","type":"product","link":"https:\/\/am-printing.com\/de\/nickel-coated-alumimium-powder\/","title":{"rendered":"Nickel-beschichtetes Aluminium-Pulver"},"content":{"rendered":"<h1>Nickel-beschichtetes Aluminium-Pulver<\/h1>\n<p>Ni-beschichtetes Al-Pulver ist ein Verbundpulver, das aus Aluminiumpartikeln besteht, die mit einer Nickelschicht \u00fcberzogen sind. Es verbindet die geringe Dichte von Aluminium mit den funktionellen Eigenschaften von Nickel (Leitf\u00e4higkeit, magnetische Eigenschaften, Korrosionsbest\u00e4ndigkeit). .<\/p>\n<p>The properties of Ni-coated Al powder depend on the chemistry. Our common grades as per Ni content are NiAl18 (18 wt% Ni) and NiAl5 (5% Ni) . Depending on applications of customers, we can customize Ni-coated Al powder as per the needs of customers.<\/p>\n<p>Our commonly available particle size range includes -140+325 mesh and -325 mesh.<\/p>\n<p>Thanks to its unique core-shell structure, Ni-coated Al powder is used in several high-performance fields, such as thermal spray coatings or bond coats.<\/p>\n<p>&nbsp;<\/p>\n<p><strong>Chemische Zusammensetzung (wt%):<\/strong><\/p>\n<p><img fetchpriority=\"high\" decoding=\"async\" class=\"alignnone size-full wp-image-3161\" src=\"https:\/\/am-printing.com\/wp-content\/uploads\/2026\/03\/Nickel-Coated-Alumimium-Powder-chemical-composition.jpg\" alt=\"Nickel Coated Alumimium Powder chemical composition\" width=\"865\" height=\"180\" srcset=\"https:\/\/am-printing.com\/wp-content\/uploads\/2026\/03\/Nickel-Coated-Alumimium-Powder-chemical-composition.jpg 865w, https:\/\/am-printing.com\/wp-content\/uploads\/2026\/03\/Nickel-Coated-Alumimium-Powder-chemical-composition-300x62.jpg 300w, https:\/\/am-printing.com\/wp-content\/uploads\/2026\/03\/Nickel-Coated-Alumimium-Powder-chemical-composition-768x160.jpg 768w, https:\/\/am-printing.com\/wp-content\/uploads\/2026\/03\/Nickel-Coated-Alumimium-Powder-chemical-composition-18x4.jpg 18w, https:\/\/am-printing.com\/wp-content\/uploads\/2026\/03\/Nickel-Coated-Alumimium-Powder-chemical-composition-600x125.jpg 600w\" sizes=\"(max-width: 865px) 100vw, 865px\" \/><\/p>\n<p style=\"text-align: center;\">Tested value from Lot No. 20260109-B of TRUER<\/p>\n<p>&nbsp;<\/p>\n<p><strong>Morphologie:<\/strong><\/p>\n<p><img decoding=\"async\" class=\"alignnone size-full wp-image-3162\" src=\"https:\/\/am-printing.com\/wp-content\/uploads\/2026\/03\/Nickel-Coated-Alumimium-Powder.jpg\" alt=\"Nickel-beschichtetes Aluminium-Pulver\" width=\"343\" height=\"238\" srcset=\"https:\/\/am-printing.com\/wp-content\/uploads\/2026\/03\/Nickel-Coated-Alumimium-Powder.jpg 343w, https:\/\/am-printing.com\/wp-content\/uploads\/2026\/03\/Nickel-Coated-Alumimium-Powder-300x208.jpg 300w, https:\/\/am-printing.com\/wp-content\/uploads\/2026\/03\/Nickel-Coated-Alumimium-Powder-18x12.jpg 18w\" sizes=\"(max-width: 343px) 100vw, 343px\" \/><\/p>\n<p>&nbsp;<\/p>\n<p>&nbsp;<\/p>\n<p>&nbsp;<\/p>","protected":false},"excerpt":{"rendered":"<p>Ni-beschichtetes Al-Pulver ist ein Verbundpulver, das aus Aluminiumpartikeln besteht, die mit einer Nickelschicht \u00fcberzogen sind. Es verbindet die geringe Dichte von Aluminium mit den funktionellen Eigenschaften von Nickel (Leitf\u00e4higkeit, magnetische Eigenschaften, Korrosionsbest\u00e4ndigkeit). .<\/p>","protected":false},"featured_media":3162,"comment_status":"closed","ping_status":"closed","template":"","meta":[],"product_brand":[],"product_cat":[50],"product_tag":[],"class_list":{"0":"post-3160","1":"product","2":"type-product","3":"status-publish","4":"has-post-thumbnail","6":"product_cat-nickel-alloy-powders","8":"first","9":"instock","10":"shipping-taxable","11":"product-type-simple"},"_links":{"self":[{"href":"https:\/\/am-printing.com\/de\/wp-json\/wp\/v2\/product\/3160","targetHints":{"allow":["GET"]}}],"collection":[{"href":"https:\/\/am-printing.com\/de\/wp-json\/wp\/v2\/product"}],"about":[{"href":"https:\/\/am-printing.com\/de\/wp-json\/wp\/v2\/types\/product"}],"replies":[{"embeddable":true,"href":"https:\/\/am-printing.com\/de\/wp-json\/wp\/v2\/comments?post=3160"}],"wp:featuredmedia":[{"embeddable":true,"href":"https:\/\/am-printing.com\/de\/wp-json\/wp\/v2\/media\/3162"}],"wp:attachment":[{"href":"https:\/\/am-printing.com\/de\/wp-json\/wp\/v2\/media?parent=3160"}],"wp:term":[{"taxonomy":"product_brand","embeddable":true,"href":"https:\/\/am-printing.com\/de\/wp-json\/wp\/v2\/product_brand?post=3160"},{"taxonomy":"product_cat","embeddable":true,"href":"https:\/\/am-printing.com\/de\/wp-json\/wp\/v2\/product_cat?post=3160"},{"taxonomy":"product_tag","embeddable":true,"href":"https:\/\/am-printing.com\/de\/wp-json\/wp\/v2\/product_tag?post=3160"}],"curies":[{"name":"wp","href":"https:\/\/api.w.org\/{rel}","templated":true}]}}