{"id":73,"date":"2022-07-26T01:16:07","date_gmt":"2022-07-26T01:16:07","guid":{"rendered":"https:\/\/am-powder.com\/?post_type=product&#038;p=73"},"modified":"2022-07-27T03:10:09","modified_gmt":"2022-07-27T03:10:09","slug":"prep-refractory-titanium-alloy-powder","status":"publish","type":"product","link":"https:\/\/am-printing.com\/de\/prep-refractory-titanium-alloy-powder\/","title":{"rendered":"PREP Pulver aus feuerfester Titanlegierung"},"content":{"rendered":"<p>TiAl ist eine neue Klasse von Legierungen f\u00fcr die Luft- und Raumfahrt, die ein ausgezeichnetes Verh\u00e4ltnis zwischen Festigkeit und Gewicht sowie eine hohe chemische und thermische Stabilit\u00e4t aufweist. Die Gamma-Titanaluminid-Legierung verf\u00fcgt \u00fcber hervorragende mechanische Eigenschaften sowie Oxidations- und Korrosionsbest\u00e4ndigkeit bei hohen Temperaturen (\u00fcber 600 Grad Celsius). TiAl ist die neueste Werkstoffklasse, die mit Nickelsuperlegierungen bei der Herstellung von Flugzeugtriebwerksteilen wie Niederdruckturbinen konkurriert.<\/p>\n<p>Titanlegierungspulver werden durch hochreine Argonzerst\u00e4ubung und Plasmadrehelektrodenzerst\u00e4ubung hergestellt. Zu den Produkten geh\u00f6ren Titanlegierungen, Ti-Al-Legierungen, Ti2AlNb, Ti-Ta-Legierungen, Ti-Nb(-Zr)-Legierungen, Niob-Legierungen, Tantal-Legierungen, usw. Das Pulver hat einen geringen Sauerstoffgehalt, eine hohe Sph\u00e4rizit\u00e4t, eine gute Flie\u00dff\u00e4higkeit und eine stabile Leistung, die den unterschiedlichen Anforderungen des 3D-Drucks mit Elektronenstrahl-Pulverbeschichtung, des 3D-Drucks mit Laser-Pulverbeschichtung, des 3D-Drucks mit Laser-Koaxial-Pulverbeschichtung und anderer Verfahren gerecht wird.<\/p>\n<p><strong>Produkt\u00a0<\/strong><strong>Spezifikation<\/strong><\/p>\n<div style=\"overflow-x: auto;\">\n<table>\n<tbody>\n<tr>\n<td data-sheets-value=\"{&quot;1&quot;:2,&quot;2&quot;:&quot;Component&quot;}\"><strong>Komponente<\/strong><\/td>\n<td style=\"text-align: center;\" data-sheets-value=\"{&quot;1&quot;:2,&quot;2&quot;:&quot;Ti&quot;}\"><strong>Ti<\/strong><\/td>\n<td style=\"text-align: center;\" data-sheets-value=\"{&quot;1&quot;:2,&quot;2&quot;:&quot;Al&quot;}\"><strong>Al<\/strong><\/td>\n<td style=\"text-align: center;\" data-sheets-value=\"{&quot;1&quot;:2,&quot;2&quot;:&quot;Nb&quot;}\"><strong>Nb<\/strong><\/td>\n<td style=\"text-align: center;\" data-sheets-value=\"{&quot;1&quot;:2,&quot;2&quot;:&quot;Cr&quot;}\"><strong>Cr<\/strong><\/td>\n<td style=\"text-align: center;\" data-sheets-value=\"{&quot;1&quot;:2,&quot;2&quot;:&quot;N&quot;}\"><strong>N<\/strong><\/td>\n<td style=\"text-align: center;\" data-sheets-value=\"{&quot;1&quot;:2,&quot;2&quot;:&quot;C&quot;}\"><strong>C<\/strong><\/td>\n<\/tr>\n<tr>\n<td data-sheets-value=\"{&quot;1&quot;:2,&quot;2&quot;:&quot;Standard %&quot;}\">Standard %<\/td>\n<td style=\"text-align: center;\" data-sheets-value=\"{&quot;1&quot;:2,&quot;2&quot;:&quot;Bal.&quot;}\">Bal.<\/td>\n<td style=\"text-align: center;\" data-sheets-value=\"{&quot;1&quot;:2,&quot;2&quot;:&quot;32-33.5&quot;}\">32-33.5<\/td>\n<td style=\"text-align: center;\" data-sheets-value=\"{&quot;1&quot;:2,&quot;2&quot;:&quot;4.5-5.1&quot;}\">4.5-5.1<\/td>\n<td style=\"text-align: center;\" data-sheets-value=\"{&quot;1&quot;:2,&quot;2&quot;:&quot;2.2-2.6&quot;}\">2.2-2.6<\/td>\n<td style=\"text-align: center;\" data-sheets-value=\"{&quot;1&quot;:2,&quot;2&quot;:&quot;\u22640.02&quot;}\">\u22640.02<\/td>\n<td style=\"text-align: center;\" data-sheets-value=\"{&quot;1&quot;:2,&quot;2&quot;:&quot;\u22640.015&quot;}\">\u22640.015<\/td>\n<\/tr>\n<tr>\n<td data-sheets-value=\"{&quot;1&quot;:2,&quot;2&quot;:&quot;Test%&quot;}\">Test%<\/td>\n<td style=\"text-align: center;\" data-sheets-value=\"{&quot;1&quot;:2,&quot;2&quot;:&quot;Bal.&quot;}\">Bal.<\/td>\n<td style=\"text-align: center;\" data-sheets-value=\"{&quot;1&quot;:3,&quot;3&quot;:33.5}\">33.5<\/td>\n<td style=\"text-align: center;\" data-sheets-value=\"{&quot;1&quot;:3,&quot;3&quot;:4.81}\">4.81<\/td>\n<td style=\"text-align: center;\" data-sheets-value=\"{&quot;1&quot;:3,&quot;3&quot;:2.71}\">2.71<\/td>\n<td style=\"text-align: center;\" data-sheets-value=\"{&quot;1&quot;:3,&quot;3&quot;:0.006}\">0.006<\/td>\n<td style=\"text-align: center;\" data-sheets-value=\"{&quot;1&quot;:3,&quot;3&quot;:0.008}\">0.008<\/td>\n<\/tr>\n<tr>\n<td data-sheets-value=\"{&quot;1&quot;:2,&quot;2&quot;:&quot;Component&quot;}\"><strong>Komponente<\/strong><\/td>\n<td style=\"text-align: center;\" data-sheets-value=\"{&quot;1&quot;:2,&quot;2&quot;:&quot;O&quot;}\"><strong>O<\/strong><\/td>\n<td style=\"text-align: center;\" data-sheets-value=\"{&quot;1&quot;:2,&quot;2&quot;:&quot;H&quot;}\"><strong>H<\/strong><\/td>\n<td><\/td>\n<td><\/td>\n<td><\/td>\n<td><\/td>\n<\/tr>\n<tr>\n<td data-sheets-value=\"{&quot;1&quot;:2,&quot;2&quot;:&quot;Standard %&quot;}\">Standard %<\/td>\n<td style=\"text-align: center;\" data-sheets-value=\"{&quot;1&quot;:2,&quot;2&quot;:&quot;\u22640.08&quot;}\">\u22640.08<\/td>\n<td style=\"text-align: center;\" data-sheets-value=\"{&quot;1&quot;:2,&quot;2&quot;:&quot;\u22640.001&quot;}\">\u22640.001<\/td>\n<td><\/td>\n<td><\/td>\n<td><\/td>\n<td><\/td>\n<\/tr>\n<tr>\n<td data-sheets-value=\"{&quot;1&quot;:2,&quot;2&quot;:&quot;Test%&quot;}\">Test%<\/td>\n<td style=\"text-align: center;\" data-sheets-value=\"{&quot;1&quot;:3,&quot;3&quot;:0.07}\">0.07<\/td>\n<td style=\"text-align: center;\" data-sheets-value=\"{&quot;1&quot;:3,&quot;3&quot;:0.001}\">0.001<\/td>\n<td><\/td>\n<td><\/td>\n<td><\/td>\n<td><\/td>\n<\/tr>\n<\/tbody>\n<\/table>\n<\/div>\n<p>&nbsp;<\/p>\n<p><strong>Produkt-Eigenschaften<\/strong><\/p>\n<ol>\n<li>\u00c4u\u00dferes Erscheinungsbild: Graues kugelf\u00f6rmiges Pulver<\/li>\n<li>Gr\u00f6\u00dfe: D50: 100m<\/li>\n<li>Sph\u00e4rizit\u00e4tsrate: &gt;90%<\/li>\n<li>Flie\u00dff\u00e4higkeit: 24s\/50g<\/li>\n<li>Scheinbare Dichte\uff1a2,53g\/cm3<\/li>\n<li>Anzapf-Dichte\uff1a2,59\/cm3<\/li>\n<\/ol>\n<p><strong>Merkmale:<\/strong><\/p>\n<ol>\n<li>Hohe Sph\u00e4rizit\u00e4t &amp; hohe Flie\u00dff\u00e4higkeit;<\/li>\n<li>Niedriger Sauerstoffgehalt;<\/li>\n<li>Enge Partikelgr\u00f6\u00dfenverteilung.<\/li>\n<\/ol>\n<div style=\"overflow-x: auto;\">\n<table>\n<tbody>\n<tr>\n<td style=\"text-align: center;\" data-sheets-value=\"{&quot;1&quot;:2,&quot;2&quot;:&quot;No&quot;}\"><strong>Nein<\/strong><\/td>\n<td data-sheets-value=\"{&quot;1&quot;:2,&quot;2&quot;:&quot;Name&quot;}\"><strong>Name<\/strong><\/td>\n<td data-sheets-value=\"{&quot;1&quot;:2,&quot;2&quot;:&quot;Chemical Composition(wt%)&quot;}\"><strong>Chemische Zusammensetzung(wt%)<\/strong><\/td>\n<\/tr>\n<tr>\n<td style=\"text-align: center;\" data-sheets-value=\"{&quot;1&quot;:3,&quot;3&quot;:1}\">1<\/td>\n<td data-sheets-value=\"{&quot;1&quot;:2,&quot;2&quot;:&quot;18Ni300&quot;}\">18Ni300<\/td>\n<td data-sheets-value=\"{&quot;1&quot;:2,&quot;2&quot;:&quot;Ni17-19\uff0cMo4.5-5.2\uff0cCo8.5-9.5\uff0cTi0.6-0.8\uff0cAl0.05-0.15\uff0cFe(Bal.)&quot;}\">Ni17-19\uff0cMo4.5-5.2\uff0cCo8.5-9.5\uff0cTi0.6-0.8\uff0cAl0.05-0.15\uff0cFe(Bal.)<\/td>\n<\/tr>\n<tr>\n<td style=\"text-align: center;\" data-sheets-value=\"{&quot;1&quot;:3,&quot;3&quot;:2}\">2<\/td>\n<td data-sheets-value=\"{&quot;1&quot;:2,&quot;2&quot;:&quot;Hastelloy Alloy&quot;}\">Hastelloy-Legierung<\/td>\n<td data-sheets-value=\"{&quot;1&quot;:2,&quot;2&quot;:&quot;Fe17-20\uff0cCr20.5-23\uff0cMo8-10\uff0cW0.2-1\uff0cCo0.5-2.5\uff0cC0.05-0.15\uff0cNi(Bal.)&quot;}\">Fe17-20\uff0cCr20.5-23\uff0cMo8-10\uff0cW0.2-1\uff0cCo0.5-2.5\uff0cC0.05-0.15\uff0cNi(Bal.)<\/td>\n<\/tr>\n<tr>\n<td style=\"text-align: center;\" data-sheets-value=\"{&quot;1&quot;:3,&quot;3&quot;:3}\">3<\/td>\n<td data-sheets-value=\"{&quot;1&quot;:2,&quot;2&quot;:&quot;AlSi10Mg&quot;}\">AlSi10Mg<\/td>\n<td data-sheets-value=\"{&quot;1&quot;:2,&quot;2&quot;:&quot;Si9-11\uff0cMg0.2-0.45\uff0cAl(Bal.)&quot;}\">Si9-11\uff0cMg0.2-0.45\uff0cAl(Bal.)<\/td>\n<\/tr>\n<tr>\n<td style=\"text-align: center;\" data-sheets-value=\"{&quot;1&quot;:3,&quot;3&quot;:4}\">4<\/td>\n<td data-sheets-value=\"{&quot;1&quot;:2,&quot;2&quot;:&quot;CoCrW&quot;}\">CoCrW<\/td>\n<td data-sheets-value=\"{&quot;1&quot;:2,&quot;2&quot;:&quot;Cr26.5-29\uff0cW7-9\uff0cSi1.2-1.9\uff0cCo(Bal.)&quot;}\">Cr26.5-29\uff0cW7-9\uff0cSi1.2-1.9\uff0cCo(Bal.)<\/td>\n<\/tr>\n<tr>\n<td style=\"text-align: center;\" data-sheets-value=\"{&quot;1&quot;:3,&quot;3&quot;:5}\">5<\/td>\n<td data-sheets-value=\"{&quot;1&quot;:2,&quot;2&quot;:&quot;Co28Cr6Mo&quot;}\">Co28Cr6Mo<\/td>\n<td data-sheets-value=\"{&quot;1&quot;:2,&quot;2&quot;:&quot;Cr27-29\uff0cMo5-7\uff0cCo(Bal.)&quot;}\">Cr27-29\uff0cMo5-7\uff0cCo(Bal.)<\/td>\n<\/tr>\n<tr>\n<td style=\"text-align: center;\" data-sheets-value=\"{&quot;1&quot;:3,&quot;3&quot;:6}\">6<\/td>\n<td data-sheets-value=\"{&quot;1&quot;:2,&quot;2&quot;:&quot;Spherical Ti Powder&quot;}\">Sph\u00e4risches Ti-Pulver<\/td>\n<td data-sheets-value=\"{&quot;1&quot;:2,&quot;2&quot;:&quot;Ti\u226599.9&quot;}\">Ti\u226599.9<\/td>\n<\/tr>\n<tr>\n<td style=\"text-align: center;\" data-sheets-value=\"{&quot;1&quot;:3,&quot;3&quot;:7}\">7<\/td>\n<td data-sheets-value=\"{&quot;1&quot;:2,&quot;2&quot;:&quot;TC4&quot;}\">TC4<\/td>\n<td data-sheets-value=\"{&quot;1&quot;:2,&quot;2&quot;:&quot;Al5.5-6.8\uff0cV3.5-4.5\uff0cTi(Bal.)&quot;}\">Al5.5-6.8\uff0cV3.5-4.5\uff0cTi(Bal.)<\/td>\n<\/tr>\n<tr>\n<td style=\"text-align: center;\" data-sheets-value=\"{&quot;1&quot;:3,&quot;3&quot;:8}\">8<\/td>\n<td data-sheets-value=\"{&quot;1&quot;:2,&quot;2&quot;:&quot;TA15&quot;}\">TA15<\/td>\n<td data-sheets-value=\"{&quot;1&quot;:2,&quot;2&quot;:&quot;Al5.5-7.1\uff0cV0.8-2.5\uff0cMo0.8-2\uff0cZr1.5-2.5\uff0cAl(Bal.)&quot;}\">Al5.5-7.1\uff0cV0.8-2.5\uff0cMo0.8-2\uff0cZr1.5-2.5\uff0cAl(Bal.)<\/td>\n<\/tr>\n<tr>\n<td style=\"text-align: center;\" data-sheets-value=\"{&quot;1&quot;:3,&quot;3&quot;:9}\">9<\/td>\n<td data-sheets-value=\"{&quot;1&quot;:2,&quot;2&quot;:&quot;316L&quot;}\">316L<\/td>\n<td data-sheets-value=\"{&quot;1&quot;:2,&quot;2&quot;:&quot;Cr16.00-18.00\uff0c Ni10.00-14.00\uff0cMo2.00-3.00\uff0cFe(Bal.)&quot;}\">Cr16.00-18.00\uff0c Ni10.00-14.00\uff0cMo2.00-3.00\uff0cFe(Bal.)<\/td>\n<\/tr>\n<tr>\n<td style=\"text-align: center;\" data-sheets-value=\"{&quot;1&quot;:3,&quot;3&quot;:10}\">10<\/td>\n<td data-sheets-value=\"{&quot;1&quot;:2,&quot;2&quot;:&quot;S136&quot;}\">S136<\/td>\n<td data-sheets-value=\"{&quot;1&quot;:2,&quot;2&quot;:&quot;Cr12.0-14.0\uff0cSi0.8-1.0\uff0cV0.15-0.4\uff0cC0.2-0.45\uff0cFe(Bal.)&quot;}\">Cr12.0-14.0\uff0cSi0.8-1.0\uff0cV0.15-0.4\uff0cC0.2-0.45\uff0cFe(Bal.)<\/td>\n<\/tr>\n<tr>\n<td style=\"text-align: center;\" data-sheets-value=\"{&quot;1&quot;:3,&quot;3&quot;:11}\">11<\/td>\n<td data-sheets-value=\"{&quot;1&quot;:2,&quot;2&quot;:&quot;In625&quot;}\">In625<\/td>\n<td data-sheets-value=\"{&quot;1&quot;:2,&quot;2&quot;:&quot;Cr20-23 , Mo8-10 , Nb 3.15-4.15 , Co\u22641, Fe\u22641 , Ni (bal.)&quot;}\">Cr20-23 , Mo8-10 , Nb 3,15-4,15 , Co\u22641, Fe\u22641 , Ni (bal.)<\/td>\n<\/tr>\n<tr>\n<td style=\"text-align: center;\" data-sheets-value=\"{&quot;1&quot;:3,&quot;3&quot;:12}\">12<\/td>\n<td data-sheets-value=\"{&quot;1&quot;:2,&quot;2&quot;:&quot;In718&quot;}\">In718<\/td>\n<td data-sheets-value=\"{&quot;1&quot;:2,&quot;2&quot;:&quot;Cr17-21 , Mo2.8-3.3 , Nb 4.75-5.5 , Co\u22641, Ni50-51 , Fe(Bal.)&quot;}\">Cr17-21 , Mo2.8-3.3 , Nb 4.75-5.5 , Co\u22641, Ni50-51 , Fe(Bal.)<\/td>\n<\/tr>\n<tr>\n<td style=\"text-align: center;\" data-sheets-value=\"{&quot;1&quot;:3,&quot;3&quot;:13}\">13<\/td>\n<td data-sheets-value=\"{&quot;1&quot;:2,&quot;2&quot;:&quot;Spherical WC&quot;}\">Sph\u00e4risches WC<\/td>\n<td data-sheets-value=\"{&quot;1&quot;:2,&quot;2&quot;:&quot;C3.7-4.2\uff0cW(Bal.)&quot;}\">C3.7-4.2\uff0cW(Bal.)<\/td>\n<\/tr>\n<tr>\n<td style=\"text-align: center;\" data-sheets-value=\"{&quot;1&quot;:3,&quot;3&quot;:14}\">14<\/td>\n<td data-sheets-value=\"{&quot;1&quot;:2,&quot;2&quot;:&quot;Spherical Cr Powder&quot;}\">Sph\u00e4risches Cr-Pulver<\/td>\n<td data-sheets-value=\"{&quot;1&quot;:2,&quot;2&quot;:&quot;Cr\u226599.9&quot;}\">Cr\u226599,9<\/td>\n<\/tr>\n<tr>\n<td style=\"text-align: center;\" data-sheets-value=\"{&quot;1&quot;:3,&quot;3&quot;:15}\">15<\/td>\n<td data-sheets-value=\"{&quot;1&quot;:2,&quot;2&quot;:&quot;Spherical Mo Powder&quot;}\">Sph\u00e4risches Mo-Pulver<\/td>\n<td data-sheets-value=\"{&quot;1&quot;:2,&quot;2&quot;:&quot;Mo\u226599.9&quot;}\">Mo\u226599.9<\/td>\n<\/tr>\n<tr>\n<td style=\"text-align: center;\" data-sheets-value=\"{&quot;1&quot;:3,&quot;3&quot;:16}\">16<\/td>\n<td data-sheets-value=\"{&quot;1&quot;:2,&quot;2&quot;:&quot;Spherical Ta Powder&quot;}\">Sph\u00e4risches Ta-Pulver<\/td>\n<td data-sheets-value=\"{&quot;1&quot;:2,&quot;2&quot;:&quot;Ta\u226599.9&quot;}\">Ta\u226599.9<\/td>\n<\/tr>\n<tr>\n<td style=\"text-align: center;\" data-sheets-value=\"{&quot;1&quot;:3,&quot;3&quot;:17}\">17<\/td>\n<td data-sheets-value=\"{&quot;1&quot;:2,&quot;2&quot;:&quot;Spherical W Powder&quot;}\">Sph\u00e4risches W-Pulver<\/td>\n<td data-sheets-value=\"{&quot;1&quot;:2,&quot;2&quot;:&quot;W\u226599.9&quot;}\">W\u226599.9<\/td>\n<\/tr>\n<\/tbody>\n<\/table>\n<\/div>\n<div id=\"gtx-trans\" style=\"position: absolute; left: 6px; top: 866px;\">\n<div class=\"gtx-trans-icon\"><\/div>\n<\/div>","protected":false},"excerpt":{"rendered":"<p>SEBM TiAl(4822)-Pulver f\u00fcr die Pulvermetallurgie in der Luft- und Raumfahrt<\/p>","protected":false},"featured_media":18,"comment_status":"open","ping_status":"closed","template":"","meta":[],"product_brand":[],"product_cat":[16,20],"product_tag":[],"class_list":{"0":"post-73","1":"product","2":"type-product","3":"status-publish","4":"has-post-thumbnail","6":"product_cat-additive-manufacturing-powder","7":"product_cat-titanium-alloy-powder","9":"first","10":"instock","11":"shipping-taxable","12":"product-type-simple"},"_links":{"self":[{"href":"https:\/\/am-printing.com\/de\/wp-json\/wp\/v2\/product\/73","targetHints":{"allow":["GET"]}}],"collection":[{"href":"https:\/\/am-printing.com\/de\/wp-json\/wp\/v2\/product"}],"about":[{"href":"https:\/\/am-printing.com\/de\/wp-json\/wp\/v2\/types\/product"}],"replies":[{"embeddable":true,"href":"https:\/\/am-printing.com\/de\/wp-json\/wp\/v2\/comments?post=73"}],"wp:featuredmedia":[{"embeddable":true,"href":"https:\/\/am-printing.com\/de\/wp-json\/wp\/v2\/media\/18"}],"wp:attachment":[{"href":"https:\/\/am-printing.com\/de\/wp-json\/wp\/v2\/media?parent=73"}],"wp:term":[{"taxonomy":"product_brand","embeddable":true,"href":"https:\/\/am-printing.com\/de\/wp-json\/wp\/v2\/product_brand?post=73"},{"taxonomy":"product_cat","embeddable":true,"href":"https:\/\/am-printing.com\/de\/wp-json\/wp\/v2\/product_cat?post=73"},{"taxonomy":"product_tag","embeddable":true,"href":"https:\/\/am-printing.com\/de\/wp-json\/wp\/v2\/product_tag?post=73"}],"curies":[{"name":"wp","href":"https:\/\/api.w.org\/{rel}","templated":true}]}}