{"id":76,"date":"2022-07-26T02:06:33","date_gmt":"2022-07-26T02:06:33","guid":{"rendered":"https:\/\/am-powder.com\/?post_type=product&#038;p=76"},"modified":"2022-07-27T03:07:28","modified_gmt":"2022-07-27T03:07:28","slug":"alsimg-powder","status":"publish","type":"product","link":"https:\/\/am-printing.com\/de\/alsimg-powder\/","title":{"rendered":"AlSiMg-Pulver"},"content":{"rendered":"<p>Das gaszerst\u00e4ubte AlSiMg-Pulver unseres Unternehmens hat eine gute Sph\u00e4rizit\u00e4t, einen niedrigen Sauerstoffgehalt und eine gute Flie\u00dff\u00e4higkeit. Derzeit werden im 3D-Metalldruck haupts\u00e4chlich AlSi12 und AlSi10Mg verwendet, leichte additive Metallpulver mit guten thermischen Eigenschaften. Die Silizium\/Magnesium-Kombination verleiht der Aluminiumlegierung Festigkeit und H\u00e4rte, wodurch sie sich f\u00fcr d\u00fcnnwandige und komplexe Geometrien eignet, insbesondere bei Anwendungen mit guten thermischen Eigenschaften und geringem Gewicht.<\/p>\n<p>Aufgrund ihres geringen Gewichts und ihrer hohen Festigkeit ist die Magnesium-Aluminium-Legierung in der Leichtbauindustrie weit verbreitet. Auch in der 3D-Drucktechnologie ist sie ausnahmslos das bevorzugte Material f\u00fcr verschiedene Hersteller geworden.<\/p>\n<p><strong>Produkt\u00a0<\/strong><strong>Spezifikation<\/strong><\/p>\n<div style=\"overflow-x: auto;\">\n<table>\n<tbody>\n<tr>\n<td data-sheets-value=\"{&quot;1&quot;:2,&quot;2&quot;:&quot;Component&quot;}\"><strong>Komponente<\/strong><\/td>\n<td style=\"text-align: center;\" data-sheets-value=\"{&quot;1&quot;:2,&quot;2&quot;:&quot;Al&quot;}\"><strong>Al<\/strong><\/td>\n<td style=\"text-align: center;\" data-sheets-value=\"{&quot;1&quot;:2,&quot;2&quot;:&quot;Si&quot;}\"><strong>Si<\/strong><\/td>\n<td style=\"text-align: center;\" data-sheets-value=\"{&quot;1&quot;:2,&quot;2&quot;:&quot;Mg&quot;}\"><strong>Mg<\/strong><\/td>\n<td style=\"text-align: center;\" data-sheets-value=\"{&quot;1&quot;:2,&quot;2&quot;:&quot;Fe&quot;}\"><strong>Fe<\/strong><\/td>\n<td style=\"text-align: center;\" data-sheets-value=\"{&quot;1&quot;:2,&quot;2&quot;:&quot;Pb&quot;}\"><strong>Pb<\/strong><\/td>\n<td style=\"text-align: center;\" data-sheets-value=\"{&quot;1&quot;:2,&quot;2&quot;:&quot;Ni&quot;}\"><strong>Ni<\/strong><\/td>\n<\/tr>\n<tr>\n<td data-sheets-value=\"{&quot;1&quot;:2,&quot;2&quot;:&quot;Standard %&quot;}\">Standard %<\/td>\n<td style=\"text-align: center;\" data-sheets-value=\"{&quot;1&quot;:2,&quot;2&quot;:&quot;Bal,&quot;}\">Bal,<\/td>\n<td style=\"text-align: center;\" data-sheets-value=\"{&quot;1&quot;:2,&quot;2&quot;:&quot;9.0-12.0&quot;}\">9.0-12.0<\/td>\n<td style=\"text-align: center;\" data-sheets-value=\"{&quot;1&quot;:2,&quot;2&quot;:&quot;0.25-0.45&quot;}\">0.25-0.45<\/td>\n<td style=\"text-align: center;\" data-sheets-value=\"{&quot;1&quot;:2,&quot;2&quot;:&quot;\u22640.55&quot;}\">\u22640.55<\/td>\n<td style=\"text-align: center;\" data-sheets-value=\"{&quot;1&quot;:2,&quot;2&quot;:&quot;\u22640.05&quot;}\">\u22640.05<\/td>\n<td style=\"text-align: center;\" data-sheets-value=\"{&quot;1&quot;:2,&quot;2&quot;:&quot;\u22640.05&quot;}\">\u22640.05<\/td>\n<\/tr>\n<tr>\n<td data-sheets-value=\"{&quot;1&quot;:2,&quot;2&quot;:&quot;Test%&quot;}\">Test%<\/td>\n<td style=\"text-align: center;\" data-sheets-value=\"{&quot;1&quot;:2,&quot;2&quot;:&quot;Bal.&quot;}\">Bal.<\/td>\n<td style=\"text-align: center;\" data-sheets-value=\"{&quot;1&quot;:3,&quot;3&quot;:10.26}\">10.26<\/td>\n<td style=\"text-align: center;\" data-sheets-value=\"{&quot;1&quot;:3,&quot;3&quot;:0.37}\">0.37<\/td>\n<td style=\"text-align: center;\" data-sheets-value=\"{&quot;1&quot;:3,&quot;3&quot;:0.13}\">0.13<\/td>\n<td style=\"text-align: center;\" data-sheets-value=\"{&quot;1&quot;:3,&quot;3&quot;:0.02}\">0.02<\/td>\n<td style=\"text-align: center;\" data-sheets-value=\"{&quot;1&quot;:3,&quot;3&quot;:0.01}\">0.01<\/td>\n<\/tr>\n<tr>\n<td data-sheets-value=\"{&quot;1&quot;:2,&quot;2&quot;:&quot;Component&quot;}\"><strong>Komponente<\/strong><\/td>\n<td style=\"text-align: center;\" data-sheets-value=\"{&quot;1&quot;:2,&quot;2&quot;:&quot;Ti&quot;}\"><strong>Ti<\/strong><\/td>\n<td style=\"text-align: center;\" data-sheets-value=\"{&quot;1&quot;:2,&quot;2&quot;:&quot;Mn&quot;}\"><strong>Mn<\/strong><\/td>\n<td style=\"text-align: center;\" data-sheets-value=\"{&quot;1&quot;:2,&quot;2&quot;:&quot;Cu&quot;}\"><strong>Cu<\/strong><\/td>\n<td style=\"text-align: center;\" data-sheets-value=\"{&quot;1&quot;:2,&quot;2&quot;:&quot;Zn&quot;}\"><strong>Zn<\/strong><\/td>\n<td style=\"text-align: center;\" data-sheets-value=\"{&quot;1&quot;:2,&quot;2&quot;:&quot;O&quot;}\"><strong>O<\/strong><\/td>\n<td style=\"text-align: center;\"><\/td>\n<\/tr>\n<tr>\n<td data-sheets-value=\"{&quot;1&quot;:2,&quot;2&quot;:&quot;Standard %&quot;}\">Standard %<\/td>\n<td style=\"text-align: center;\" data-sheets-value=\"{&quot;1&quot;:2,&quot;2&quot;:&quot;\u22640.01&quot;}\">\u22640.01<\/td>\n<td style=\"text-align: center;\" data-sheets-value=\"{&quot;1&quot;:2,&quot;2&quot;:&quot;\uff1c0.01&quot;}\">\uff1c0.01<\/td>\n<td style=\"text-align: center;\" data-sheets-value=\"{&quot;1&quot;:2,&quot;2&quot;:&quot;\u2212&quot;}\">-<\/td>\n<td style=\"text-align: center;\" data-sheets-value=\"{&quot;1&quot;:2,&quot;2&quot;:&quot;\u2212&quot;}\">-<\/td>\n<td style=\"text-align: center;\" data-sheets-value=\"{&quot;1&quot;:2,&quot;2&quot;:&quot;\u2212&quot;}\">-<\/td>\n<td><\/td>\n<\/tr>\n<tr>\n<td data-sheets-value=\"{&quot;1&quot;:2,&quot;2&quot;:&quot;Test%&quot;}\">Test%<\/td>\n<td style=\"text-align: center;\" data-sheets-value=\"{&quot;1&quot;:3,&quot;3&quot;:0.005}\">0.005<\/td>\n<td style=\"text-align: center;\" data-sheets-value=\"{&quot;1&quot;:3,&quot;3&quot;:0.005}\">0.005<\/td>\n<td style=\"text-align: center;\" data-sheets-value=\"{&quot;1&quot;:3,&quot;3&quot;:0.01}\">0.01<\/td>\n<td style=\"text-align: center;\" data-sheets-value=\"{&quot;1&quot;:3,&quot;3&quot;:0.01}\">0.01<\/td>\n<td style=\"text-align: center;\" data-sheets-value=\"{&quot;1&quot;:3,&quot;3&quot;:0.059}\">0.059<\/td>\n<td><\/td>\n<\/tr>\n<\/tbody>\n<\/table>\n<\/div>\n<p>* Bemerkung: Unterst\u00fctzung nach Kundenwunsch<\/p>\n<p><strong>Produkt-Spezifikation<\/strong><\/p>\n<div style=\"overflow-x: auto;\">\n<table>\n<tbody>\n<tr>\n<td colspan=\"1\" rowspan=\"2\" data-sheets-value=\"{&quot;1&quot;:2,&quot;2&quot;:&quot;Size (um)&quot;}\">\n<div style=\"text-align: center;\"><strong>Gr\u00f6\u00dfe (um)<\/strong><\/div>\n<\/td>\n<td style=\"text-align: center;\" colspan=\"1\" rowspan=\"2\" data-sheets-value=\"{&quot;1&quot;:2,&quot;2&quot;:&quot;Flowability (s\/50g)&quot;}\">\n<div><strong>Flie\u00dff\u00e4higkeit(s\/50g)<\/strong><\/div>\n<\/td>\n<td style=\"text-align: center;\" colspan=\"3\" rowspan=\"1\" data-sheets-value=\"{&quot;1&quot;:2,&quot;2&quot;:&quot;PSD(um)&quot;}\"><strong>PSD (um)<\/strong><\/td>\n<\/tr>\n<tr>\n<td style=\"text-align: center;\" data-sheets-value=\"{&quot;1&quot;:2,&quot;2&quot;:&quot;D10&quot;}\">D10<\/td>\n<td style=\"text-align: center;\" data-sheets-value=\"{&quot;1&quot;:2,&quot;2&quot;:&quot;D50&quot;}\">D50<\/td>\n<td style=\"text-align: center;\" data-sheets-value=\"{&quot;1&quot;:2,&quot;2&quot;:&quot;D90&quot;}\">D90<\/td>\n<\/tr>\n<tr>\n<td style=\"text-align: center;\" data-sheets-value=\"{&quot;1&quot;:2,&quot;2&quot;:&quot;15-45um&quot;}\">15-45um<\/td>\n<td style=\"text-align: center;\" data-sheets-value=\"{&quot;1&quot;:2,&quot;2&quot;:&quot;\uff1c90&quot;}\">\uff1c90<\/td>\n<td style=\"text-align: center;\" data-sheets-value=\"{&quot;1&quot;:2,&quot;2&quot;:&quot;15-25&quot;}\">15-25<\/td>\n<td style=\"text-align: center;\" data-sheets-value=\"{&quot;1&quot;:2,&quot;2&quot;:&quot;30-35&quot;}\">30-35<\/td>\n<td style=\"text-align: center;\" data-sheets-value=\"{&quot;1&quot;:2,&quot;2&quot;:&quot;40-50&quot;}\">40-50<\/td>\n<\/tr>\n<tr>\n<td style=\"text-align: center;\" data-sheets-value=\"{&quot;1&quot;:2,&quot;2&quot;:&quot;15-53um&quot;}\">15-53um<\/td>\n<td style=\"text-align: center;\" data-sheets-value=\"{&quot;1&quot;:2,&quot;2&quot;:&quot;\uff1c90&quot;}\">\uff1c90<\/td>\n<td style=\"text-align: center;\" data-sheets-value=\"{&quot;1&quot;:2,&quot;2&quot;:&quot;15-21&quot;}\">15-21<\/td>\n<td style=\"text-align: center;\" data-sheets-value=\"{&quot;1&quot;:2,&quot;2&quot;:&quot;25-30&quot;}\">25-30<\/td>\n<td style=\"text-align: center;\" data-sheets-value=\"{&quot;1&quot;:2,&quot;2&quot;:&quot;45-55&quot;}\">45-55<\/td>\n<\/tr>\n<tr>\n<td style=\"text-align: center;\" data-sheets-value=\"{&quot;1&quot;:2,&quot;2&quot;:&quot;45-120um&quot;}\">45-120um<\/td>\n<td style=\"text-align: center;\" data-sheets-value=\"{&quot;1&quot;:2,&quot;2&quot;:&quot;\uff1c50&quot;}\">\uff1c50<\/td>\n<td style=\"text-align: center;\" data-sheets-value=\"{&quot;1&quot;:2,&quot;2&quot;:&quot;53-57&quot;}\">53-57<\/td>\n<td style=\"text-align: center;\" data-sheets-value=\"{&quot;1&quot;:2,&quot;2&quot;:&quot;89-93&quot;}\">89-93<\/td>\n<td style=\"text-align: center;\" data-sheets-value=\"{&quot;1&quot;:2,&quot;2&quot;:&quot;144-152&quot;}\">144-152<\/td>\n<\/tr>\n<\/tbody>\n<\/table>\n<\/div>\n<p>&nbsp;<\/p>\n<p><strong>P<\/strong><strong>roduktmerkmale<\/strong><\/p>\n<ul>\n<li>Gute W\u00e4rmeleitf\u00e4higkeit und Verschlei\u00dffestigkeit;<\/li>\n<li>Niedriger W\u00e4rmeausdehnungskoeffizient;<\/li>\n<li>Leichtes Gewicht;<\/li>\n<li>Hohe Festigkeit.<\/li>\n<\/ul>\n<p><strong>Anmeldung<\/strong><\/p>\n<p>Gasverd\u00fcstes sph\u00e4risches Pulver kann f\u00fcr 3D-Druck, Spritzen, L\u00f6ten, Elektronik, Pulvermetallurgie, Solarindustrie, Lithiumbatterie und andere Verarbeitungstechnologien verwendet werden.<\/p>\n<p><strong>Prozess der Pulverisierung:<\/strong><\/p>\n<p>Dosierung der Legierungsbestandteile, Schmelzen im Mittelfrequenz-Induktionsofen, Ausgie\u00dfen der Metalll\u00f6sung aus dem Beutel, Zerst\u00e4ubung, Sammeln des Stahlpulvers, Erkennung, Sieben, Mischen, Wiegen, Verpacken beim Verlassen des Lagers.<\/p>\n<p><img fetchpriority=\"high\" decoding=\"async\" class=\"wp-image-26 size-full aligncenter\" src=\"https:\/\/am-printing.com\/wp-content\/uploads\/2022\/07\/2022030114360123d096.webp\" alt=\"\" width=\"754\" height=\"690\" srcset=\"https:\/\/am-printing.com\/wp-content\/uploads\/2022\/07\/2022030114360123d096.webp 754w, https:\/\/am-printing.com\/wp-content\/uploads\/2022\/07\/2022030114360123d096-600x549.webp 600w, https:\/\/am-printing.com\/wp-content\/uploads\/2022\/07\/2022030114360123d096-300x275.webp 300w\" sizes=\"(max-width: 754px) 100vw, 754px\" \/><\/p>","protected":false},"excerpt":{"rendered":"<p>Das gaszerst\u00e4ubte AlSiMg-Pulver unseres Unternehmens hat eine gute Sph\u00e4rizit\u00e4t, einen geringen Sauerstoffgehalt und eine gute Flie\u00dff\u00e4higkeit. Derzeit werden im 3D-Metalldruck haupts\u00e4chlich Aluminiumlegierungen wie AlSi12 und AlSi10Mg verwendet, die leichte additive Metallpulver mit guten thermischen Eigenschaften sind. Sie k\u00f6nnen f\u00fcr d\u00fcnnwandige Teile wie W\u00e4rmetauscher und andere Automobilteile sowie f\u00fcr Prototypen und Produktionsteile f\u00fcr die Luft- und Raumfahrtindustrie verwendet werden.<\/p>","protected":false},"featured_media":18,"comment_status":"open","ping_status":"closed","template":"","meta":[],"product_brand":[],"product_cat":[16],"product_tag":[],"class_list":{"0":"post-76","1":"product","2":"type-product","3":"status-publish","4":"has-post-thumbnail","6":"product_cat-additive-manufacturing-powder","8":"first","9":"instock","10":"shipping-taxable","11":"product-type-simple"},"_links":{"self":[{"href":"https:\/\/am-printing.com\/de\/wp-json\/wp\/v2\/product\/76","targetHints":{"allow":["GET"]}}],"collection":[{"href":"https:\/\/am-printing.com\/de\/wp-json\/wp\/v2\/product"}],"about":[{"href":"https:\/\/am-printing.com\/de\/wp-json\/wp\/v2\/types\/product"}],"replies":[{"embeddable":true,"href":"https:\/\/am-printing.com\/de\/wp-json\/wp\/v2\/comments?post=76"}],"wp:featuredmedia":[{"embeddable":true,"href":"https:\/\/am-printing.com\/de\/wp-json\/wp\/v2\/media\/18"}],"wp:attachment":[{"href":"https:\/\/am-printing.com\/de\/wp-json\/wp\/v2\/media?parent=76"}],"wp:term":[{"taxonomy":"product_brand","embeddable":true,"href":"https:\/\/am-printing.com\/de\/wp-json\/wp\/v2\/product_brand?post=76"},{"taxonomy":"product_cat","embeddable":true,"href":"https:\/\/am-printing.com\/de\/wp-json\/wp\/v2\/product_cat?post=76"},{"taxonomy":"product_tag","embeddable":true,"href":"https:\/\/am-printing.com\/de\/wp-json\/wp\/v2\/product_tag?post=76"}],"curies":[{"name":"wp","href":"https:\/\/api.w.org\/{rel}","templated":true}]}}