{"id":810,"date":"2023-06-26T03:09:48","date_gmt":"2023-06-26T03:09:48","guid":{"rendered":"https:\/\/am-powder.com\/?post_type=product&#038;p=810"},"modified":"2024-10-14T08:02:01","modified_gmt":"2024-10-14T08:02:01","slug":"best-in738-powder-for-3d-printing-in-2023","status":"publish","type":"product","link":"https:\/\/am-printing.com\/de\/best-in738-powder-for-3d-printing-in-2023\/","title":{"rendered":"Bestes Inconel 738LC-Pulver f\u00fcr den 3D-Druck im Jahr 2023"},"content":{"rendered":"<h2><strong>Verst\u00e4ndnis von Inconel 738LC-Pulver<\/strong><\/h2>\n<h3><em>Eigenschaften und Zusammensetzung\u00a0<\/em><\/h3>\n<p>Inconel 738LC-Pulver besteht haupts\u00e4chlich aus Nickel, Chrom, Wolfram und kleineren Mengen an Kobalt, Aluminium und anderen Elementen. Die sorgf\u00e4ltig ausgewogene Zusammensetzung dieser Legierung tr\u00e4gt zu ihrer au\u00dfergew\u00f6hnlichen Leistung bei. Der hohe Nickelgehalt sorgt f\u00fcr eine ausgezeichnete Korrosionsbest\u00e4ndigkeit, w\u00e4hrend Chrom die Oxidationsbest\u00e4ndigkeit erh\u00f6ht, so dass es f\u00fcr Hochtemperaturumgebungen geeignet ist. Der Zusatz von Wolfram st\u00e4rkt die Legierung und verbessert ihre Kriechbest\u00e4ndigkeit bei erh\u00f6hten Temperaturen.<\/p>\n<div class=\"elementor-element elementor-element-e50abaf elementor-widget elementor-widget-text-editor\" data-id=\"e50abaf\" data-element_type=\"widget\" data-widget_type=\"text-editor.default\">\n<div class=\"elementor-widget-container\">\n<div class=\"elementor-text-editor elementor-clearfix\">\n<p><em>Herstellungsprozess\u00a0<\/em><\/p>\n<\/div>\n<\/div>\n<\/div>\n<p>Die Herstellung von Inconel <strong>738LC<\/strong> Pulver ist ein anspruchsvoller Herstellungsprozess. Es beginnt in der Regel mit dem Schmelzen und Veredeln der Legierung in einem Vakuum-Induktionsofen oder einem Lichtbogenofen unter kontrollierten Bedingungen. Die geschmolzene Legierung wird dann mit Hilfe von Gas- oder Wasserd\u00fcsen zerst\u00e4ubt, wodurch feine Pulverpartikel entstehen. Diese Partikel werden anschlie\u00dfend gesiebt, klassifiziert und einer W\u00e4rmebehandlung unterzogen, um ihr Gef\u00fcge und ihre Eigenschaften zu optimieren.<\/p>\n<div class=\"elementor-element elementor-element-724e02d elementor-widget elementor-widget-heading\" data-id=\"724e02d\" data-element_type=\"widget\" data-widget_type=\"heading.default\">\n<div class=\"elementor-widget-container\"><\/div>\n<\/div>\n<div class=\"elementor-element elementor-element-a7ed69a elementor-widget elementor-widget-text-editor\" data-id=\"a7ed69a\" data-element_type=\"widget\" data-widget_type=\"text-editor.default\">\n<div class=\"elementor-widget-container\">\n<h3>Inconel <strong>738LC<\/strong> Pulverzusammensetzung<\/h3>\n<\/div>\n<\/div>\n<table style=\"vertical-align: middle; text-align: center;\" width=\"467\">\n<tbody>\n<tr>\n<td colspan=\"6\" width=\"467\"><strong>CHEMISCHE ZUSAMMENSETZUNG(wt%)<\/strong><\/td>\n<\/tr>\n<tr>\n<td rowspan=\"4\"><strong>Inconel 738LC<\/strong><\/td>\n<td><strong>Ni<\/strong><\/td>\n<td><strong>Cr<\/strong><\/td>\n<td><strong>Mo<\/strong><\/td>\n<td><strong>Nb<\/strong><\/td>\n<td><strong>W<\/strong><\/td>\n<\/tr>\n<tr>\n<td>Bal<\/td>\n<td>15.7-16.3<\/td>\n<td>1.5-2.0<\/td>\n<td>0.6-1.1<\/td>\n<td>2.4-2.8<\/td>\n<\/tr>\n<tr>\n<td><strong>Co<\/strong><\/td>\n<td><strong>Ti<\/strong><\/td>\n<td><strong>Ta<\/strong><\/td>\n<td><strong>C<\/strong><\/td>\n<td><\/td>\n<\/tr>\n<tr>\n<td>9.0-11.0<\/td>\n<td>3.0-3.5<\/td>\n<td>1.5-2.0<\/td>\n<td>0.09-0.13<\/td>\n<td><\/td>\n<\/tr>\n<\/tbody>\n<\/table>\n<p>&nbsp;<\/p>\n<div class=\"elementor-element elementor-element-a7ed69a elementor-widget elementor-widget-text-editor\" data-id=\"a7ed69a\" data-element_type=\"widget\" data-widget_type=\"text-editor.default\">\n<div class=\"elementor-widget-container\">\n<h3><em>Wesentliche Merkmale\u00a0<\/em><\/h3>\n<\/div>\n<\/div>\n<p>Inconel 738LC-Pulver besitzt mehrere Schl\u00fcsseleigenschaften, die es f\u00fcr anspruchsvolle Anwendungen sehr begehrt machen:<\/p>\n<ol>\n<li><strong>\u00dcberlegene St\u00e4rke<\/strong>: Inconel 738LC-Pulver weist eine au\u00dfergew\u00f6hnliche Zug-, Erm\u00fcdungs- und Kriechfestigkeit auf, so dass es hohen Belastungen und l\u00e4ngerem Einsatz bei hohen Temperaturen standhalten kann.<\/li>\n<li><strong>Hitzebest\u00e4ndigkeit<\/strong>: Die Legierung beh\u00e4lt ihre mechanischen Eigenschaften und ihre strukturelle Integrit\u00e4t auch bei extremen Temperaturen bei, was sie ideal f\u00fcr Anwendungen in Gasturbinenmotoren, Abgassystemen und W\u00e4rmetauschern macht.<\/li>\n<li><strong>Korrosions- und Oxidationsbest\u00e4ndigkeit<\/strong>: Inconel 738LC-Pulver weist eine ausgezeichnete Korrosions- und Oxidationsbest\u00e4ndigkeit auf und eignet sich daher f\u00fcr Umgebungen, die korrosiven Gasen, Chemikalien und Hochtemperaturatmosph\u00e4ren ausgesetzt sind.<\/li>\n<li><strong>Abnutzungswiderstand<\/strong>: Aufgrund ihrer H\u00e4rte und Verschlei\u00dffestigkeit eignet sich die Legierung f\u00fcr Anwendungen mit abrasiven und erosiven Bedingungen, wie z. B. Turbinenschaufeln und Schaufeln.<\/li>\n<\/ol>\n<h3><strong>Anwendungen von Inconel 738LC-Pulver<\/strong><\/h3>\n<p>Inconel 738LC-Pulver findet aufgrund seiner au\u00dfergew\u00f6hnlichen Eigenschaften in verschiedenen Branchen breite Anwendung. Einige bemerkenswerte Anwendungen umfassen:<\/p>\n<ol>\n<li><strong>Luft- und Raumfahrtindustrie<\/strong>: Inconel 738LC-Pulver wird in gro\u00dfem Umfang f\u00fcr Komponenten von Flugzeugtriebwerken wie Turbinenschaufeln, Brennkammern und Nachbrenner verwendet. Seine hohe Temperaturbest\u00e4ndigkeit und hervorragende mechanische Festigkeit machen es zu einem idealen Werkstoff f\u00fcr diese kritischen Komponenten.<\/li>\n<li><strong>Stromerzeugung<\/strong>: Die Legierung spielt eine wichtige Rolle in der Energieerzeugung, insbesondere in Gasturbinen, wo sie hohen Temperaturen und mechanischen Belastungen standh\u00e4lt. Inconel 738LC-Pulver wird auch in W\u00e4rmetauschern, Kesseln und Dampferzeugern verwendet.<\/li>\n<li><strong>Industrielle Fertigung<\/strong>: Inconel 738LC-Pulver wird in verschiedenen industriellen Anwendungen eingesetzt, darunter Druckguss-, Strangpress- und Warmschmiedeverfahren. Seine F\u00e4higkeit, extremen Temperaturen und mechanischen Belastungen standzuhalten, macht es f\u00fcr diese anspruchsvollen Fertigungsprozesse geeignet.<\/li>\n<li><strong>Chemische Verarbeitung<\/strong>: Inconel 738LC-Pulver wird in chemischen Verarbeitungsanlagen wie Reaktoren, Ventilen und Rohrleitungssystemen verwendet, bei denen Korrosionsbest\u00e4ndigkeit und Hochtemperaturstabilit\u00e4t unerl\u00e4sslich sind.<\/li>\n<\/ol>\n<h3><strong>Schlussfolgerung<\/strong><\/h3>\n<p>Inconel 738LC-Pulver ist eine Hochleistungssuperlegierung, die sich durch au\u00dfergew\u00f6hnliche Festigkeit, Hitzebest\u00e4ndigkeit und Korrosionsbest\u00e4ndigkeit auszeichnet. Seine einzigartige Zusammensetzung und das sorgf\u00e4ltig entwickelte Herstellungsverfahren machen es zu einer bevorzugten Wahl f\u00fcr kritische Anwendungen in der Luft- und Raumfahrt, der Energieerzeugung und der industriellen Fertigung. Mit seinen bemerkenswerten Eigenschaften verschiebt Inconel 738LC-Pulver immer wieder die Grenzen des Machbaren in anspruchsvollen Umgebungen.<\/p>\n<div id=\"gtx-trans\" style=\"position: absolute; left: 371px; top: 608.125px;\">\n<div class=\"gtx-trans-icon\"><\/div>\n<\/div>","protected":false},"excerpt":{"rendered":"<p>Inconel 738LC-Pulver ist eine bemerkenswerte Superlegierung, die sich durch au\u00dfergew\u00f6hnliche Festigkeit, Hitzebest\u00e4ndigkeit und Korrosionsbest\u00e4ndigkeit auszeichnet. Aufgrund ihrer einzigartigen Zusammensetzung und ihrer hervorragenden mechanischen Eigenschaften findet diese Legierung in verschiedenen Branchen Anwendung, darunter Luft- und Raumfahrt, Energieerzeugung und industrielle Fertigung. In diesem umfassenden Leitfaden werden wir die Merkmale, den Herstellungsprozess und die vielf\u00e4ltigen Anwendungen von Inconel 738LC-Pulver untersuchen.<\/p>","protected":false},"featured_media":811,"comment_status":"open","ping_status":"closed","template":"","meta":[],"product_brand":[],"product_cat":[41,16,50,42],"product_tag":[],"class_list":{"0":"post-810","1":"product","2":"type-product","3":"status-publish","4":"has-post-thumbnail","6":"product_cat-3d-prining-metal-powder","7":"product_cat-additive-manufacturing-powder","8":"product_cat-nickel-alloy-powders","9":"product_cat-superalloy-powder","11":"first","12":"instock","13":"featured","14":"shipping-taxable","15":"product-type-simple"},"_links":{"self":[{"href":"https:\/\/am-printing.com\/de\/wp-json\/wp\/v2\/product\/810","targetHints":{"allow":["GET"]}}],"collection":[{"href":"https:\/\/am-printing.com\/de\/wp-json\/wp\/v2\/product"}],"about":[{"href":"https:\/\/am-printing.com\/de\/wp-json\/wp\/v2\/types\/product"}],"replies":[{"embeddable":true,"href":"https:\/\/am-printing.com\/de\/wp-json\/wp\/v2\/comments?post=810"}],"wp:featuredmedia":[{"embeddable":true,"href":"https:\/\/am-printing.com\/de\/wp-json\/wp\/v2\/media\/811"}],"wp:attachment":[{"href":"https:\/\/am-printing.com\/de\/wp-json\/wp\/v2\/media?parent=810"}],"wp:term":[{"taxonomy":"product_brand","embeddable":true,"href":"https:\/\/am-printing.com\/de\/wp-json\/wp\/v2\/product_brand?post=810"},{"taxonomy":"product_cat","embeddable":true,"href":"https:\/\/am-printing.com\/de\/wp-json\/wp\/v2\/product_cat?post=810"},{"taxonomy":"product_tag","embeddable":true,"href":"https:\/\/am-printing.com\/de\/wp-json\/wp\/v2\/product_tag?post=810"}],"curies":[{"name":"wp","href":"https:\/\/api.w.org\/{rel}","templated":true}]}}