{"id":84,"date":"2022-07-26T03:17:52","date_gmt":"2022-07-26T03:17:52","guid":{"rendered":"https:\/\/am-powder.com\/?post_type=product&#038;p=84"},"modified":"2022-07-27T03:01:22","modified_gmt":"2022-07-27T03:01:22","slug":"cocrw-powder","status":"publish","type":"product","link":"https:\/\/am-printing.com\/de\/cocrw-powder\/","title":{"rendered":"CoCrW-Pulver"},"content":{"rendered":"<div style=\"overflow-x: auto;\">\n<table>\n<tbody>\n<tr>\n<td style=\"text-align: center;\" data-sheets-value=\"{&quot;1&quot;:2,&quot;2&quot;:&quot;No&quot;}\"><strong>Nein<\/strong><\/td>\n<td data-sheets-value=\"{&quot;1&quot;:2,&quot;2&quot;:&quot;Name&quot;}\"><strong>Name<\/strong><\/td>\n<td data-sheets-value=\"{&quot;1&quot;:2,&quot;2&quot;:&quot;Chemical Composition(wt%)&quot;}\"><strong>Chemische Zusammensetzung(wt%)<\/strong><\/td>\n<\/tr>\n<tr>\n<td style=\"text-align: center;\" data-sheets-value=\"{&quot;1&quot;:3,&quot;3&quot;:1}\">1<\/td>\n<td data-sheets-value=\"{&quot;1&quot;:2,&quot;2&quot;:&quot;18Ni300&quot;}\">18Ni300<\/td>\n<td data-sheets-value=\"{&quot;1&quot;:2,&quot;2&quot;:&quot;Ni17-19\uff0cMo4.5-5.2\uff0cCo8.5-9.5\uff0cTi0.6-0.8\uff0cAl0.05-0.15\uff0cFe(Bal.)&quot;}\">Ni17-19\uff0cMo4.5-5.2\uff0cCo8.5-9.5\uff0cTi0.6-0.8\uff0cAl0.05-0.15\uff0cFe(Bal.)<\/td>\n<\/tr>\n<tr>\n<td style=\"text-align: center;\" data-sheets-value=\"{&quot;1&quot;:3,&quot;3&quot;:2}\">2<\/td>\n<td data-sheets-value=\"{&quot;1&quot;:2,&quot;2&quot;:&quot;Hastelloy Alloy&quot;}\">Hastelloy-Legierung<\/td>\n<td data-sheets-value=\"{&quot;1&quot;:2,&quot;2&quot;:&quot;Fe17-20\uff0cCr20.5-23\uff0cMo8-10\uff0cW0.2-1\uff0cCo0.5-2.5\uff0cC0.05-0.15\uff0cNi(Bal.)&quot;}\">Fe17-20\uff0cCr20.5-23\uff0cMo8-10\uff0cW0.2-1\uff0cCo0.5-2.5\uff0cC0.05-0.15\uff0cNi(Bal.)<\/td>\n<\/tr>\n<tr>\n<td style=\"text-align: center;\" data-sheets-value=\"{&quot;1&quot;:3,&quot;3&quot;:3}\">3<\/td>\n<td data-sheets-value=\"{&quot;1&quot;:2,&quot;2&quot;:&quot;AlSi10Mg&quot;}\">AlSi10Mg<\/td>\n<td data-sheets-value=\"{&quot;1&quot;:2,&quot;2&quot;:&quot;Si9-11\uff0cMg0.2-0.45\uff0cAl(Bal.)&quot;}\">Si9-11\uff0cMg0.2-0.45\uff0cAl(Bal.)<\/td>\n<\/tr>\n<tr>\n<td style=\"text-align: center;\" data-sheets-value=\"{&quot;1&quot;:3,&quot;3&quot;:4}\">4<\/td>\n<td data-sheets-value=\"{&quot;1&quot;:2,&quot;2&quot;:&quot;CoCrW&quot;}\">CoCrW<\/td>\n<td data-sheets-value=\"{&quot;1&quot;:2,&quot;2&quot;:&quot;Cr26.5-29\uff0cW7-9\uff0cSi1.2-1.9\uff0cCo(Bal.)&quot;}\">Cr26.5-29\uff0cW7-9\uff0cSi1.2-1.9\uff0cCo(Bal.)<\/td>\n<\/tr>\n<tr>\n<td style=\"text-align: center;\" data-sheets-value=\"{&quot;1&quot;:3,&quot;3&quot;:5}\">5<\/td>\n<td data-sheets-value=\"{&quot;1&quot;:2,&quot;2&quot;:&quot;Co28Cr6Mo(CoCrF75)&quot;}\">Co28Cr6Mo(CoCrF75)<\/td>\n<td data-sheets-value=\"{&quot;1&quot;:2,&quot;2&quot;:&quot;Cr27-29\uff0cMo5-7\uff0cCo(Bal.)&quot;}\">Cr27-29\uff0cMo5-7\uff0cCo(Bal.)<\/td>\n<\/tr>\n<tr>\n<td style=\"text-align: center;\" data-sheets-value=\"{&quot;1&quot;:3,&quot;3&quot;:6}\">6<\/td>\n<td data-sheets-value=\"{&quot;1&quot;:2,&quot;2&quot;:&quot;Spherical Ti Powder&quot;}\">Sph\u00e4risches Ti-Pulver<\/td>\n<td data-sheets-value=\"{&quot;1&quot;:2,&quot;2&quot;:&quot;Ti\u226599.9&quot;}\">Ti\u226599.9<\/td>\n<\/tr>\n<tr>\n<td style=\"text-align: center;\" data-sheets-value=\"{&quot;1&quot;:3,&quot;3&quot;:7}\">7<\/td>\n<td data-sheets-value=\"{&quot;1&quot;:2,&quot;2&quot;:&quot;TC4&quot;}\">TC4<\/td>\n<td data-sheets-value=\"{&quot;1&quot;:2,&quot;2&quot;:&quot;Al5.5-6.8\uff0cV3.5-4.5\uff0cTi(Bal.)&quot;}\">Al5.5-6.8\uff0cV3.5-4.5\uff0cTi(Bal.)<\/td>\n<\/tr>\n<tr>\n<td style=\"text-align: center;\" data-sheets-value=\"{&quot;1&quot;:3,&quot;3&quot;:8}\">8<\/td>\n<td data-sheets-value=\"{&quot;1&quot;:2,&quot;2&quot;:&quot;TA15&quot;}\">TA15<\/td>\n<td data-sheets-value=\"{&quot;1&quot;:2,&quot;2&quot;:&quot;Al5.5-7.1\uff0cV0.8-2.5\uff0cMo0.8-2\uff0cZr1.5-2.5\uff0cAl(Bal.)&quot;}\">Al5.5-7.1\uff0cV0.8-2.5\uff0cMo0.8-2\uff0cZr1.5-2.5\uff0cAl(Bal.)<\/td>\n<\/tr>\n<tr>\n<td style=\"text-align: center;\" data-sheets-value=\"{&quot;1&quot;:3,&quot;3&quot;:9}\">9<\/td>\n<td data-sheets-value=\"{&quot;1&quot;:2,&quot;2&quot;:&quot;316L&quot;}\">316L<\/td>\n<td data-sheets-value=\"{&quot;1&quot;:2,&quot;2&quot;:&quot;Cr16.00-18.00\uff0c Ni10.00-14.00\uff0cMo2.00-3.00\uff0cFe(Bal.)&quot;}\">Cr16.00-18.00\uff0c Ni10.00-14.00\uff0cMo2.00-3.00\uff0cFe(Bal.)<\/td>\n<\/tr>\n<tr>\n<td style=\"text-align: center;\" data-sheets-value=\"{&quot;1&quot;:3,&quot;3&quot;:10}\">10<\/td>\n<td data-sheets-value=\"{&quot;1&quot;:2,&quot;2&quot;:&quot;S136&quot;}\">S136<\/td>\n<td data-sheets-value=\"{&quot;1&quot;:2,&quot;2&quot;:&quot;Cr12.0-14.0\uff0cSi0.8-1.0\uff0cV0.15-0.4\uff0cC0.2-0.45\uff0cFe(Bal.)&quot;}\">Cr12.0-14.0\uff0cSi0.8-1.0\uff0cV0.15-0.4\uff0cC0.2-0.45\uff0cFe(Bal.)<\/td>\n<\/tr>\n<tr>\n<td style=\"text-align: center;\" data-sheets-value=\"{&quot;1&quot;:3,&quot;3&quot;:11}\">11<\/td>\n<td data-sheets-value=\"{&quot;1&quot;:2,&quot;2&quot;:&quot;In625&quot;}\">In625<\/td>\n<td data-sheets-value=\"{&quot;1&quot;:2,&quot;2&quot;:&quot;Cr20-23 , Mo8-10 , Nb 3.15-4.15 , Co\u22641, Fe\u22641 , Ni (bal.)&quot;}\">Cr20-23 , Mo8-10 , Nb 3,15-4,15 , Co\u22641, Fe\u22641 , Ni (bal.)<\/td>\n<\/tr>\n<tr>\n<td style=\"text-align: center;\" data-sheets-value=\"{&quot;1&quot;:3,&quot;3&quot;:12}\">12<\/td>\n<td data-sheets-value=\"{&quot;1&quot;:2,&quot;2&quot;:&quot;In718&quot;}\">In718<\/td>\n<td data-sheets-value=\"{&quot;1&quot;:2,&quot;2&quot;:&quot;Cr17-21 , Mo2.8-3.3 , Nb 4.75-5.5 , Co\u22641, Ni50-51 , Fe(Bal.)&quot;}\">Cr17-21 , Mo2.8-3.3 , Nb 4.75-5.5 , Co\u22641, Ni50-51 , Fe(Bal.)<\/td>\n<\/tr>\n<tr>\n<td style=\"text-align: center;\" data-sheets-value=\"{&quot;1&quot;:3,&quot;3&quot;:13}\">13<\/td>\n<td data-sheets-value=\"{&quot;1&quot;:2,&quot;2&quot;:&quot;Spherica WC&quot;}\">Spherica WC<\/td>\n<td data-sheets-value=\"{&quot;1&quot;:2,&quot;2&quot;:&quot;C3.7-4.2\uff0cW(Bal.)&quot;}\">C3.7-4.2\uff0cW(Bal.)<\/td>\n<\/tr>\n<tr>\n<td style=\"text-align: center;\" data-sheets-value=\"{&quot;1&quot;:3,&quot;3&quot;:14}\">14<\/td>\n<td data-sheets-value=\"{&quot;1&quot;:2,&quot;2&quot;:&quot;Spherical Cr Powder&quot;}\">Sph\u00e4risches Cr-Pulver<\/td>\n<td data-sheets-value=\"{&quot;1&quot;:2,&quot;2&quot;:&quot;Cr\u226599.9&quot;}\">Cr\u226599,9<\/td>\n<\/tr>\n<tr>\n<td style=\"text-align: center;\" data-sheets-value=\"{&quot;1&quot;:3,&quot;3&quot;:15}\">15<\/td>\n<td data-sheets-value=\"{&quot;1&quot;:2,&quot;2&quot;:&quot;Spherica Mo Powder&quot;}\">Spherica Mo-Pulver<\/td>\n<td data-sheets-value=\"{&quot;1&quot;:2,&quot;2&quot;:&quot;Mo\u226599.9&quot;}\">Mo\u226599.9<\/td>\n<\/tr>\n<tr>\n<td style=\"text-align: center;\" data-sheets-value=\"{&quot;1&quot;:3,&quot;3&quot;:16}\">16<\/td>\n<td data-sheets-value=\"{&quot;1&quot;:2,&quot;2&quot;:&quot;Spherica Ta Powder&quot;}\">Spherica Ta-Pulver<\/td>\n<td data-sheets-value=\"{&quot;1&quot;:2,&quot;2&quot;:&quot;Ta\u226599.9&quot;}\">Ta\u226599.9<\/td>\n<\/tr>\n<tr>\n<td style=\"text-align: center;\" data-sheets-value=\"{&quot;1&quot;:3,&quot;3&quot;:17}\">17<\/td>\n<td data-sheets-value=\"{&quot;1&quot;:2,&quot;2&quot;:&quot;Spherica W Powder&quot;}\">Spherica W Pulver<\/td>\n<td data-sheets-value=\"{&quot;1&quot;:2,&quot;2&quot;:&quot;W\u226599.9&quot;}\">W\u226599.9<\/td>\n<\/tr>\n<\/tbody>\n<\/table>\n<\/div>\n<p>CoCrW ist eine der Stellit-Legierungen, die verschiedenen Arten von Verschlei\u00df, Korrosion und Oxidation bei hohen Temperaturen widerstehen kann. Je nach Zusammensetzung der Legierungen k\u00f6nnen sie zu Schwei\u00dfdraht, Pulver zum Auftragen von harten Oberfl\u00e4chen, thermischem Spritzen und Spritzschwei\u00dfen verarbeitet werden. Sie k\u00f6nnen auch zu Guss- und Schmiedeteilen sowie zu pulvermetallurgischen Teilen verarbeitet werden.<\/p>\n<p><strong>Produkt-Eigenschaften<\/strong><\/p>\n<ol>\n<li>\u00c4u\u00dferes Erscheinungsbild: Graues Pulver<\/li>\n<li>Gr\u00f6\u00dfe: 15-53um<\/li>\n<li>Chemische Zusammensetzung: Cr27-29\uff0cMo5-7\uff0cCo(Bal.)<\/li>\n<li>PSD: D10=17.9\u03bcm\uff0cD50=31\u03bcm\uff0cD90=51.8\u03bcm<\/li>\n<li>Hinweis: Andere 3D-Druckpulver sind auf Kundenwunsch erh\u00e4ltlich.<\/li>\n<\/ol>\n<p><strong>Anmeldung<\/strong><\/p>\n<ol>\n<li>3D-Druck<\/li>\n<li>Spritzgie\u00dfen(MIM)<\/li>\n<li>Pulvermetallurgie(PM)<\/li>\n<li>Spr\u00fchbeschichtung (SP) usw.<\/li>\n<\/ol>","protected":false},"excerpt":{"rendered":"<p>CoCrW ist eine der Stellit-Legierungen, die verschiedenen Arten von Verschlei\u00df, Korrosion und Oxidation bei hohen Temperaturen widerstehen kann. Je nach Zusammensetzung der Legierungen k\u00f6nnen sie zu Schwei\u00dfdraht, Pulver zum Auftragen von harten Oberfl\u00e4chen, thermischem Spritzen und Spritzschwei\u00dfen verarbeitet werden. Sie k\u00f6nnen auch zu Guss- und Schmiedeteilen sowie zu pulvermetallurgischen Teilen verarbeitet werden.<\/p>","protected":false},"featured_media":18,"comment_status":"open","ping_status":"closed","template":"","meta":[],"product_brand":[],"product_cat":[16],"product_tag":[],"class_list":{"0":"post-84","1":"product","2":"type-product","3":"status-publish","4":"has-post-thumbnail","6":"product_cat-additive-manufacturing-powder","8":"first","9":"instock","10":"shipping-taxable","11":"product-type-simple"},"_links":{"self":[{"href":"https:\/\/am-printing.com\/de\/wp-json\/wp\/v2\/product\/84","targetHints":{"allow":["GET"]}}],"collection":[{"href":"https:\/\/am-printing.com\/de\/wp-json\/wp\/v2\/product"}],"about":[{"href":"https:\/\/am-printing.com\/de\/wp-json\/wp\/v2\/types\/product"}],"replies":[{"embeddable":true,"href":"https:\/\/am-printing.com\/de\/wp-json\/wp\/v2\/comments?post=84"}],"wp:featuredmedia":[{"embeddable":true,"href":"https:\/\/am-printing.com\/de\/wp-json\/wp\/v2\/media\/18"}],"wp:attachment":[{"href":"https:\/\/am-printing.com\/de\/wp-json\/wp\/v2\/media?parent=84"}],"wp:term":[{"taxonomy":"product_brand","embeddable":true,"href":"https:\/\/am-printing.com\/de\/wp-json\/wp\/v2\/product_brand?post=84"},{"taxonomy":"product_cat","embeddable":true,"href":"https:\/\/am-printing.com\/de\/wp-json\/wp\/v2\/product_cat?post=84"},{"taxonomy":"product_tag","embeddable":true,"href":"https:\/\/am-printing.com\/de\/wp-json\/wp\/v2\/product_tag?post=84"}],"curies":[{"name":"wp","href":"https:\/\/api.w.org\/{rel}","templated":true}]}}