{"id":86,"date":"2022-07-26T03:26:54","date_gmt":"2022-07-26T03:26:54","guid":{"rendered":"https:\/\/am-powder.com\/?post_type=product&#038;p=86"},"modified":"2022-07-27T02:59:01","modified_gmt":"2022-07-27T02:59:01","slug":"niobium-powder","status":"publish","type":"product","link":"https:\/\/am-printing.com\/de\/niobium-powder\/","title":{"rendered":"Niobium-Pulver"},"content":{"rendered":"<div style=\"overflow-x: auto;\">\n<table>\n<tbody>\n<tr>\n<td data-sheets-value=\"{&quot;1&quot;:2,&quot;2&quot;:&quot;No&quot;}\"><strong>Nein<\/strong><\/td>\n<td data-sheets-value=\"{&quot;1&quot;:2,&quot;2&quot;:&quot;Name&quot;}\"><strong>Name<\/strong><\/td>\n<td data-sheets-value=\"{&quot;1&quot;:2,&quot;2&quot;:&quot;Chemical Composition(wt%)&quot;}\"><strong>Chemische Zusammensetzung (wt%)<\/strong><\/td>\n<\/tr>\n<tr>\n<td data-sheets-value=\"{&quot;1&quot;:3,&quot;3&quot;:1}\">1<\/td>\n<td data-sheets-value=\"{&quot;1&quot;:2,&quot;2&quot;:&quot;18Ni300&quot;}\">18Ni300<\/td>\n<td data-sheets-value=\"{&quot;1&quot;:2,&quot;2&quot;:&quot;Ni17-19\uff0cMo4.5-5.2\uff0cCo8.5-9.5\uff0cTi0.6-0.8\uff0cAl0.05-0.15\uff0cFe(Bal.)&quot;}\">Ni17-19\uff0cMo4.5-5.2\uff0cCo8.5-9.5\uff0cTi0.6-0.8\uff0cAl0.05-0.15\uff0cFe(Bal.)<\/td>\n<\/tr>\n<tr>\n<td data-sheets-value=\"{&quot;1&quot;:3,&quot;3&quot;:2}\">2<\/td>\n<td data-sheets-value=\"{&quot;1&quot;:2,&quot;2&quot;:&quot;Hastelloy Alloy&quot;}\">Hastelloy-Legierung<\/td>\n<td data-sheets-value=\"{&quot;1&quot;:2,&quot;2&quot;:&quot;Fe17-20\uff0cCr20.5-23\uff0cMo8-10\uff0cW0.2-1\uff0cCo0.5-2.5\uff0cC0.05-0.15\uff0cNi(Bal.)&quot;}\">Fe17-20\uff0cCr20.5-23\uff0cMo8-10\uff0cW0.2-1\uff0cCo0.5-2.5\uff0cC0.05-0.15\uff0cNi(Bal.)<\/td>\n<\/tr>\n<tr>\n<td data-sheets-value=\"{&quot;1&quot;:3,&quot;3&quot;:3}\">3<\/td>\n<td data-sheets-value=\"{&quot;1&quot;:2,&quot;2&quot;:&quot;AlSi10Mg&quot;}\">AlSi10Mg<\/td>\n<td data-sheets-value=\"{&quot;1&quot;:2,&quot;2&quot;:&quot;Si9-11\uff0cMg0.2-0.45\uff0cAl(Bal.)&quot;}\">Si9-11\uff0cMg0.2-0.45\uff0cAl(Bal.)<\/td>\n<\/tr>\n<tr>\n<td data-sheets-value=\"{&quot;1&quot;:3,&quot;3&quot;:4}\">4<\/td>\n<td data-sheets-value=\"{&quot;1&quot;:2,&quot;2&quot;:&quot;CoCrW&quot;}\">CoCrW<\/td>\n<td data-sheets-value=\"{&quot;1&quot;:2,&quot;2&quot;:&quot;Cr26.5-29\uff0cW7-9\uff0cSi1.2-1.9\uff0cCo(Bal.)&quot;}\">Cr26.5-29\uff0cW7-9\uff0cSi1.2-1.9\uff0cCo(Bal.)<\/td>\n<\/tr>\n<tr>\n<td data-sheets-value=\"{&quot;1&quot;:3,&quot;3&quot;:5}\">5<\/td>\n<td data-sheets-value=\"{&quot;1&quot;:2,&quot;2&quot;:&quot;Co28Cr6Mo&quot;}\">Co28Cr6Mo<\/td>\n<td data-sheets-value=\"{&quot;1&quot;:2,&quot;2&quot;:&quot;Cr27-29\uff0cMo5-7\uff0cCo(Bal.)&quot;}\">Cr27-29\uff0cMo5-7\uff0cCo(Bal.)<\/td>\n<\/tr>\n<tr>\n<td data-sheets-value=\"{&quot;1&quot;:3,&quot;3&quot;:6}\">6<\/td>\n<td data-sheets-value=\"{&quot;1&quot;:2,&quot;2&quot;:&quot;Spherical Ti Powder&quot;}\">Sph\u00e4risches Ti-Pulver<\/td>\n<td data-sheets-value=\"{&quot;1&quot;:2,&quot;2&quot;:&quot;Ti\u226599.9&quot;}\">Ti\u226599.9<\/td>\n<\/tr>\n<tr>\n<td data-sheets-value=\"{&quot;1&quot;:3,&quot;3&quot;:7}\">7<\/td>\n<td data-sheets-value=\"{&quot;1&quot;:2,&quot;2&quot;:&quot;TC4&quot;}\">TC4<\/td>\n<td data-sheets-value=\"{&quot;1&quot;:2,&quot;2&quot;:&quot;Al5.5-6.8\uff0cV3.5-4.5\uff0cTi(Bal.)&quot;}\">Al5.5-6.8\uff0cV3.5-4.5\uff0cTi(Bal.)<\/td>\n<\/tr>\n<tr>\n<td data-sheets-value=\"{&quot;1&quot;:3,&quot;3&quot;:8}\">8<\/td>\n<td data-sheets-value=\"{&quot;1&quot;:2,&quot;2&quot;:&quot;TA15&quot;}\">TA15<\/td>\n<td data-sheets-value=\"{&quot;1&quot;:2,&quot;2&quot;:&quot;Al5.5-7.1\uff0cV0.8-2.5\uff0cMo0.8-2\uff0cZr1.5-2.5\uff0cAl(Bal.)&quot;}\">Al5.5-7.1\uff0cV0.8-2.5\uff0cMo0.8-2\uff0cZr1.5-2.5\uff0cAl(Bal.)<\/td>\n<\/tr>\n<tr>\n<td data-sheets-value=\"{&quot;1&quot;:3,&quot;3&quot;:9}\">9<\/td>\n<td data-sheets-value=\"{&quot;1&quot;:2,&quot;2&quot;:&quot;316L&quot;}\">316L<\/td>\n<td data-sheets-value=\"{&quot;1&quot;:2,&quot;2&quot;:&quot;Cr16.00-18.00\uff0c Ni10.00-14.00\uff0cMo2.00-3.00\uff0cFe(Bal.)&quot;}\">Cr16.00-18.00\uff0c Ni10.00-14.00\uff0cMo2.00-3.00\uff0cFe(Bal.)<\/td>\n<\/tr>\n<tr>\n<td data-sheets-value=\"{&quot;1&quot;:3,&quot;3&quot;:10}\">10<\/td>\n<td data-sheets-value=\"{&quot;1&quot;:2,&quot;2&quot;:&quot;S136&quot;}\">S136<\/td>\n<td data-sheets-value=\"{&quot;1&quot;:2,&quot;2&quot;:&quot;Cr12.0-14.0\uff0cSi0.8-1.0\uff0cV0.15-0.4\uff0cC0.2-0.45\uff0cFe(Bal.)&quot;}\">Cr12.0-14.0\uff0cSi0.8-1.0\uff0cV0.15-0.4\uff0cC0.2-0.45\uff0cFe(Bal.)<\/td>\n<\/tr>\n<tr>\n<td data-sheets-value=\"{&quot;1&quot;:3,&quot;3&quot;:11}\">11<\/td>\n<td data-sheets-value=\"{&quot;1&quot;:2,&quot;2&quot;:&quot;In625&quot;}\">In625<\/td>\n<td data-sheets-value=\"{&quot;1&quot;:2,&quot;2&quot;:&quot;Cr20-23 , Mo8-10 , Nb 3.15-4.15 , Co\u22641, Fe\u22641 , Ni (bal.)&quot;}\">Cr20-23 , Mo8-10 , Nb 3,15-4,15 , Co\u22641, Fe\u22641 , Ni (bal.)<\/td>\n<\/tr>\n<tr>\n<td data-sheets-value=\"{&quot;1&quot;:3,&quot;3&quot;:12}\">12<\/td>\n<td data-sheets-value=\"{&quot;1&quot;:2,&quot;2&quot;:&quot;In718&quot;}\">In718<\/td>\n<td data-sheets-value=\"{&quot;1&quot;:2,&quot;2&quot;:&quot;Cr17-21 , Mo2.8-3.3 , Nb 4.75-5.5 , Co\u22641, Ni50-51 , Fe(Bal.)&quot;}\">Cr17-21 , Mo2.8-3.3 , Nb 4.75-5.5 , Co\u22641, Ni50-51 , Fe(Bal.)<\/td>\n<\/tr>\n<tr>\n<td data-sheets-value=\"{&quot;1&quot;:3,&quot;3&quot;:13}\">13<\/td>\n<td data-sheets-value=\"{&quot;1&quot;:2,&quot;2&quot;:&quot;Spherica WC&quot;}\">Spherica WC<\/td>\n<td data-sheets-value=\"{&quot;1&quot;:2,&quot;2&quot;:&quot;C3.7-4.2\uff0cW(Bal.)&quot;}\">C3.7-4.2\uff0cW(Bal.)<\/td>\n<\/tr>\n<tr>\n<td data-sheets-value=\"{&quot;1&quot;:3,&quot;3&quot;:14}\">14<\/td>\n<td data-sheets-value=\"{&quot;1&quot;:2,&quot;2&quot;:&quot;Spherical Cr Powder&quot;}\">Sph\u00e4risches Cr-Pulver<\/td>\n<td data-sheets-value=\"{&quot;1&quot;:2,&quot;2&quot;:&quot;Cr\u226599.9&quot;}\">Cr\u226599,9<\/td>\n<\/tr>\n<tr>\n<td data-sheets-value=\"{&quot;1&quot;:3,&quot;3&quot;:15}\">15<\/td>\n<td data-sheets-value=\"{&quot;1&quot;:2,&quot;2&quot;:&quot;Spherica Mo Powder&quot;}\">Spherica Mo-Pulver<\/td>\n<td data-sheets-value=\"{&quot;1&quot;:2,&quot;2&quot;:&quot;Mo\u226599.9&quot;}\">Mo\u226599.9<\/td>\n<\/tr>\n<tr>\n<td data-sheets-value=\"{&quot;1&quot;:3,&quot;3&quot;:16}\">16<\/td>\n<td data-sheets-value=\"{&quot;1&quot;:2,&quot;2&quot;:&quot;Spherica Ta Powder&quot;}\">Spherica Ta-Pulver<\/td>\n<td data-sheets-value=\"{&quot;1&quot;:2,&quot;2&quot;:&quot;Ta\u226599.9&quot;}\">Ta\u226599.9<\/td>\n<\/tr>\n<tr>\n<td data-sheets-value=\"{&quot;1&quot;:3,&quot;3&quot;:17}\">17<\/td>\n<td data-sheets-value=\"{&quot;1&quot;:2,&quot;2&quot;:&quot;Spherica W Powder&quot;}\">Spherica W Pulver<\/td>\n<td data-sheets-value=\"{&quot;1&quot;:2,&quot;2&quot;:&quot;W\u226599.9&quot;}\">W\u226599.9<\/td>\n<\/tr>\n<\/tbody>\n<\/table>\n<\/div>\n<p>&nbsp;<\/p>\n<p>Niob ist ein seltenes, weiches, verformbares, dehnbares, grauwei\u00dfes Metall. Es hat eine kubisch-raumzentrierte kristalline Struktur und \u00e4hnelt in seinen physikalischen und chemischen Eigenschaften dem Tantal. Niob-Mikronpulver findet aufgrund seiner w\u00fcnschenswerten chemischen, elektrischen und mechanischen Eigenschaften in verschiedenen Anwendungen wie der Elektronik, der Legierungsherstellung und der Medizintechnik Verwendung. Niobpulver ist ein effektives Mikrolegierungselement, das bei der Stahlherstellung verwendet wird und bei der Herstellung von Superlegierungen und hochentropischen Legierungen sehr beliebt ist. Niob wird in der Prothetik und in Implantaten wie Herzschrittmachern verwendet, da es physiologisch inert und hypoallergen ist. Au\u00dferdem wird Niob-Pulver als Rohstoff f\u00fcr die Herstellung von Elektrolytkondensatoren ben\u00f6tigt.<\/p>\n<p><strong>Produkt-Eigenschaften<\/strong><\/p>\n<ol>\n<li>\u00c4u\u00dferes Erscheinungsbild: Graues Pulver;<\/li>\n<li>Gr\u00f6\u00dfe: 15-53um;<\/li>\n<li>PSD: D10=18.007\u03bcm\uff0cD50=32.608\u03bcm\uff0cD90=57.33\u03bcm;<\/li>\n<li>Hinweis: Andere 3D-Druckpulver sind auf Kundenwunsch erh\u00e4ltlich.<\/li>\n<\/ol>\n<p><strong>Anmeldung<\/strong><\/p>\n<ol>\n<li>3D-Druck<\/li>\n<li>Spritzgie\u00dfen(MIM)<\/li>\n<li>Pulvermetallurgie(PM)<\/li>\n<li>Spr\u00fchbeschichtung (SP) usw.<\/li>\n<\/ol>","protected":false},"excerpt":{"rendered":"<p>Niob wird in der Prothetik und in Implantaten wie Herzschrittmachern verwendet, da es physiologisch inert und hypoallergen ist. Au\u00dferdem wird Niob-Pulver als Rohstoff f\u00fcr die Herstellung von Elektrolytkondensatoren ben\u00f6tigt.<\/p>","protected":false},"featured_media":18,"comment_status":"open","ping_status":"closed","template":"","meta":[],"product_brand":[],"product_cat":[16,23],"product_tag":[],"class_list":{"0":"post-86","1":"product","2":"type-product","3":"status-publish","4":"has-post-thumbnail","6":"product_cat-additive-manufacturing-powder","7":"product_cat-refractory-metal-powder","9":"first","10":"instock","11":"shipping-taxable","12":"product-type-simple"},"_links":{"self":[{"href":"https:\/\/am-printing.com\/de\/wp-json\/wp\/v2\/product\/86","targetHints":{"allow":["GET"]}}],"collection":[{"href":"https:\/\/am-printing.com\/de\/wp-json\/wp\/v2\/product"}],"about":[{"href":"https:\/\/am-printing.com\/de\/wp-json\/wp\/v2\/types\/product"}],"replies":[{"embeddable":true,"href":"https:\/\/am-printing.com\/de\/wp-json\/wp\/v2\/comments?post=86"}],"wp:featuredmedia":[{"embeddable":true,"href":"https:\/\/am-printing.com\/de\/wp-json\/wp\/v2\/media\/18"}],"wp:attachment":[{"href":"https:\/\/am-printing.com\/de\/wp-json\/wp\/v2\/media?parent=86"}],"wp:term":[{"taxonomy":"product_brand","embeddable":true,"href":"https:\/\/am-printing.com\/de\/wp-json\/wp\/v2\/product_brand?post=86"},{"taxonomy":"product_cat","embeddable":true,"href":"https:\/\/am-printing.com\/de\/wp-json\/wp\/v2\/product_cat?post=86"},{"taxonomy":"product_tag","embeddable":true,"href":"https:\/\/am-printing.com\/de\/wp-json\/wp\/v2\/product_tag?post=86"}],"curies":[{"name":"wp","href":"https:\/\/api.w.org\/{rel}","templated":true}]}}