{"id":87,"date":"2022-07-26T03:31:06","date_gmt":"2022-07-26T03:31:06","guid":{"rendered":"https:\/\/am-powder.com\/?post_type=product&#038;p=87"},"modified":"2025-11-04T08:54:45","modified_gmt":"2025-11-04T08:54:45","slug":"molybdenum-powder","status":"publish","type":"product","link":"https:\/\/am-printing.com\/de\/molybdenum-powder\/","title":{"rendered":"Reines Molybd\u00e4npulver"},"content":{"rendered":"<p>Molybd\u00e4n-Metallpulver ist ein hochschmelzendes Metall, das f\u00fcr seinen hohen Schmelzpunkt (2623\u2103), seine hervorragende thermische und elektrische Leitf\u00e4higkeit und seine hohe Korrosionsbest\u00e4ndigkeit bekannt ist. Es ist ein vielseitiges Material, das in verschiedenen industriellen Anwendungen eingesetzt wird, darunter Pulvermetallurgie, 3D-Druck und als Bestandteil von Legierungen und Beschichtungen.<\/p>\n<p>Reines Mo-Pulver ist in verschiedenen Partikelgr\u00f6\u00dfen und sowohl in kugelf\u00f6rmiger als auch in unregelm\u00e4\u00dfiger Form erh\u00e4ltlich. Es kann durch Plasmasph\u00e4roidisierung, PREP, Reduktion oder mechanische Mahlverfahren hergestellt werden.<\/p>\n<p>Sph\u00e4risches Molybd\u00e4npulver f\u00fcr den 3D-Druck wird normalerweise mit der Truer-Plasma-Sph\u00e4roidisierungs- oder PREP-Maschine hergestellt. Die Partikelgr\u00f6\u00dfe kann nach den Spezifikationen der Kunden angepasst werden. Normalerweise umfassen unsere gemeinsamen Partikelgr\u00f6\u00dfen PSD 15-53um, 45-105um, 53-150um.<\/p>\n<p>&nbsp;<\/p>\n<p><strong>Chemische Zusammensetzung von kugelf\u00f6rmigem Mo-Pulver:<\/strong><\/p>\n<table width=\"879\">\n<tbody>\n<tr>\n<td width=\"112\">Elemente<\/td>\n<td width=\"93\">Mo<\/td>\n<td width=\"91\">Fe<\/td>\n<td width=\"93\">Si<\/td>\n<td width=\"102\">C<\/td>\n<td width=\"93\">S<\/td>\n<td width=\"121\">P<\/td>\n<td width=\"138\">O<\/td>\n<td width=\"17\"><\/td>\n<\/tr>\n<tr>\n<td width=\"112\">wt%<\/td>\n<td width=\"93\">&gt;99.9<\/td>\n<td width=\"91\">0,05 max.<\/td>\n<td width=\"93\">0,05 max.<\/td>\n<td width=\"102\">0,05 max.<\/td>\n<td width=\"93\">0,015 max.<\/td>\n<td width=\"121\">0,015 max.<\/td>\n<td colspan=\"2\" width=\"158\">0,05 max.<\/td>\n<\/tr>\n<\/tbody>\n<\/table>\n<p>&nbsp;<\/p>\n<h2><\/h2>\n<h2>Herstellungsverfahren:<\/h2>\n<p>Sph\u00e4risches Mo-Pulver kann durch Plasmasph\u00e4roidisierung und PREP-Verfahren hergestellt werden.<\/p>\n<p>Die Plasmasph\u00e4roidisierung ist eine fortschrittliche Pulververarbeitungstechnik zur Herstellung von kugelf\u00f6rmigen Metall- oder Keramikpulvern mit hoher Reinheit und dichtem Gef\u00fcge, bei der unregelm\u00e4\u00dfig geformte Pulver mit Hilfe eines Plasmabrenners zu kugelf\u00f6rmigen Tr\u00f6pfchen geschmolzen werden.<\/p>\n<p>Die PREP-Methode (Plasma-Rotations-Elektroden-Verfahren) ist ein Verfahren zur Herstellung von Pulvern mit hervorragender Reinheit und ohne Hohl- und Satellitenpulver. Dabei werden St\u00e4be des gew\u00fcnschten Metall- oder Legierungspulvers als rotierende Elektrode verwendet, die in der Regel zylindrisch sind und sich mit hoher Geschwindigkeit drehen. Ein Hochtemperatur-Plasmalichtbogen wird erzeugt und auf die Spitze der Elektrode gerichtet, dann schmilzt der Plasmalichtbogen die Oberfl\u00e4che der Elektrode und zerf\u00e4llt in feine Tr\u00f6pfchen.<\/p>\n<p>&nbsp;<\/p>\n<p><img fetchpriority=\"high\" decoding=\"async\" class=\"alignnone size-full wp-image-2747\" src=\"https:\/\/am-printing.com\/wp-content\/uploads\/2022\/07\/Mo-powder.png\" alt=\"\" width=\"676\" height=\"486\" srcset=\"https:\/\/am-printing.com\/wp-content\/uploads\/2022\/07\/Mo-powder.png 676w, https:\/\/am-printing.com\/wp-content\/uploads\/2022\/07\/Mo-powder-300x216.png 300w, https:\/\/am-printing.com\/wp-content\/uploads\/2022\/07\/Mo-powder-18x12.png 18w, https:\/\/am-printing.com\/wp-content\/uploads\/2022\/07\/Mo-powder-600x431.png 600w\" sizes=\"(max-width: 676px) 100vw, 676px\" \/><\/p>\n<p>&nbsp;<\/p>\n<p>&nbsp;<\/p>\n<p><strong>SEM-Foto von Mo-Pulver durch Plasmasph\u00e4roidisierung:<\/strong><\/p>\n<p><img decoding=\"async\" class=\"alignnone wp-image-2748\" src=\"https:\/\/am-printing.com\/wp-content\/uploads\/2022\/07\/SEM-PHOTO-OF-Mo-Powder.jpg\" alt=\"REM-FOTO von Mo-Pulver\" width=\"547\" height=\"437\" srcset=\"https:\/\/am-printing.com\/wp-content\/uploads\/2022\/07\/SEM-PHOTO-OF-Mo-Powder.jpg 773w, https:\/\/am-printing.com\/wp-content\/uploads\/2022\/07\/SEM-PHOTO-OF-Mo-Powder-300x240.jpg 300w, https:\/\/am-printing.com\/wp-content\/uploads\/2022\/07\/SEM-PHOTO-OF-Mo-Powder-768x614.jpg 768w, https:\/\/am-printing.com\/wp-content\/uploads\/2022\/07\/SEM-PHOTO-OF-Mo-Powder-15x12.jpg 15w, https:\/\/am-printing.com\/wp-content\/uploads\/2022\/07\/SEM-PHOTO-OF-Mo-Powder-600x480.jpg 600w\" sizes=\"(max-width: 547px) 100vw, 547px\" \/><\/p>\n<div id=\"gtx-trans\" style=\"position: absolute; left: 240px; top: 707px;\">\n<div class=\"gtx-trans-icon\"><\/div>\n<\/div>","protected":false},"excerpt":{"rendered":"<p>Sph\u00e4risches Molybd\u00e4npulver (Mo-Pulver) ist ebenfalls ein Pulver aus hochschmelzendem Metall, das aufgrund seiner guten thermischen, mechanischen und chemischen Eigenschaften in der Automobil-, Luft- und Raumfahrtindustrie, der Navigation, der Medizin und anderen Bereichen weit verbreitet ist.<\/p>","protected":false},"featured_media":18,"comment_status":"open","ping_status":"closed","template":"","meta":[],"product_brand":[],"product_cat":[16,23],"product_tag":[],"class_list":{"0":"post-87","1":"product","2":"type-product","3":"status-publish","4":"has-post-thumbnail","6":"product_cat-additive-manufacturing-powder","7":"product_cat-refractory-metal-powder","9":"first","10":"instock","11":"shipping-taxable","12":"product-type-simple"},"_links":{"self":[{"href":"https:\/\/am-printing.com\/de\/wp-json\/wp\/v2\/product\/87","targetHints":{"allow":["GET"]}}],"collection":[{"href":"https:\/\/am-printing.com\/de\/wp-json\/wp\/v2\/product"}],"about":[{"href":"https:\/\/am-printing.com\/de\/wp-json\/wp\/v2\/types\/product"}],"replies":[{"embeddable":true,"href":"https:\/\/am-printing.com\/de\/wp-json\/wp\/v2\/comments?post=87"}],"wp:featuredmedia":[{"embeddable":true,"href":"https:\/\/am-printing.com\/de\/wp-json\/wp\/v2\/media\/18"}],"wp:attachment":[{"href":"https:\/\/am-printing.com\/de\/wp-json\/wp\/v2\/media?parent=87"}],"wp:term":[{"taxonomy":"product_brand","embeddable":true,"href":"https:\/\/am-printing.com\/de\/wp-json\/wp\/v2\/product_brand?post=87"},{"taxonomy":"product_cat","embeddable":true,"href":"https:\/\/am-printing.com\/de\/wp-json\/wp\/v2\/product_cat?post=87"},{"taxonomy":"product_tag","embeddable":true,"href":"https:\/\/am-printing.com\/de\/wp-json\/wp\/v2\/product_tag?post=87"}],"curies":[{"name":"wp","href":"https:\/\/api.w.org\/{rel}","templated":true}]}}