{"id":913,"date":"2023-07-03T02:35:50","date_gmt":"2023-07-03T02:35:50","guid":{"rendered":"https:\/\/am-powder.com\/?post_type=product&#038;p=913"},"modified":"2025-10-15T05:25:15","modified_gmt":"2025-10-15T05:25:15","slug":"stainless-steel-430l-powder","status":"publish","type":"product","link":"https:\/\/am-printing.com\/de\/stainless-steel-430l-powder\/","title":{"rendered":"Edelstahl 430L Pulver"},"content":{"rendered":"<h1>Edelstahl 430L Pulver<\/h1>\n<p>Nichtrostender Stahl 430 ist ein ferritischer, weichmagnetischer und nicht h\u00e4rtbarer nichtrostender Stahl. Er enth\u00e4lt einen hohen Prozentsatz an Chrom mit wenig Kohlenstoff, um seine ferritische Struktur zu erhalten und seine Schwei\u00dfbarkeit und Korrosionsbest\u00e4ndigkeit zu verbessern.<\/p>\n<p>Our 430L powder is manufactured by Inert Gas Atomization (IGA), producing a powder with a spherical morphology which provides good flow characteristics and high packing density. In addition, the powder has a low oxygen content and low impurity levels, resulting in a metallurgically clean product with enhanced mechanical performance.<\/p>\n<p>Our typical particle size distribution includes such as 15\u201345 \u00b5m, 15\u201353 \u00b5m or 20\u201363 \u00b5m\u00a0 for laser powder bed fusion, 45-105um or 53-150um for DED etc. Or it can be customized to fit specific requirements of customers.<\/p>\n<p>&nbsp;<\/p>\n<h3><strong>Chemische Zusammensetzung (wt%):<\/strong><\/h3>\n<p><img fetchpriority=\"high\" decoding=\"async\" class=\"alignnone size-full wp-image-2928\" src=\"https:\/\/am-printing.com\/wp-content\/uploads\/2023\/07\/430L-metal-powder.png\" alt=\"430L metal powder\" width=\"865\" height=\"373\" srcset=\"https:\/\/am-printing.com\/wp-content\/uploads\/2023\/07\/430L-metal-powder.png 865w, https:\/\/am-printing.com\/wp-content\/uploads\/2023\/07\/430L-metal-powder-300x129.png 300w, https:\/\/am-printing.com\/wp-content\/uploads\/2023\/07\/430L-metal-powder-768x331.png 768w, https:\/\/am-printing.com\/wp-content\/uploads\/2023\/07\/430L-metal-powder-18x8.png 18w, https:\/\/am-printing.com\/wp-content\/uploads\/2023\/07\/430L-metal-powder-600x259.png 600w\" sizes=\"(max-width: 865px) 100vw, 865px\" \/><\/p>\n<h3><\/h3>\n<h3><\/h3>\n<h3><strong>Morphologie:<\/strong><\/h3>\n<p><img decoding=\"async\" class=\"alignnone size-full wp-image-2929\" src=\"https:\/\/am-printing.com\/wp-content\/uploads\/2023\/07\/430-steel-powder.png\" alt=\"430 steel powder\" width=\"864\" height=\"648\" srcset=\"https:\/\/am-printing.com\/wp-content\/uploads\/2023\/07\/430-steel-powder.png 864w, https:\/\/am-printing.com\/wp-content\/uploads\/2023\/07\/430-steel-powder-300x225.png 300w, https:\/\/am-printing.com\/wp-content\/uploads\/2023\/07\/430-steel-powder-768x576.png 768w, https:\/\/am-printing.com\/wp-content\/uploads\/2023\/07\/430-steel-powder-16x12.png 16w, https:\/\/am-printing.com\/wp-content\/uploads\/2023\/07\/430-steel-powder-600x450.png 600w\" sizes=\"(max-width: 864px) 100vw, 864px\" \/><\/p>\n<p>&nbsp;<\/p>\n<h3><strong>Powder Properties of 53-150um:<\/strong><\/h3>\n<p><img decoding=\"async\" class=\"alignnone size-full wp-image-2930\" src=\"https:\/\/am-printing.com\/wp-content\/uploads\/2023\/07\/430L-steel-powder-china-supplier.png\" alt=\"430L steel powder china supplier\" width=\"863\" height=\"239\" srcset=\"https:\/\/am-printing.com\/wp-content\/uploads\/2023\/07\/430L-steel-powder-china-supplier.png 863w, https:\/\/am-printing.com\/wp-content\/uploads\/2023\/07\/430L-steel-powder-china-supplier-300x83.png 300w, https:\/\/am-printing.com\/wp-content\/uploads\/2023\/07\/430L-steel-powder-china-supplier-768x213.png 768w, https:\/\/am-printing.com\/wp-content\/uploads\/2023\/07\/430L-steel-powder-china-supplier-18x5.png 18w, https:\/\/am-printing.com\/wp-content\/uploads\/2023\/07\/430L-steel-powder-china-supplier-600x166.png 600w\" sizes=\"(max-width: 863px) 100vw, 863px\" \/><\/p>\n<p>&nbsp;<\/p>\n<p>Die Hochtemperatureigenschaften der additiven DED-Fertigung von TRUER 410- und 430-Pulver wurden erforscht und in Micromachines 2025 ver\u00f6ffentlicht.<\/p>\n<p>&nbsp;<\/p>\n<h3><strong>Verpacken: <\/strong><\/h3>\n<p>5kg, 10kg, 25kg oder nach Bedarf; Plastikflasche\/Dose.<\/p>\n<p><img loading=\"lazy\" decoding=\"async\" class=\"alignnone size-full wp-image-2818\" src=\"https:\/\/am-printing.com\/wp-content\/uploads\/2025\/09\/\u5305\u88c5\u74f6.png\" alt=\"Kupferlegierungspulver-Packung\" width=\"434\" height=\"575\" srcset=\"https:\/\/am-printing.com\/wp-content\/uploads\/2025\/09\/\u5305\u88c5\u74f6.png 434w, https:\/\/am-printing.com\/wp-content\/uploads\/2025\/09\/\u5305\u88c5\u74f6-226x300.png 226w, https:\/\/am-printing.com\/wp-content\/uploads\/2025\/09\/\u5305\u88c5\u74f6-9x12.png 9w\" sizes=\"(max-width: 434px) 100vw, 434px\" \/><\/p>\n<p>&nbsp;<\/p>","protected":false},"excerpt":{"rendered":"<p>Nichtrostender Stahl 430 ist ein ferritischer, weichmagnetischer und nicht h\u00e4rtbarer nichtrostender Stahl. Er enth\u00e4lt einen hohen Prozentsatz an Chrom mit wenig Kohlenstoff, um seine ferritische Struktur zu erhalten und seine Schwei\u00dfbarkeit und Korrosionsbest\u00e4ndigkeit zu verbessern.<\/p>","protected":false},"featured_media":914,"comment_status":"open","ping_status":"closed","template":"","meta":[],"product_brand":[],"product_cat":[43],"product_tag":[],"class_list":{"0":"post-913","1":"product","2":"type-product","3":"status-publish","4":"has-post-thumbnail","6":"product_cat-iron-based-alloy-powder","8":"first","9":"instock","10":"shipping-taxable","11":"product-type-simple"},"_links":{"self":[{"href":"https:\/\/am-printing.com\/de\/wp-json\/wp\/v2\/product\/913","targetHints":{"allow":["GET"]}}],"collection":[{"href":"https:\/\/am-printing.com\/de\/wp-json\/wp\/v2\/product"}],"about":[{"href":"https:\/\/am-printing.com\/de\/wp-json\/wp\/v2\/types\/product"}],"replies":[{"embeddable":true,"href":"https:\/\/am-printing.com\/de\/wp-json\/wp\/v2\/comments?post=913"}],"wp:featuredmedia":[{"embeddable":true,"href":"https:\/\/am-printing.com\/de\/wp-json\/wp\/v2\/media\/914"}],"wp:attachment":[{"href":"https:\/\/am-printing.com\/de\/wp-json\/wp\/v2\/media?parent=913"}],"wp:term":[{"taxonomy":"product_brand","embeddable":true,"href":"https:\/\/am-printing.com\/de\/wp-json\/wp\/v2\/product_brand?post=913"},{"taxonomy":"product_cat","embeddable":true,"href":"https:\/\/am-printing.com\/de\/wp-json\/wp\/v2\/product_cat?post=913"},{"taxonomy":"product_tag","embeddable":true,"href":"https:\/\/am-printing.com\/de\/wp-json\/wp\/v2\/product_tag?post=913"}],"curies":[{"name":"wp","href":"https:\/\/api.w.org\/{rel}","templated":true}]}}