{"id":935,"date":"2023-07-04T02:25:12","date_gmt":"2023-07-04T02:25:12","guid":{"rendered":"https:\/\/am-powder.com\/?post_type=product&#038;p=935"},"modified":"2024-10-08T02:39:47","modified_gmt":"2024-10-08T02:39:47","slug":"ti47al2cr2nb-powder","status":"publish","type":"product","link":"https:\/\/am-printing.com\/de\/ti47al2cr2nb-powder\/","title":{"rendered":"Ti47Al2Cr2Nb-Pulver"},"content":{"rendered":"<h2><strong>Produkt-Einf\u00fchrung <\/strong><\/h2>\n<p>Ti47Al2Cr2Nb ist eine Ti-Al-Legierung. Das Legieren ist ein wirksames Mittel zur Verbesserung von Legierungen auf TiAl-Basis.<\/p>\n<p>Das Element Cr kann die Oxidationsbest\u00e4ndigkeit der Legierung erheblich verbessern, w\u00e4hrend das Element Nb die Festigkeit bei hohen Temperaturen, die Duktilit\u00e4t bei Raumtemperatur, die Oxidationsbest\u00e4ndigkeit und die Warmverformbarkeit der Legierung erheblich verbessern kann.<\/p>\n<h2><strong>Produkt-Eigenschaften<\/strong><\/h2>\n<p>TiAl-Basislegierungen haben eine geringe Dichte, eine hohe spezifische Festigkeit, ausgezeichnete mechanische Eigenschaften bei hohen Temperaturen und eine gute Oxidationsbest\u00e4ndigkeit.<\/p>\n<h2>Anwendungen in der Luft- und Raumfahrttechnik<\/h2>\n<p>Die einzigartigen Eigenschaften von Ti47Al2Cr2Nb-Pulver er\u00f6ffnen eine Vielzahl von Anwendungen im Bereich der Luft- und Raumfahrttechnik. Einige bemerkenswerte Bereiche, in denen dieses revolution\u00e4re Material Anwendung findet, sind:<\/p>\n<h3>4.1 Komponenten von Flugzeugtriebwerken<\/h3>\n<p>Die au\u00dfergew\u00f6hnliche Festigkeit, das geringe Gewicht und die Hitzebest\u00e4ndigkeit von Ti47Al2Cr2Nb-Pulver machen es ideal f\u00fcr die Herstellung von Triebwerkskomponenten. Turbinenschaufeln, Brennkammerauskleidungen und andere Hochtemperaturteile profitieren von der F\u00e4higkeit der Legierung, extremen Betriebsbedingungen standzuhalten.<\/p>\n<h3>4.2 Strukturelle Komponenten<\/h3>\n<p>Ti47Al2Cr2Nb-Pulver kann zur Herstellung von Strukturkomponenten wie Fahrwerken, Fl\u00fcgelholmen und Rumpfabschnitten verwendet werden. Das hohe Festigkeits-Gewichts-Verh\u00e4ltnis des Werkstoffs erm\u00f6glicht den Bau leichter und dennoch robuster Strukturen, die zur Treibstoffeffizienz und Gesamtleistung beitragen.<\/p>\n<h2><strong>Chemische Bestandteile<\/strong><\/h2>\n<p>Chemische Bestandteile der Legierung Ti47Al2Cr2Nb(wt%)<\/p>\n<p>Gehalt Ti Al Nb Cr W Si<\/p>\n<p>at% Bal.     47 2 1 1 0.2<\/p>\n<p>W\/% Bal.     31.45 4.60 1.29 4.56 0.14<\/p>","protected":false},"excerpt":{"rendered":"<p>Ti47Al2Cr2Nb-Pulver ist ein einzigartiges Legierungspulver, das aufgrund seiner au\u00dfergew\u00f6hnlichen Eigenschaften und seines breiten Anwendungsspektrums in verschiedenen Branchen gro\u00dfe Aufmerksamkeit erregt hat. In diesem Artikel werden wir die Eigenschaften, Verwendungsm\u00f6glichkeiten und Vorteile von Ti47Al2Cr2Nb-Pulver untersuchen. Von der Luft- und Raumfahrttechnik bis hin zu biomedizinischen Anwendungen hat sich diese Pulverlegierung als unsch\u00e4tzbarer Werkstoff erwiesen. Tauchen Sie also ein und entdecken Sie die faszinierende Welt des Ti47Al2Cr2Nb-Pulvers.<\/p>","protected":false},"featured_media":936,"comment_status":"open","ping_status":"closed","template":"","meta":[],"product_brand":[],"product_cat":[15],"product_tag":[],"class_list":{"0":"post-935","1":"product","2":"type-product","3":"status-publish","4":"has-post-thumbnail","6":"product_cat-uncategorized","8":"first","9":"instock","10":"shipping-taxable","11":"product-type-simple"},"_links":{"self":[{"href":"https:\/\/am-printing.com\/de\/wp-json\/wp\/v2\/product\/935","targetHints":{"allow":["GET"]}}],"collection":[{"href":"https:\/\/am-printing.com\/de\/wp-json\/wp\/v2\/product"}],"about":[{"href":"https:\/\/am-printing.com\/de\/wp-json\/wp\/v2\/types\/product"}],"replies":[{"embeddable":true,"href":"https:\/\/am-printing.com\/de\/wp-json\/wp\/v2\/comments?post=935"}],"wp:featuredmedia":[{"embeddable":true,"href":"https:\/\/am-printing.com\/de\/wp-json\/wp\/v2\/media\/936"}],"wp:attachment":[{"href":"https:\/\/am-printing.com\/de\/wp-json\/wp\/v2\/media?parent=935"}],"wp:term":[{"taxonomy":"product_brand","embeddable":true,"href":"https:\/\/am-printing.com\/de\/wp-json\/wp\/v2\/product_brand?post=935"},{"taxonomy":"product_cat","embeddable":true,"href":"https:\/\/am-printing.com\/de\/wp-json\/wp\/v2\/product_cat?post=935"},{"taxonomy":"product_tag","embeddable":true,"href":"https:\/\/am-printing.com\/de\/wp-json\/wp\/v2\/product_tag?post=935"}],"curies":[{"name":"wp","href":"https:\/\/api.w.org\/{rel}","templated":true}]}}