{"id":962,"date":"2023-07-04T03:30:41","date_gmt":"2023-07-04T03:30:41","guid":{"rendered":"https:\/\/am-powder.com\/?post_type=product&#038;p=962"},"modified":"2024-10-08T02:39:46","modified_gmt":"2024-10-08T02:39:46","slug":"al-7075-powder","status":"publish","type":"product","link":"https:\/\/am-printing.com\/de\/al-7075-powder\/","title":{"rendered":"Al 7075 Pulver"},"content":{"rendered":"<p>In der heutigen, sich st\u00e4ndig weiterentwickelnden Welt der Werkstofftechnik hat Al 7075-Pulver aufgrund seiner au\u00dfergew\u00f6hnlichen Eigenschaften, vielf\u00e4ltigen Anwendungen und zahlreichen Vorteile gro\u00dfe Aufmerksamkeit und Anerkennung erlangt. Dieser umfassende Leitfaden befasst sich mit den Feinheiten von Al 7075-Pulver und bietet wertvolle Einblicke in seine Zusammensetzung, Eigenschaften, Anwendungen und die Vorteile, die es in verschiedenen Branchen bietet.<\/p>\n<h2>1. Einleitung<\/h2>\n<p>Aluminiumlegierungen haben aufgrund ihrer au\u00dfergew\u00f6hnlichen Festigkeit, Leichtigkeit und Korrosionsbest\u00e4ndigkeit verschiedene Branchen revolutioniert. Unter diesen Legierungen sticht Al 7075-Pulver als eine der am meisten verwendeten und vielseitigsten Optionen hervor. Ob f\u00fcr Luft- und Raumfahrtanwendungen, Automobilkomponenten oder Sportartikel, Al 7075-Pulver bietet un\u00fcbertroffene Leistung und Zuverl\u00e4ssigkeit.<\/p>\n<h2>2. Verst\u00e4ndnis von Al 7075-Pulver<\/h2>\n<p>Al 7075-Pulver ist eine hochfeste Aluminiumlegierung, die haupts\u00e4chlich aus Aluminium, Zink, Kupfer und geringen Mengen an Magnesium und Chrom besteht. Sie ist f\u00fcr ihre beeindruckenden mechanischen Eigenschaften bekannt und damit die ideale Wahl f\u00fcr Anwendungen, die Festigkeit, Haltbarkeit und geringes Gewicht erfordern. Al 7075-Pulver wird in der Regel durch einen Zerst\u00e4ubungsprozess hergestellt, bei dem geschmolzenes Aluminium verspr\u00fcht und zu feinen Pulverpartikeln verfestigt wird.<\/p>\n<h2>3. Eigenschaften von Al 7075-Pulver<\/h2>\n<h3>St\u00e4rke und Langlebigkeit<\/h3>\n<p>Al 7075-Pulver weist eine au\u00dfergew\u00f6hnliche Festigkeit auf, die mit der vieler St\u00e4hle konkurriert. Es hat eine Zugfestigkeit von 570 MPa (83 ksi) und eine Streckgrenze von 503 MPa (73 ksi). Dank dieser hohen Festigkeit kann es schweren Belastungen standhalten und sich nicht verformen, so dass es sich f\u00fcr Strukturbauteile in verschiedenen Branchen eignet.<\/p>\n<h3>Leichte Komposition<\/h3>\n<p>Trotz seiner beeindruckenden Festigkeit ist Al 7075-Pulver mit einer Dichte von 2,81 g\/cm\u00b3 (0,101 lb\/in\u00b3) unglaublich leicht. Sein geringes Verh\u00e4ltnis von Gewicht zu Festigkeit erm\u00f6glicht die Konstruktion leichter und kraftstoffeffizienter Produkte ohne Beeintr\u00e4chtigung der strukturellen Integrit\u00e4t.<\/p>\n<h3>Korrosionsbest\u00e4ndigkeit<\/h3>\n<p>Al 7075-Pulver verf\u00fcgt \u00fcber eine ausgezeichnete Korrosionsbest\u00e4ndigkeit, insbesondere in Umgebungen, in denen andere Metalle anf\u00e4llig f\u00fcr Zersetzung w\u00e4ren. Diese Eigenschaft ist wichtig f\u00fcr Anwendungen in der Schifffahrt, der Luft- und Raumfahrt und der Automobilindustrie, wo es h\u00e4ufig Feuchtigkeit, Salzwasser und rauen Wetterbedingungen ausgesetzt ist.<\/p>\n<h3>W\u00e4rmebehandelbarkeit<\/h3>\n<p>Eine weitere bemerkenswerte Eigenschaft von Al 7075-Pulver ist seine W\u00e4rmebehandelbarkeit. Es kann verschiedenen W\u00e4rmebehandlungsverfahren unterzogen werden, um seine mechanischen Eigenschaften wie H\u00e4rte, Z\u00e4higkeit und Erm\u00fcdungsbest\u00e4ndigkeit weiter zu verbessern. Diese Vielseitigkeit der W\u00e4rmebehandlungsoptionen erm\u00f6glicht es den Herstellern, das Material auf spezifische Anwendungsanforderungen zuzuschneiden.<\/p>\n<h2>4. Anwendungen von Al 7075-Pulver<\/h2>\n<h3>Luft- und Raumfahrtindustrie<\/h3>\n<p>Die Luft- und Raumfahrtindustrie verl\u00e4sst sich bei der Herstellung kritischer Komponenten wie Flugzeugstrukturen, Tragfl\u00e4chen, R\u00fcmpfen und Triebwerksteilen in hohem Ma\u00dfe auf Al 7075-Pulver. Seine hohe Festigkeit, sein geringes Gewicht und seine au\u00dfergew\u00f6hnliche Erm\u00fcdungsbest\u00e4ndigkeit machen es zur idealen Wahl f\u00fcr diese anspruchsvollen Anwendungen und gew\u00e4hrleisten die Sicherheit und Zuverl\u00e4ssigkeit von Flugzeugen.<\/p>\n<h3>Automobilsektor<\/h3>\n<p>Im Automobilsektor findet Al 7075-Pulver Anwendung bei der Herstellung von leichten Karosserieteilen, Fahrwerkskomponenten und Aufh\u00e4ngungsteilen. Durch den Einsatz dieser Legierung k\u00f6nnen Automobilhersteller das Fahrzeuggewicht reduzieren, die Kraftstoffeffizienz erh\u00f6hen und die Gesamtleistung verbessern, w\u00e4hrend die strukturelle Integrit\u00e4t erhalten bleibt.<\/p>\n<h3>Sportartikel<\/h3>\n<p>Al 7075-Pulver spielt eine wichtige Rolle bei der Herstellung von Sportartikeln wie Fahrradrahmen, Tennisschl\u00e4gern und Kletterausr\u00fcstung. Seine Kombination aus Festigkeit, Leichtigkeit und Haltbarkeit erm\u00f6glicht es Sportlern, Spitzenleistungen zu erbringen und gleichzeitig eine zuverl\u00e4ssige und langlebige Ausr\u00fcstung zu verwenden.<\/p>\n<h3>Verteidigung und milit\u00e4rische Anwendungen<\/h3>\n<p>Aufgrund seines ausgezeichneten Verh\u00e4ltnisses von Festigkeit zu Gewicht und seiner Widerstandsf\u00e4higkeit gegen\u00fcber St\u00f6\u00dfen und Erm\u00fcdung wird Al 7075-Pulver in gro\u00dfem Umfang im Verteidigungs- und Milit\u00e4rsektor verwendet. Es wird bei der Herstellung von gepanzerten Fahrzeugen, Milit\u00e4rflugzeugen und Waffensystemen eingesetzt, bei denen die Zuverl\u00e4ssigkeit und Leistung der Materialien von gr\u00f6\u00dfter Bedeutung sind.<\/p>\n<h2>5. Vorteile von Al 7075-Pulver<\/h2>\n<h3>Hohes Festigkeits-Gewichts-Verh\u00e4ltnis<\/h3>\n<p>Al 7075-Pulver bietet ein hervorragendes Verh\u00e4ltnis zwischen Festigkeit und Gewicht, das das der meisten herk\u00f6mmlichen Materialien \u00fcbertrifft. Dieser Vorteil erm\u00f6glicht es den Herstellern, leichte Produkte zu entwerfen und zu fertigen, ohne die Festigkeit zu beeintr\u00e4chtigen, was zu einer verbesserten Leistung und einem geringeren Kraftstoffverbrauch f\u00fchrt.<\/p>\n<h3>Erh\u00f6hte Erm\u00fcdungsbest\u00e4ndigkeit<\/h3>\n<p>Die Erm\u00fcdungsbest\u00e4ndigkeit von Al 7075-Pulver ist au\u00dfergew\u00f6hnlich und erm\u00f6glicht es, wiederholten Belastungen und zyklischen Beanspruchungen ohne Versagen zu widerstehen. Diese Eigenschaft ist von entscheidender Bedeutung f\u00fcr Anwendungen, bei denen die Bauteile st\u00e4ndigen Vibrationen ausgesetzt sind, wie z. B. in der Luft- und Raumfahrt und in der Automobilindustrie, um eine l\u00e4ngere Lebensdauer und h\u00f6here Zuverl\u00e4ssigkeit zu gew\u00e4hrleisten.<\/p>\n<h3>Vielseitigkeit im Design<\/h3>\n<p>Die Verformbarkeit und Formbarkeit von Al 7075-Pulver erm\u00f6glicht komplexe Formen und komplizierte Designs. Hersteller k\u00f6nnen kundenspezifische Komponenten mit Pr\u00e4zision herstellen und so die \u00c4sthetik, Funktionalit\u00e4t und allgemeine Attraktivit\u00e4t ihrer Produkte verbessern.<\/p>\n<h3>Hervorragende Schwei\u00dfeignung<\/h3>\n<p>Al 7075-Pulver weist eine ausgezeichnete Schwei\u00dfbarkeit auf, die eine einfache Verbindung mit anderen Aluminiumlegierungen erm\u00f6glicht und die Fertigungsprozesse vereinfacht. Diese Eigenschaft ist in Branchen von Vorteil, in denen die Montage mehrerer Komponenten erforderlich ist, wie z. B. in der Luft- und Raumfahrt und im Automobilbau.<\/p>\n<h2>6. Schlussfolgerung<\/h2>\n<p>Al 7075-Pulver hat sich als vielseitige und hochleistungsf\u00e4hige Aluminiumlegierung etabliert, die in verschiedenen Branchen breite Anwendung findet. Seine au\u00dfergew\u00f6hnlichen Eigenschaften wie Festigkeit, geringes Gewicht, Korrosionsbest\u00e4ndigkeit und W\u00e4rmebehandelbarkeit machen es zu einer idealen Wahl f\u00fcr kritische Anwendungen in der Luft- und Raumfahrt, im Automobilbau, bei Sportartikeln und im Verteidigungssektor. Durch die Verwendung von Al 7075-Pulver k\u00f6nnen Hersteller innovative, zuverl\u00e4ssige und hochwertige Produkte herstellen, die den sich st\u00e4ndig weiterentwickelnden Anforderungen der modernen Industrie gerecht werden.<\/p>\n<h2>FAQs<\/h2>\n<h3>FAQ 1: Ist Al 7075-Pulver f\u00fcr Schiffsanwendungen geeignet?<\/h3>\n<p>Ja, Al 7075-Pulver weist eine ausgezeichnete Korrosionsbest\u00e4ndigkeit auf und eignet sich daher f\u00fcr den Einsatz in der Schifffahrt, wo es h\u00e4ufig Salzwasser und rauen Umgebungen ausgesetzt ist.<\/p>\n<h3>FAQ 2: Kann Al 7075-Pulver f\u00fcr die additive Fertigung verwendet werden?<\/h3>\n<p>Ja, Al 7075-Pulver kann in additiven Fertigungsverfahren wie dem selektiven Laserschmelzen (SLM) und dem Pulverbettschmelzen (PBF) verwendet werden, um komplexe und kundenspezifische Bauteile herzustellen.<\/p>\n<h3>FAQ 3: Wie hoch sind die Kosten f\u00fcr Al 7075-Pulver im Vergleich zu anderen Aluminiumlegierungen?<\/h3>\n<p>Die Kosten f\u00fcr Al 7075-Pulver k\u00f6nnen je nach Marktbedingungen und spezifischen Anforderungen variieren. Im Allgemeinen gilt es aufgrund seiner au\u00dfergew\u00f6hnlichen Eigenschaften und Leistungen als Premium-Legierung.<\/p>\n<h3>FAQ 4: Wie wirkt sich der W\u00e4rmebehandlungsprozess auf die Eigenschaften von Al 7075-Pulver aus?<\/h3>\n<p>Der W\u00e4rmebehandlungsprozess kann die mechanischen Eigenschaften von Al 7075-Pulver, einschlie\u00dflich H\u00e4rte, Festigkeit und Z\u00e4higkeit, erheblich beeinflussen. Die richtige W\u00e4rmebehandlung kann die Leistung der Legierung f\u00fcr bestimmte Anwendungen optimieren.<\/p>\n<h3>FAQ 5: Gibt es Sicherheitsaspekte beim Umgang mit Al 7075-Pulver?<\/h3>\n<p>Ja, bei der Handhabung von Al 7075-Pulver sind unbedingt angemessene Sicherheitsvorkehrungen zu treffen, einschlie\u00dflich des Tragens von Schutzausr\u00fcstung und der Gew\u00e4hrleistung einer angemessenen Bel\u00fcftung, um die Exposition gegen\u00fcber Feinpartikeln w\u00e4hrend der Verarbeitung zu minimieren.<\/p>","protected":false},"excerpt":{"rendered":"<p>Al 7075-Pulver ist eine hochfeste Aluminiumlegierung, die haupts\u00e4chlich aus Aluminium, Zink, Kupfer und geringen Mengen an Magnesium und Chrom besteht. Sie ist f\u00fcr ihre beeindruckenden mechanischen Eigenschaften bekannt und damit die ideale Wahl f\u00fcr Anwendungen, die Festigkeit, Haltbarkeit und geringes Gewicht erfordern. Al 7075-Pulver wird in der Regel durch einen Zerst\u00e4ubungsprozess hergestellt, bei dem geschmolzenes Aluminium verspr\u00fcht und zu feinen Pulverpartikeln verfestigt wird.<\/p>","protected":false},"featured_media":963,"comment_status":"open","ping_status":"closed","template":"","meta":[],"product_brand":[],"product_cat":[41,16,45],"product_tag":[],"class_list":{"0":"post-962","1":"product","2":"type-product","3":"status-publish","4":"has-post-thumbnail","6":"product_cat-3d-prining-metal-powder","7":"product_cat-additive-manufacturing-powder","8":"product_cat-aluminum-based-alloy-powder","10":"first","11":"instock","12":"shipping-taxable","13":"product-type-simple"},"_links":{"self":[{"href":"https:\/\/am-printing.com\/de\/wp-json\/wp\/v2\/product\/962","targetHints":{"allow":["GET"]}}],"collection":[{"href":"https:\/\/am-printing.com\/de\/wp-json\/wp\/v2\/product"}],"about":[{"href":"https:\/\/am-printing.com\/de\/wp-json\/wp\/v2\/types\/product"}],"replies":[{"embeddable":true,"href":"https:\/\/am-printing.com\/de\/wp-json\/wp\/v2\/comments?post=962"}],"wp:featuredmedia":[{"embeddable":true,"href":"https:\/\/am-printing.com\/de\/wp-json\/wp\/v2\/media\/963"}],"wp:attachment":[{"href":"https:\/\/am-printing.com\/de\/wp-json\/wp\/v2\/media?parent=962"}],"wp:term":[{"taxonomy":"product_brand","embeddable":true,"href":"https:\/\/am-printing.com\/de\/wp-json\/wp\/v2\/product_brand?post=962"},{"taxonomy":"product_cat","embeddable":true,"href":"https:\/\/am-printing.com\/de\/wp-json\/wp\/v2\/product_cat?post=962"},{"taxonomy":"product_tag","embeddable":true,"href":"https:\/\/am-printing.com\/de\/wp-json\/wp\/v2\/product_tag?post=962"}],"curies":[{"name":"wp","href":"https:\/\/api.w.org\/{rel}","templated":true}]}}